{"id":751709,"date":"2025-08-28T04:56:32","date_gmt":"2025-08-28T01:56:32","guid":{"rendered":"https:\/\/roveyayinevi.com.tr\/index.php\/urun\/abbalon\/"},"modified":"2026-04-16T03:04:52","modified_gmt":"2026-04-16T00:04:52","slug":"abbalon","status":"publish","type":"product","link":"https:\/\/roveyayinevi.com.tr\/index.php\/urun\/abbalon\/","title":{"rendered":"Abbalon"},"content":{"rendered":"<p>Abbalon Oyununun Amac\u0131 do\u011fru bir strateji ile rakibinizin 6 adet topunu oyun alan\u0131n\u0131n d\u0131\u015f\u0131na atmakt\u0131r. Abbalon 2 ki\u015fi taraf\u0131ndan oynan\u0131r. Oyuna ba\u015flamadan \u00f6nce her 2 oyuncu da kendilerine verilmi\u015f olan ta\u015flar\u0131n\u0131 ilk s\u0131raya 5, ikinci s\u0131raya 6 ve \u00fc\u00e7\u00fcnc\u00fc s\u0131raya 3 ta\u015f gelecek bi\u00e7imde yerle\u015ftirir. Her topun gidebilece\u011fi 6 y\u00f6n vard\u0131r. Tekli, ikili ya da \u00fc\u00e7l\u00fc \u015fekilde toplar\u0131n\u0131z\u0131 hareket ettirebilirsiniz. Oyuncular, s\u0131ra kendilerine geldi\u011finde ta\u015flar\u0131n\u0131 yaln\u0131zca bir birim hareket ettirebilirler. Oyunu kazanmak isteyen oyuncular rakip oyuncunun ta\u015flar\u0131n\u0131 ittirmeye \u00e7al\u0131\u015fmal\u0131d\u0131rlar&#8230; 3 top 1 topu itebilir, 3 top 2 topu itebilir ve 2 top 1 topu itebilir. 3 top 3 topu, 2 top 2 topu ya da 1 top 1 topu itemez. Kilitlenen ta\u015f\u0131n\u0131z\u0131n kilidini a\u00e7mak i\u00e7in ta\u015f\u0131n\u0131z\u0131 hareket ettirmelisiniz. \u0130yi e\u011flenceler\u2026<\/p>\n","protected":false},"excerpt":{"rendered":"<p>Abbalon Oyununun Amac\u0131 do\u011fru bir strateji ile rakibinizin 6 adet topunu oyun alan\u0131n\u0131n d\u0131\u015f\u0131na atmakt\u0131r. Abbalon 2 ki\u015fi taraf\u0131ndan oynan\u0131r. Oyuna ba\u015flamadan \u00f6nce her 2 oyuncu<span class=\"excerpt-hellip\"> [\u2026]<\/span><\/p>\n","protected":false},"featured_media":0,"template":"","meta":{"_monsterinsights_skip_tracking":false,"_monsterinsights_sitenote_active":false,"_monsterinsights_sitenote_note":"","_monsterinsights_sitenote_category":0},"product_brand":[],"product_cat":[28265,15563],"product_tag":[],"class_list":{"0":"post-751709","1":"product","2":"type-product","3":"status-publish","5":"product_cat-diger-hobi","6":"product_cat-hobi","7":"pa_cilt-ciltsiz","8":"pa_tur-kitap20","9":"pa_yayinevi-aklimda-zeka-oyunlari","10":"pa_yazar-kolektif","12":"first","13":"instock","14":"sale","15":"shipping-taxable","16":"purchasable","17":"product-type-simple"},"_links":{"self":[{"href":"https:\/\/roveyayinevi.com.tr\/index.php\/wp-json\/wp\/v2\/product\/751709","targetHints":{"allow":["GET"]}}],"collection":[{"href":"https:\/\/roveyayinevi.com.tr\/index.php\/wp-json\/wp\/v2\/product"}],"about":[{"href":"https:\/\/roveyayinevi.com.tr\/index.php\/wp-json\/wp\/v2\/types\/product"}],"wp:attachment":[{"href":"https:\/\/roveyayinevi.com.tr\/index.php\/wp-json\/wp\/v2\/media?parent=751709"}],"wp:term":[{"taxonomy":"product_brand","embeddable":true,"href":"https:\/\/roveyayinevi.com.tr\/index.php\/wp-json\/wp\/v2\/product_brand?post=751709"},{"taxonomy":"product_cat","embeddable":true,"href":"https:\/\/roveyayinevi.com.tr\/index.php\/wp-json\/wp\/v2\/product_cat?post=751709"},{"taxonomy":"product_tag","embeddable":true,"href":"https:\/\/roveyayinevi.com.tr\/index.php\/wp-json\/wp\/v2\/product_tag?post=751709"}],"curies":[{"name":"wp","href":"https:\/\/api.w.org\/{rel}","templated":true}]}}