{"id":751708,"date":"2025-08-28T04:56:31","date_gmt":"2025-08-28T01:56:31","guid":{"rendered":"https:\/\/roveyayinevi.com.tr\/index.php\/urun\/aklimda-bardaklar\/"},"modified":"2026-04-16T03:04:52","modified_gmt":"2026-04-16T00:04:52","slug":"aklimda-bardaklar","status":"publish","type":"product","link":"https:\/\/roveyayinevi.com.tr\/index.php\/urun\/aklimda-bardaklar\/","title":{"rendered":"Akl\u0131mda Bardaklar"},"content":{"rendered":"<p>Akl\u0131mda Bardaklar oyununda ama\u00e7 oyun kutusunda mevcut olan kartlarda yer alan g\u00f6revi en h\u0131zl\u0131 \u015fekilde yapmaya \u00e7al\u0131\u015fmakt\u0131r.  Oyun i\u00e7eri\u011fi 30 adet bardak (be\u015f farkl\u0131 renkte, toplam 6 set), 55 resimli g\u00f6rev kart\u0131 ve 1 adet zilden olu\u015fmaktad\u0131r. \u0130yi e\u011flenceler\u2026<\/p>\n","protected":false},"excerpt":{"rendered":"<p>Akl\u0131mda Bardaklar oyununda ama\u00e7 oyun kutusunda mevcut olan kartlarda yer alan g\u00f6revi en h\u0131zl\u0131 \u015fekilde yapmaya \u00e7al\u0131\u015fmakt\u0131r. Oyun i\u00e7eri\u011fi 30 adet bardak (be\u015f farkl\u0131 renkte, toplam<span class=\"excerpt-hellip\"> [\u2026]<\/span><\/p>\n","protected":false},"featured_media":0,"template":"","meta":{"_monsterinsights_skip_tracking":false,"_monsterinsights_sitenote_active":false,"_monsterinsights_sitenote_note":"","_monsterinsights_sitenote_category":0},"product_brand":[],"product_cat":[28265,15563],"product_tag":[],"class_list":{"0":"post-751708","1":"product","2":"type-product","3":"status-publish","5":"product_cat-diger-hobi","6":"product_cat-hobi","7":"pa_cilt-ciltsiz","8":"pa_tur-kitap20","9":"pa_yayinevi-aklimda-zeka-oyunlari","10":"pa_yazar-kolektif","12":"first","13":"instock","14":"sale","15":"shipping-taxable","16":"purchasable","17":"product-type-simple"},"_links":{"self":[{"href":"https:\/\/roveyayinevi.com.tr\/index.php\/wp-json\/wp\/v2\/product\/751708","targetHints":{"allow":["GET"]}}],"collection":[{"href":"https:\/\/roveyayinevi.com.tr\/index.php\/wp-json\/wp\/v2\/product"}],"about":[{"href":"https:\/\/roveyayinevi.com.tr\/index.php\/wp-json\/wp\/v2\/types\/product"}],"wp:attachment":[{"href":"https:\/\/roveyayinevi.com.tr\/index.php\/wp-json\/wp\/v2\/media?parent=751708"}],"wp:term":[{"taxonomy":"product_brand","embeddable":true,"href":"https:\/\/roveyayinevi.com.tr\/index.php\/wp-json\/wp\/v2\/product_brand?post=751708"},{"taxonomy":"product_cat","embeddable":true,"href":"https:\/\/roveyayinevi.com.tr\/index.php\/wp-json\/wp\/v2\/product_cat?post=751708"},{"taxonomy":"product_tag","embeddable":true,"href":"https:\/\/roveyayinevi.com.tr\/index.php\/wp-json\/wp\/v2\/product_tag?post=751708"}],"curies":[{"name":"wp","href":"https:\/\/api.w.org\/{rel}","templated":true}]}}