{"id":751706,"date":"2025-08-28T04:56:30","date_gmt":"2025-08-28T01:56:30","guid":{"rendered":"https:\/\/roveyayinevi.com.tr\/index.php\/urun\/dedektif-plus\/"},"modified":"2026-04-16T03:04:52","modified_gmt":"2026-04-16T00:04:52","slug":"dedektif-plus","status":"publish","type":"product","link":"https:\/\/roveyayinevi.com.tr\/index.php\/urun\/dedektif-plus\/","title":{"rendered":"Dedektif Plus"},"content":{"rendered":"<p>Dedektif oyununda bulunan kartlar arka taraflar\u0131 g\u00f6r\u00fclecek \u015fekilde \u00fcst \u00fcste dizilir. Daha sonra 9 par\u00e7adan olu\u015fan 15&#215;21 cm uzunlu\u011fundaki bas\u0131lm\u0131\u015f \u015fekiller 63&#215;45 cm olu\u015fturacak \u015fekilde ortaya yerle\u015ftirilir. Zil de herkesin uzanabilece\u011fi \u015fekilde mukavva zeminde zil resmi bulunan k\u0131sma yerle\u015ftirilir. S\u0131ras\u0131yla en \u00fcstteki karttan ba\u015flanarak kart \u00e7evrilir. Oyun kart\u0131ndaki \u015fekil g\u00f6r\u00fcld\u00fckten sonra zeminde bulunan mukavva ka\u011f\u0131tta \u015fekli ilk bulan zile basar. Kart oyunu kazanan ki\u015fide kal\u0131r. En \u00e7ok puan\u0131 toplayan oyunu kazan\u0131r. \u0130yi e\u011flenceler\u2026<\/p>\n","protected":false},"excerpt":{"rendered":"<p>Dedektif oyununda bulunan kartlar arka taraflar\u0131 g\u00f6r\u00fclecek \u015fekilde \u00fcst \u00fcste dizilir. Daha sonra 9 par\u00e7adan olu\u015fan 15&#215;21 cm uzunlu\u011fundaki bas\u0131lm\u0131\u015f \u015fekiller 63&#215;45 cm olu\u015fturacak \u015fekilde ortaya<span class=\"excerpt-hellip\"> [\u2026]<\/span><\/p>\n","protected":false},"featured_media":0,"template":"","meta":{"_monsterinsights_skip_tracking":false,"_monsterinsights_sitenote_active":false,"_monsterinsights_sitenote_note":"","_monsterinsights_sitenote_category":0},"product_brand":[],"product_cat":[28265,15563],"product_tag":[],"class_list":{"0":"post-751706","1":"product","2":"type-product","3":"status-publish","5":"product_cat-diger-hobi","6":"product_cat-hobi","7":"pa_cilt-ciltsiz","8":"pa_tur-kitap20","9":"pa_yayinevi-aklimda-zeka-oyunlari","10":"pa_yazar-kolektif","12":"first","13":"instock","14":"sale","15":"shipping-taxable","16":"purchasable","17":"product-type-simple"},"_links":{"self":[{"href":"https:\/\/roveyayinevi.com.tr\/index.php\/wp-json\/wp\/v2\/product\/751706","targetHints":{"allow":["GET"]}}],"collection":[{"href":"https:\/\/roveyayinevi.com.tr\/index.php\/wp-json\/wp\/v2\/product"}],"about":[{"href":"https:\/\/roveyayinevi.com.tr\/index.php\/wp-json\/wp\/v2\/types\/product"}],"wp:attachment":[{"href":"https:\/\/roveyayinevi.com.tr\/index.php\/wp-json\/wp\/v2\/media?parent=751706"}],"wp:term":[{"taxonomy":"product_brand","embeddable":true,"href":"https:\/\/roveyayinevi.com.tr\/index.php\/wp-json\/wp\/v2\/product_brand?post=751706"},{"taxonomy":"product_cat","embeddable":true,"href":"https:\/\/roveyayinevi.com.tr\/index.php\/wp-json\/wp\/v2\/product_cat?post=751706"},{"taxonomy":"product_tag","embeddable":true,"href":"https:\/\/roveyayinevi.com.tr\/index.php\/wp-json\/wp\/v2\/product_tag?post=751706"}],"curies":[{"name":"wp","href":"https:\/\/api.w.org\/{rel}","templated":true}]}}