{"id":751705,"date":"2025-08-28T04:56:29","date_gmt":"2025-08-28T01:56:29","guid":{"rendered":"https:\/\/roveyayinevi.com.tr\/index.php\/urun\/hedef-5\/"},"modified":"2026-04-16T03:04:52","modified_gmt":"2026-04-16T00:04:52","slug":"hedef-5","status":"publish","type":"product","link":"https:\/\/roveyayinevi.com.tr\/index.php\/urun\/hedef-5\/","title":{"rendered":"Hedef 5"},"content":{"rendered":"<p>\u0130ki ki\u015fi aras\u0131nda oynanan rekabete dayal\u0131 strateji oyunu Hedef 5 oyunu 21 adet beyaz ve 21 adet siyah pul ile oynanan bir oyundur.  Hedef 5 Oyunu 7&#215;6 oyun alan\u0131 ile oynanan bir oyundur.  S\u0131ras\u0131 gelen oyuncu ah\u015fap pullar\u0131 7 bo\u015f yerden birine atar.  Dikey, yatay veya \u00e7apraz olarak ilk be\u015fli grubu yapan oyuncu oyunu kazan\u0131r. Ayn\u0131 zamanda en \u00e7ok be\u015fli grup yapan oyuncu kazan\u0131r \u015feklinde de oynan\u0131r.  \u0130yi e\u011flenceler\u2026<\/p>\n","protected":false},"excerpt":{"rendered":"<p>\u0130ki ki\u015fi aras\u0131nda oynanan rekabete dayal\u0131 strateji oyunu Hedef 5 oyunu 21 adet beyaz ve 21 adet siyah pul ile oynanan bir oyundur. Hedef 5 Oyunu<span class=\"excerpt-hellip\"> [\u2026]<\/span><\/p>\n","protected":false},"featured_media":0,"template":"","meta":{"_monsterinsights_skip_tracking":false,"_monsterinsights_sitenote_active":false,"_monsterinsights_sitenote_note":"","_monsterinsights_sitenote_category":0},"product_brand":[],"product_cat":[28265,15563],"product_tag":[],"class_list":{"0":"post-751705","1":"product","2":"type-product","3":"status-publish","5":"product_cat-diger-hobi","6":"product_cat-hobi","7":"pa_cilt-ciltsiz","8":"pa_tur-kitap20","9":"pa_yayinevi-aklimda-zeka-oyunlari","10":"pa_yazar-kolektif","12":"first","13":"instock","14":"sale","15":"shipping-taxable","16":"purchasable","17":"product-type-simple"},"_links":{"self":[{"href":"https:\/\/roveyayinevi.com.tr\/index.php\/wp-json\/wp\/v2\/product\/751705","targetHints":{"allow":["GET"]}}],"collection":[{"href":"https:\/\/roveyayinevi.com.tr\/index.php\/wp-json\/wp\/v2\/product"}],"about":[{"href":"https:\/\/roveyayinevi.com.tr\/index.php\/wp-json\/wp\/v2\/types\/product"}],"wp:attachment":[{"href":"https:\/\/roveyayinevi.com.tr\/index.php\/wp-json\/wp\/v2\/media?parent=751705"}],"wp:term":[{"taxonomy":"product_brand","embeddable":true,"href":"https:\/\/roveyayinevi.com.tr\/index.php\/wp-json\/wp\/v2\/product_brand?post=751705"},{"taxonomy":"product_cat","embeddable":true,"href":"https:\/\/roveyayinevi.com.tr\/index.php\/wp-json\/wp\/v2\/product_cat?post=751705"},{"taxonomy":"product_tag","embeddable":true,"href":"https:\/\/roveyayinevi.com.tr\/index.php\/wp-json\/wp\/v2\/product_tag?post=751705"}],"curies":[{"name":"wp","href":"https:\/\/api.w.org\/{rel}","templated":true}]}}