{"id":751704,"date":"2025-08-28T04:56:28","date_gmt":"2025-08-28T01:56:28","guid":{"rendered":"https:\/\/roveyayinevi.com.tr\/index.php\/urun\/a-rip-in-the-sea-new-responsibilities-for-business\/"},"modified":"2026-04-16T03:04:52","modified_gmt":"2026-04-16T00:04:52","slug":"a-rip-in-the-sea-new-responsibilities-for-business","status":"publish","type":"product","link":"https:\/\/roveyayinevi.com.tr\/index.php\/urun\/a-rip-in-the-sea-new-responsibilities-for-business\/","title":{"rendered":"A Rip In The Sea &#8211; New Responsibilities For Business"},"content":{"rendered":"<p>What do business leaders really do? What new responsibilities do we face? How can we be part of solving local and global challenges? What\u2019s next for Turkey, \u201cthe world\u2019s best-kept secret\u201d?   B\u00fclent Eczac\u0131ba\u015f\u0131 asks these probing questions and many others while examining management and family business, Turkey\u2019s idiosyncratic economy, global sustainability, civic engagement, and the foundational role of the arts and culture. Against the backdrop of momentous change in Turkey over the last century, he reflects on a family legacy of turning business success into a driving force for societal development. Weighing his own experience in dialogue with academic experts, B\u00fclent Eczac\u0131ba\u015f\u0131 explores the crucial role for businesspeople in confronting the local and global challenges that lie ahead. \u201cA Rip in the Sea\u201d is for people interested in the business world and especially for young people just starting out in business life, or those considering a career in business. <\/p>\n","protected":false},"excerpt":{"rendered":"<p>What do business leaders really do? What new responsibilities do we face? How can we be part of solving local and global challenges? What\u2019s next for<span class=\"excerpt-hellip\"> [\u2026]<\/span><\/p>\n","protected":false},"featured_media":0,"template":"","meta":{"_monsterinsights_skip_tracking":false,"_monsterinsights_sitenote_active":false,"_monsterinsights_sitenote_note":"","_monsterinsights_sitenote_category":0},"product_brand":[],"product_cat":[13043,17647],"product_tag":[],"class_list":{"0":"post-751704","1":"product","2":"type-product","3":"status-publish","5":"product_cat-ekonomi","6":"product_cat-is-dunyasi","7":"pa_cilt-ciltsiz","8":"pa_tur-kitap","9":"pa_yayinevi-yapi-kredi-yayinlari","10":"pa_yazar-bulent-eczacibasi","12":"first","13":"instock","14":"sale","15":"shipping-taxable","16":"purchasable","17":"product-type-simple"},"_links":{"self":[{"href":"https:\/\/roveyayinevi.com.tr\/index.php\/wp-json\/wp\/v2\/product\/751704","targetHints":{"allow":["GET"]}}],"collection":[{"href":"https:\/\/roveyayinevi.com.tr\/index.php\/wp-json\/wp\/v2\/product"}],"about":[{"href":"https:\/\/roveyayinevi.com.tr\/index.php\/wp-json\/wp\/v2\/types\/product"}],"wp:attachment":[{"href":"https:\/\/roveyayinevi.com.tr\/index.php\/wp-json\/wp\/v2\/media?parent=751704"}],"wp:term":[{"taxonomy":"product_brand","embeddable":true,"href":"https:\/\/roveyayinevi.com.tr\/index.php\/wp-json\/wp\/v2\/product_brand?post=751704"},{"taxonomy":"product_cat","embeddable":true,"href":"https:\/\/roveyayinevi.com.tr\/index.php\/wp-json\/wp\/v2\/product_cat?post=751704"},{"taxonomy":"product_tag","embeddable":true,"href":"https:\/\/roveyayinevi.com.tr\/index.php\/wp-json\/wp\/v2\/product_tag?post=751704"}],"curies":[{"name":"wp","href":"https:\/\/api.w.org\/{rel}","templated":true}]}}