{"id":751703,"date":"2025-08-28T04:56:27","date_gmt":"2025-08-28T01:56:27","guid":{"rendered":"https:\/\/roveyayinevi.com.tr\/index.php\/urun\/piramit-4\/"},"modified":"2026-04-16T03:04:52","modified_gmt":"2026-04-16T00:04:52","slug":"piramit-4","status":"publish","type":"product","link":"https:\/\/roveyayinevi.com.tr\/index.php\/urun\/piramit-4\/","title":{"rendered":"Piramit"},"content":{"rendered":"<p>Piramit oyunu 3 kuraldan olu\u015fan bir oyundur. \u0130ki oyuncu farkl\u0131 renklerdeki ta\u015flar\u0131 sahiplenir, s\u0131ra ile oynan\u0131r. Kuleye en son ta\u015f\u0131 yerle\u015ftiren yani piramit yapan oyunu kazan\u0131r. KURALLAR: 1. Kural: Yatay ve dikey 4 ta\u015f\u0131 bir araya getiren oyuncu iki ta\u015f\u0131n\u0131 geri \u00e7ekebilir. 2. Kural: Yan yana ayn\u0131 renkte kare yapan oyuncu iki ta\u015f\u0131n\u0131 geri \u00e7ekebilir. 3. Kural: \u0130\u00e7erideki ta\u015f\u0131 oyun tahtas\u0131 \u00fczerinde kare olu\u015fana kadar oynayam\u0131yorsunuz. Her kare olu\u015funca i\u00e7erideki ta\u015f\u0131 kare \u00fczerine alabiliyorsunuz ama piramitten yani kare \u00fczerinden geri alam\u0131yorsunuz. Bu kurallar \u00e7er\u00e7evesinde piramidi olu\u015fturup en son ta\u015f\u0131 koyan oyuncu kazan\u0131r.  \u0130yi e\u011flenceler\u2026<\/p>\n","protected":false},"excerpt":{"rendered":"<p>Piramit oyunu 3 kuraldan olu\u015fan bir oyundur. \u0130ki oyuncu farkl\u0131 renklerdeki ta\u015flar\u0131 sahiplenir, s\u0131ra ile oynan\u0131r. Kuleye en son ta\u015f\u0131 yerle\u015ftiren yani piramit yapan oyunu kazan\u0131r.<span class=\"excerpt-hellip\"> [\u2026]<\/span><\/p>\n","protected":false},"featured_media":0,"template":"","meta":{"_monsterinsights_skip_tracking":false,"_monsterinsights_sitenote_active":false,"_monsterinsights_sitenote_note":"","_monsterinsights_sitenote_category":0},"product_brand":[],"product_cat":[28265,15563],"product_tag":[],"class_list":{"0":"post-751703","1":"product","2":"type-product","3":"status-publish","5":"product_cat-diger-hobi","6":"product_cat-hobi","7":"pa_cilt-ciltsiz","8":"pa_tur-kitap20","9":"pa_yayinevi-aklimda-zeka-oyunlari","10":"pa_yazar-kolektif","12":"first","13":"instock","14":"sale","15":"shipping-taxable","16":"purchasable","17":"product-type-simple"},"_links":{"self":[{"href":"https:\/\/roveyayinevi.com.tr\/index.php\/wp-json\/wp\/v2\/product\/751703","targetHints":{"allow":["GET"]}}],"collection":[{"href":"https:\/\/roveyayinevi.com.tr\/index.php\/wp-json\/wp\/v2\/product"}],"about":[{"href":"https:\/\/roveyayinevi.com.tr\/index.php\/wp-json\/wp\/v2\/types\/product"}],"wp:attachment":[{"href":"https:\/\/roveyayinevi.com.tr\/index.php\/wp-json\/wp\/v2\/media?parent=751703"}],"wp:term":[{"taxonomy":"product_brand","embeddable":true,"href":"https:\/\/roveyayinevi.com.tr\/index.php\/wp-json\/wp\/v2\/product_brand?post=751703"},{"taxonomy":"product_cat","embeddable":true,"href":"https:\/\/roveyayinevi.com.tr\/index.php\/wp-json\/wp\/v2\/product_cat?post=751703"},{"taxonomy":"product_tag","embeddable":true,"href":"https:\/\/roveyayinevi.com.tr\/index.php\/wp-json\/wp\/v2\/product_tag?post=751703"}],"curies":[{"name":"wp","href":"https:\/\/api.w.org\/{rel}","templated":true}]}}