{"id":751702,"date":"2025-08-28T04:56:26","date_gmt":"2025-08-28T01:56:26","guid":{"rendered":"https:\/\/roveyayinevi.com.tr\/index.php\/urun\/konsol-labirent\/"},"modified":"2026-04-16T03:04:52","modified_gmt":"2026-04-16T00:04:52","slug":"konsol-labirent","status":"publish","type":"product","link":"https:\/\/roveyayinevi.com.tr\/index.php\/urun\/konsol-labirent\/","title":{"rendered":"Konsol Labirent"},"content":{"rendered":"<p>Denge ve konsantrasyon gerektiren bu oyuncak, dikkat eksikli\u011fi ya\u015fayan \u00e7ocuklar\u0131n g\u00f6rsel tarama ve g\u00f6rsel dikkat yeteneklerinin geli\u015fmesine yard\u0131mc\u0131 olur. Ama\u00e7; labirent \u015feklinde d\u00fczenlenen oyun konsolu i\u00e7indeki 2 adet topu e\u015f zamanl\u0131 olarak labirentin en d\u0131\u015f noktas\u0131ndan en i\u00e7teki biti\u015f noktas\u0131na getirmektir.  \u0130yi e\u011flenceler\u2026<\/p>\n","protected":false},"excerpt":{"rendered":"<p>Denge ve konsantrasyon gerektiren bu oyuncak, dikkat eksikli\u011fi ya\u015fayan \u00e7ocuklar\u0131n g\u00f6rsel tarama ve g\u00f6rsel dikkat yeteneklerinin geli\u015fmesine yard\u0131mc\u0131 olur. Ama\u00e7; labirent \u015feklinde d\u00fczenlenen oyun konsolu i\u00e7indeki<span class=\"excerpt-hellip\"> [\u2026]<\/span><\/p>\n","protected":false},"featured_media":0,"template":"","meta":{"_monsterinsights_skip_tracking":false,"_monsterinsights_sitenote_active":false,"_monsterinsights_sitenote_note":"","_monsterinsights_sitenote_category":0},"product_brand":[],"product_cat":[28265,15563],"product_tag":[],"class_list":{"0":"post-751702","1":"product","2":"type-product","3":"status-publish","5":"product_cat-diger-hobi","6":"product_cat-hobi","7":"pa_cilt-ciltsiz","8":"pa_tur-kitap20","9":"pa_yayinevi-aklimda-zeka-oyunlari","10":"pa_yazar-kolektif","12":"first","13":"instock","14":"sale","15":"shipping-taxable","16":"purchasable","17":"product-type-simple"},"_links":{"self":[{"href":"https:\/\/roveyayinevi.com.tr\/index.php\/wp-json\/wp\/v2\/product\/751702","targetHints":{"allow":["GET"]}}],"collection":[{"href":"https:\/\/roveyayinevi.com.tr\/index.php\/wp-json\/wp\/v2\/product"}],"about":[{"href":"https:\/\/roveyayinevi.com.tr\/index.php\/wp-json\/wp\/v2\/types\/product"}],"wp:attachment":[{"href":"https:\/\/roveyayinevi.com.tr\/index.php\/wp-json\/wp\/v2\/media?parent=751702"}],"wp:term":[{"taxonomy":"product_brand","embeddable":true,"href":"https:\/\/roveyayinevi.com.tr\/index.php\/wp-json\/wp\/v2\/product_brand?post=751702"},{"taxonomy":"product_cat","embeddable":true,"href":"https:\/\/roveyayinevi.com.tr\/index.php\/wp-json\/wp\/v2\/product_cat?post=751702"},{"taxonomy":"product_tag","embeddable":true,"href":"https:\/\/roveyayinevi.com.tr\/index.php\/wp-json\/wp\/v2\/product_tag?post=751702"}],"curies":[{"name":"wp","href":"https:\/\/api.w.org\/{rel}","templated":true}]}}