{"id":751701,"date":"2025-08-28T04:56:25","date_gmt":"2025-08-28T01:56:25","guid":{"rendered":"https:\/\/roveyayinevi.com.tr\/index.php\/urun\/katatetris\/"},"modified":"2026-04-16T03:04:52","modified_gmt":"2026-04-16T00:04:52","slug":"katatetris","status":"publish","type":"product","link":"https:\/\/roveyayinevi.com.tr\/index.php\/urun\/katatetris\/","title":{"rendered":"Katatetris"},"content":{"rendered":"<p>1 adet oyun tablas\u0131, 12 adet \u00e7e\u015fitli \u015fekillerde Kata Bloklar, 1 adet seviye \u00e7ubu\u011fu ve oyun kitap\u00e7\u0131\u011f\u0131ndan olu\u015fur. Kitap\u00e7\u0131ktaki \u015fekil y\u00f6nergelerine uyarak oyun kolaydan zora do\u011fru oynan\u0131r. Oyunda do\u011fru \u015feklin kullan\u0131lmas\u0131 \u00e7ok \u00f6nemlidir, renk uyumu aranmaz.  \u0130yi e\u011flenceler\u2026<\/p>\n","protected":false},"excerpt":{"rendered":"<p>1 adet oyun tablas\u0131, 12 adet \u00e7e\u015fitli \u015fekillerde Kata Bloklar, 1 adet seviye \u00e7ubu\u011fu ve oyun kitap\u00e7\u0131\u011f\u0131ndan olu\u015fur. Kitap\u00e7\u0131ktaki \u015fekil y\u00f6nergelerine uyarak oyun kolaydan zora do\u011fru<span class=\"excerpt-hellip\"> [\u2026]<\/span><\/p>\n","protected":false},"featured_media":0,"template":"","meta":{"_monsterinsights_skip_tracking":false,"_monsterinsights_sitenote_active":false,"_monsterinsights_sitenote_note":"","_monsterinsights_sitenote_category":0},"product_brand":[],"product_cat":[28265,15563],"product_tag":[],"class_list":{"0":"post-751701","1":"product","2":"type-product","3":"status-publish","5":"product_cat-diger-hobi","6":"product_cat-hobi","7":"pa_cilt-ciltsiz","8":"pa_tur-kitap20","9":"pa_yayinevi-aklimda-zeka-oyunlari","10":"pa_yazar-kolektif","12":"first","13":"instock","14":"sale","15":"shipping-taxable","16":"purchasable","17":"product-type-simple"},"_links":{"self":[{"href":"https:\/\/roveyayinevi.com.tr\/index.php\/wp-json\/wp\/v2\/product\/751701","targetHints":{"allow":["GET"]}}],"collection":[{"href":"https:\/\/roveyayinevi.com.tr\/index.php\/wp-json\/wp\/v2\/product"}],"about":[{"href":"https:\/\/roveyayinevi.com.tr\/index.php\/wp-json\/wp\/v2\/types\/product"}],"wp:attachment":[{"href":"https:\/\/roveyayinevi.com.tr\/index.php\/wp-json\/wp\/v2\/media?parent=751701"}],"wp:term":[{"taxonomy":"product_brand","embeddable":true,"href":"https:\/\/roveyayinevi.com.tr\/index.php\/wp-json\/wp\/v2\/product_brand?post=751701"},{"taxonomy":"product_cat","embeddable":true,"href":"https:\/\/roveyayinevi.com.tr\/index.php\/wp-json\/wp\/v2\/product_cat?post=751701"},{"taxonomy":"product_tag","embeddable":true,"href":"https:\/\/roveyayinevi.com.tr\/index.php\/wp-json\/wp\/v2\/product_tag?post=751701"}],"curies":[{"name":"wp","href":"https:\/\/api.w.org\/{rel}","templated":true}]}}