{"id":751699,"date":"2025-08-28T04:56:23","date_gmt":"2025-08-28T01:56:23","guid":{"rendered":"https:\/\/roveyayinevi.com.tr\/index.php\/urun\/gol-gol\/"},"modified":"2026-04-16T03:04:52","modified_gmt":"2026-04-16T00:04:52","slug":"gol-gol","status":"publish","type":"product","link":"https:\/\/roveyayinevi.com.tr\/index.php\/urun\/gol-gol\/","title":{"rendered":"Gol Gol"},"content":{"rendered":"<p>GOL GOL oyunu ah\u015fap bir oyun tablas\u0131 \u00fczerinde, toplam 6 adet pul ile oynan\u0131r. Bu pullardan 3 tanesi bir oyuncuya, di\u011fer 3 tanesi de rakip oyuncuya da\u011f\u0131t\u0131l\u0131r. Oyunda ama\u00e7 t\u00fcm ta\u015flar\u0131 rakip sahaya ge\u00e7irmektir. Keyifli ve bol e\u011flenceli bir oyun sizi bekliyor.  Ayr\u0131ca ayn\u0131 tablan\u0131n arkas\u0131nda 9 Ta\u015f ve 3 Ta\u015f oyunu bulunmaktad\u0131r. \u0130yi e\u011flenceler\u2026<\/p>\n","protected":false},"excerpt":{"rendered":"<p>GOL GOL oyunu ah\u015fap bir oyun tablas\u0131 \u00fczerinde, toplam 6 adet pul ile oynan\u0131r. Bu pullardan 3 tanesi bir oyuncuya, di\u011fer 3 tanesi de rakip oyuncuya<span class=\"excerpt-hellip\"> [\u2026]<\/span><\/p>\n","protected":false},"featured_media":0,"template":"","meta":{"_monsterinsights_skip_tracking":false,"_monsterinsights_sitenote_active":false,"_monsterinsights_sitenote_note":"","_monsterinsights_sitenote_category":0},"product_brand":[],"product_cat":[28265,15563],"product_tag":[],"class_list":{"0":"post-751699","1":"product","2":"type-product","3":"status-publish","5":"product_cat-diger-hobi","6":"product_cat-hobi","7":"pa_cilt-ciltsiz","8":"pa_tur-kitap20","9":"pa_yayinevi-aklimda-zeka-oyunlari","10":"pa_yazar-kolektif","12":"first","13":"instock","14":"sale","15":"shipping-taxable","16":"purchasable","17":"product-type-simple"},"_links":{"self":[{"href":"https:\/\/roveyayinevi.com.tr\/index.php\/wp-json\/wp\/v2\/product\/751699","targetHints":{"allow":["GET"]}}],"collection":[{"href":"https:\/\/roveyayinevi.com.tr\/index.php\/wp-json\/wp\/v2\/product"}],"about":[{"href":"https:\/\/roveyayinevi.com.tr\/index.php\/wp-json\/wp\/v2\/types\/product"}],"wp:attachment":[{"href":"https:\/\/roveyayinevi.com.tr\/index.php\/wp-json\/wp\/v2\/media?parent=751699"}],"wp:term":[{"taxonomy":"product_brand","embeddable":true,"href":"https:\/\/roveyayinevi.com.tr\/index.php\/wp-json\/wp\/v2\/product_brand?post=751699"},{"taxonomy":"product_cat","embeddable":true,"href":"https:\/\/roveyayinevi.com.tr\/index.php\/wp-json\/wp\/v2\/product_cat?post=751699"},{"taxonomy":"product_tag","embeddable":true,"href":"https:\/\/roveyayinevi.com.tr\/index.php\/wp-json\/wp\/v2\/product_tag?post=751699"}],"curies":[{"name":"wp","href":"https:\/\/api.w.org\/{rel}","templated":true}]}}