{"id":751698,"date":"2025-08-28T04:56:22","date_gmt":"2025-08-28T01:56:22","guid":{"rendered":"https:\/\/roveyayinevi.com.tr\/index.php\/urun\/mangala-plastik\/"},"modified":"2026-04-16T03:04:52","modified_gmt":"2026-04-16T00:04:52","slug":"mangala-plastik","status":"publish","type":"product","link":"https:\/\/roveyayinevi.com.tr\/index.php\/urun\/mangala-plastik\/","title":{"rendered":"Mangala (Plastik)"},"content":{"rendered":"<p>Bir t\u00fcr mant\u0131k oyunu olan mangala, 2 ki\u015fi ile oynan\u0131r. Ba\u015flang\u0131\u00e7ta her oyuncunun 24 ta\u015f\u0131 olur. Oyun tahtas\u0131nda toplam 12 adet oyuk bulunmaktad\u0131r. Bu oyuklara ev ya da \u00e7ukur denir. Her oyuncuya da 6 adet oyuk d\u00fc\u015fmektedir. Oyuncular sadece kendi taraf\u0131ndaki oyuktaki ta\u015flar\u0131 \u00e7\u0131karabilirler ve sadece rakibin oyuklar\u0131na ta\u015f b\u0131rak\u0131labilir. 6 oyu\u011fun yan k\u0131sm\u0131nda da birer b\u00fcy\u00fck oyuk yer al\u0131r. B\u00fcy\u00fck oyuklara da \u2018hazine\u2019 denir. Her oyuncu ta\u015flar\u0131n\u0131 bu hazine denen k\u0131s\u0131mlara toplar. Oyuncunun sa\u011f taraf\u0131nda yer alan oyuk o oyuncunun hazinesidir. Oyun genellikle kura ile ba\u015flar. \u0130lk ba\u015flang\u0131\u00e7 a\u015famas\u0131nda her oyukta oyuncunun 4 adet ta\u015f\u0131 vard\u0131r.  \u0130yi e\u011flenceler\u2026<\/p>\n","protected":false},"excerpt":{"rendered":"<p>Bir t\u00fcr mant\u0131k oyunu olan mangala, 2 ki\u015fi ile oynan\u0131r. Ba\u015flang\u0131\u00e7ta her oyuncunun 24 ta\u015f\u0131 olur. Oyun tahtas\u0131nda toplam 12 adet oyuk bulunmaktad\u0131r. Bu oyuklara ev<span class=\"excerpt-hellip\"> [\u2026]<\/span><\/p>\n","protected":false},"featured_media":0,"template":"","meta":{"_monsterinsights_skip_tracking":false,"_monsterinsights_sitenote_active":false,"_monsterinsights_sitenote_note":"","_monsterinsights_sitenote_category":0},"product_brand":[],"product_cat":[28265,15563],"product_tag":[],"class_list":{"0":"post-751698","1":"product","2":"type-product","3":"status-publish","5":"product_cat-diger-hobi","6":"product_cat-hobi","7":"pa_cilt-ciltsiz","8":"pa_tur-kitap20","9":"pa_yayinevi-aklimda-zeka-oyunlari","10":"pa_yazar-kolektif","12":"first","13":"instock","14":"sale","15":"shipping-taxable","16":"purchasable","17":"product-type-simple"},"_links":{"self":[{"href":"https:\/\/roveyayinevi.com.tr\/index.php\/wp-json\/wp\/v2\/product\/751698","targetHints":{"allow":["GET"]}}],"collection":[{"href":"https:\/\/roveyayinevi.com.tr\/index.php\/wp-json\/wp\/v2\/product"}],"about":[{"href":"https:\/\/roveyayinevi.com.tr\/index.php\/wp-json\/wp\/v2\/types\/product"}],"wp:attachment":[{"href":"https:\/\/roveyayinevi.com.tr\/index.php\/wp-json\/wp\/v2\/media?parent=751698"}],"wp:term":[{"taxonomy":"product_brand","embeddable":true,"href":"https:\/\/roveyayinevi.com.tr\/index.php\/wp-json\/wp\/v2\/product_brand?post=751698"},{"taxonomy":"product_cat","embeddable":true,"href":"https:\/\/roveyayinevi.com.tr\/index.php\/wp-json\/wp\/v2\/product_cat?post=751698"},{"taxonomy":"product_tag","embeddable":true,"href":"https:\/\/roveyayinevi.com.tr\/index.php\/wp-json\/wp\/v2\/product_tag?post=751698"}],"curies":[{"name":"wp","href":"https:\/\/api.w.org\/{rel}","templated":true}]}}