{"id":751694,"date":"2025-08-28T04:56:16","date_gmt":"2025-08-28T01:56:16","guid":{"rendered":"https:\/\/roveyayinevi.com.tr\/index.php\/urun\/yuzler-ve-sozler\/"},"modified":"2026-04-16T03:04:52","modified_gmt":"2026-04-16T00:04:52","slug":"yuzler-ve-sozler","status":"publish","type":"product","link":"https:\/\/roveyayinevi.com.tr\/index.php\/urun\/yuzler-ve-sozler\/","title":{"rendered":"Y\u00fczler ve S\u00f6zler"},"content":{"rendered":"<p>Yazmaya ba\u015flad\u0131\u011f\u0131m bu ya\u015fam maratonu payla\u015f\u0131mlar\u0131, bilindik nitelikte bir an\u0131 kitab\u0131 olmayacak. Anlat\u0131lar\u0131n ba\u015f kahramanlar\u0131, ya\u015fam maratonunda kar\u015f\u0131la\u015ft\u0131\u011f\u0131m, cumhurba\u015fkan\u0131ndan, hapisanedeki tutukluya, en varl\u0131kl\u0131dan, pek yoksula, ayd\u0131ndan, kara cahile, en \u00fcnl\u00fcden, en s\u0131radana, can\u0131n\u0131 sevdi\u011fim insanlar olacak\u2026 Bu payla\u015f\u0131mlarda tan\u0131d\u0131klar\u0131n\u0131za, hatta kendinize bile rastlayabilirsiniz. A\u00e7\u0131k\u00e7as\u0131, epey kalabal\u0131k olaca\u011f\u0131z. Kahramanlar\u0131m\u0131z, en belirgin \u00f6zellikleriyle, olabildi\u011fince k\u0131sa k\u0131sa, bu payla\u015f\u0131mlarda yer alacak.   \u00dc\u00e7 ku\u015fak boyunca \u00e7ocuklar\u0131n okuyup sevdi\u011fi G\u00fclten Day\u0131o\u011flu bu kez eski bir telefon defterinin k\u0131lavuzlu\u011funda \u201cb\u00fcy\u00fckler\u201d i\u00e7in yaz\u0131yor. Tan\u0131\u015ft\u0131\u011f\u0131, yollar\u0131n\u0131n kesi\u015fti\u011fi ki\u015filerin portreleri, tan\u0131k oldu\u011fu, kimi zaman beslendi\u011fi olaylara ili\u015fkin izlenimleri ve an\u0131lar\u0131 yazar\u0131n i\u00e7 d\u00fcnyas\u0131na da benzersiz bir kap\u0131 aral\u0131yor. <\/p>\n","protected":false},"excerpt":{"rendered":"<p>Yazmaya ba\u015flad\u0131\u011f\u0131m bu ya\u015fam maratonu payla\u015f\u0131mlar\u0131, bilindik nitelikte bir an\u0131 kitab\u0131 olmayacak. Anlat\u0131lar\u0131n ba\u015f kahramanlar\u0131, ya\u015fam maratonunda kar\u015f\u0131la\u015ft\u0131\u011f\u0131m, cumhurba\u015fkan\u0131ndan, hapisanedeki tutukluya, en varl\u0131kl\u0131dan, pek yoksula, ayd\u0131ndan,<span class=\"excerpt-hellip\"> [\u2026]<\/span><\/p>\n","protected":false},"featured_media":0,"template":"","meta":{"_monsterinsights_skip_tracking":false,"_monsterinsights_sitenote_active":false,"_monsterinsights_sitenote_note":"","_monsterinsights_sitenote_category":0},"product_brand":[],"product_cat":[18545,12291],"product_tag":[],"class_list":{"0":"post-751694","1":"product","2":"type-product","3":"status-publish","5":"product_cat-anlati","6":"product_cat-edebiyat","7":"pa_cilt-ciltsiz","8":"pa_tur-kitap","9":"pa_yayinevi-yapi-kredi-yayinlari","10":"pa_yazar-gulten-dayioglu","12":"first","13":"instock","14":"sale","15":"shipping-taxable","16":"purchasable","17":"product-type-simple"},"_links":{"self":[{"href":"https:\/\/roveyayinevi.com.tr\/index.php\/wp-json\/wp\/v2\/product\/751694","targetHints":{"allow":["GET"]}}],"collection":[{"href":"https:\/\/roveyayinevi.com.tr\/index.php\/wp-json\/wp\/v2\/product"}],"about":[{"href":"https:\/\/roveyayinevi.com.tr\/index.php\/wp-json\/wp\/v2\/types\/product"}],"wp:attachment":[{"href":"https:\/\/roveyayinevi.com.tr\/index.php\/wp-json\/wp\/v2\/media?parent=751694"}],"wp:term":[{"taxonomy":"product_brand","embeddable":true,"href":"https:\/\/roveyayinevi.com.tr\/index.php\/wp-json\/wp\/v2\/product_brand?post=751694"},{"taxonomy":"product_cat","embeddable":true,"href":"https:\/\/roveyayinevi.com.tr\/index.php\/wp-json\/wp\/v2\/product_cat?post=751694"},{"taxonomy":"product_tag","embeddable":true,"href":"https:\/\/roveyayinevi.com.tr\/index.php\/wp-json\/wp\/v2\/product_tag?post=751694"}],"curies":[{"name":"wp","href":"https:\/\/api.w.org\/{rel}","templated":true}]}}