{"id":751684,"date":"2025-08-28T04:55:58","date_gmt":"2025-08-28T01:55:58","guid":{"rendered":"https:\/\/roveyayinevi.com.tr\/index.php\/urun\/baska-bir-simdi-alternatif-bugunle-yuzlesmek\/"},"modified":"2026-04-16T03:04:51","modified_gmt":"2026-04-16T00:04:51","slug":"baska-bir-simdi-alternatif-bugunle-yuzlesmek","status":"publish","type":"product","link":"https:\/\/roveyayinevi.com.tr\/index.php\/urun\/baska-bir-simdi-alternatif-bugunle-yuzlesmek\/","title":{"rendered":"Ba\u015fka Bir \u015eimdi &#8211; Alternatif Bug\u00fcnle Y\u00fczle\u015fmek"},"content":{"rendered":"<p>Ya mevcut ekonomik sistemimiz tek se\u00e7enek de\u011filse? Yunanistan\u2019\u0131n eski ekonomi bakan\u0131 d\u00fcnyaca \u00fcnl\u00fc ekonomist ve yazar Yanis Varoufakis bu sorunun radikal cevab\u0131n\u0131 bu spek\u00fclatif kitab\u0131nda sunarak bizleri, ekonominin \u015firket \u00e7\u0131karlar\u0131 yerine demokratik karar alma mekanizmalar\u0131 taraf\u0131ndan y\u00f6nlendirildi\u011fi alternatif bir d\u00fcnyay\u0131 ke\u015ffetmeye davet ediyor.   Alternatif bir \u015fimdiki zamandan gelen bir dizi mesaj arac\u0131l\u0131\u011f\u0131yla, k\u00f6kten farkl\u0131 bir ekonomik sistemin zorluklar\u0131 ve f\u0131rsatlar\u0131yla bo\u011fu\u015fan \u00e7e\u015fitli karakterlerle tan\u0131\u015f\u0131yoruz. Adil \u00fccretler ve \u00e7al\u0131\u015fma ko\u015fullar\u0131 i\u00e7in m\u00fccadele eden bir devrimciden, daha adil bir platform yaratmaya \u00e7al\u0131\u015fan bir teknoloji giri\u015fimcisine ve yeni kolektif m\u00fclkiyet bi\u00e7imlerini deneyen bir ekonomiste kadar, bu ki\u015filer hem tan\u0131d\u0131k hem de temelden d\u00f6n\u00fc\u015fm\u00fc\u015f bir d\u00fcnyan\u0131n canl\u0131 bir tablosunu \u00e7iziyor.   Varoufakis karakteristik a\u00e7\u0131k kalemi ve i\u00e7g\u00f6r\u00fcs\u00fcyle ekonominin az\u0131nl\u0131k de\u011fil \u00e7okluk i\u00e7in \u00e7al\u0131\u015ft\u0131\u011f\u0131 bir gelecek ad\u0131na cesur bir vizyon ortaya koymaktan \u00e7ekinmiyor. Siyaset felsefesi, ekonomik analiz ve hik\u00e2ye anlat\u0131m\u0131n\u0131 bir araya getiren Ba\u015fka Bir \u015eimdi, ekonomik d\u00f6n\u00fc\u015f\u00fcm\u00fcn olanaklar\u0131n\u0131 ve tuzaklar\u0131n\u0131 anlamak isteyen herkesin mutlaka okumas\u0131 gereken bir eser.<\/p>\n","protected":false},"excerpt":{"rendered":"<p>Ya mevcut ekonomik sistemimiz tek se\u00e7enek de\u011filse? Yunanistan\u2019\u0131n eski ekonomi bakan\u0131 d\u00fcnyaca \u00fcnl\u00fc ekonomist ve yazar Yanis Varoufakis bu sorunun radikal cevab\u0131n\u0131 bu spek\u00fclatif kitab\u0131nda sunarak<span class=\"excerpt-hellip\"> [\u2026]<\/span><\/p>\n","protected":false},"featured_media":0,"template":"","meta":{"_monsterinsights_skip_tracking":false,"_monsterinsights_sitenote_active":false,"_monsterinsights_sitenote_note":"","_monsterinsights_sitenote_category":0},"product_brand":[],"product_cat":[13043],"product_tag":[],"class_list":{"0":"post-751684","1":"product","2":"type-product","3":"status-publish","5":"product_cat-ekonomi","6":"pa_cilt-ciltsiz","7":"pa_tur-kitap","8":"pa_yayinevi-epsilon-yayinlari","9":"pa_yazar-yanis-varoufakis","11":"first","12":"instock","13":"sale","14":"shipping-taxable","15":"purchasable","16":"product-type-simple"},"_links":{"self":[{"href":"https:\/\/roveyayinevi.com.tr\/index.php\/wp-json\/wp\/v2\/product\/751684","targetHints":{"allow":["GET"]}}],"collection":[{"href":"https:\/\/roveyayinevi.com.tr\/index.php\/wp-json\/wp\/v2\/product"}],"about":[{"href":"https:\/\/roveyayinevi.com.tr\/index.php\/wp-json\/wp\/v2\/types\/product"}],"wp:attachment":[{"href":"https:\/\/roveyayinevi.com.tr\/index.php\/wp-json\/wp\/v2\/media?parent=751684"}],"wp:term":[{"taxonomy":"product_brand","embeddable":true,"href":"https:\/\/roveyayinevi.com.tr\/index.php\/wp-json\/wp\/v2\/product_brand?post=751684"},{"taxonomy":"product_cat","embeddable":true,"href":"https:\/\/roveyayinevi.com.tr\/index.php\/wp-json\/wp\/v2\/product_cat?post=751684"},{"taxonomy":"product_tag","embeddable":true,"href":"https:\/\/roveyayinevi.com.tr\/index.php\/wp-json\/wp\/v2\/product_tag?post=751684"}],"curies":[{"name":"wp","href":"https:\/\/api.w.org\/{rel}","templated":true}]}}