{"id":751682,"date":"2025-08-28T04:55:55","date_gmt":"2025-08-28T01:55:55","guid":{"rendered":"https:\/\/roveyayinevi.com.tr\/index.php\/urun\/asil-kan-2\/"},"modified":"2026-04-16T03:04:51","modified_gmt":"2026-04-16T00:04:51","slug":"asil-kan-2","status":"publish","type":"product","link":"https:\/\/roveyayinevi.com.tr\/index.php\/urun\/asil-kan-2\/","title":{"rendered":"Asil Kan"},"content":{"rendered":"<p>AS\u0130L KAN\u2026 \u2018Mustafa\u2019y\u0131 \u2018Kamal\u2019, \u2018Kamal\u2019\u0131 \u2019Bat\u0131(l)c\u0131\u2019 sanan Emevik \u2018arabo\u011flu\u2019 ile  \u2018Bat\u0131(l)\u2019\u0131 medeni, medeniyeti \u2018Kemalizm\u2019 sanan Masonik \u2018papao\u011flu\u2019nun; \u00f6zde ise her ikisi de \u2018ibrano\u011flu\/kabilo\u011flu\u2019 olan Anezi, Pakraduni, Sabetay paganlar  aras\u0131nda s\u0131k\u0131\u015ft\u0131r\u0131lan; kendi yurdunda, kendi devletinde esir edilen T\u00fcrk\u2019\u00fcn, T\u00f6rek\u2019in, Tur\u2019dan ta\u015f\u0131yanlar\u0131n, Haniflerin, Adamlar\u0131n 500 y\u0131ll\u0131k ikili k\u0131ska\u00e7 ve vesayet i\u015fgalinden \u00e7\u0131kma m\u00fccadelesi&#8230;   Neredeyse, t\u00fcm tarih duayenlerini sayd\u0131ktan sonra; &#8220;Ama en do\u011frusunu sen yazd\u0131n \u00e7ocuk&#8221;. -Erdo\u011fan Asl\u0131y\u00fcce, Hoca Ahmet Yesevi Vakf\u0131 Ba\u015fkan\u0131, 60 telif kitab\u0131yla T\u00fcrk Tarih Duayeni   \u201cBen, bu kitab\u0131n ard\u0131ndan, KUT Roman\u0131n\u0131 da okuduktan sonra dedim ki kendime; \u201cAlttan almak olmaz. Bu adam\u0131, hak etti\u011fi yere koymak laz\u0131m!\u201d T\u00fcrkiye, bilgi olgusuna dair bilgisi ve d\u00fc\u015f\u00fcnme becerileri zirvede, \u00e2lemleri ve insan\u0131 anlay\u0131p anlatmay\u0131 hayat\u0131 haline getirmi\u015f; iman\u0131, vicdan\u0131, akl\u0131, zek\u00e2s\u0131 \u00e7ok \u00e7ok sa\u011flam ve de sansasyonel hitabet yetene\u011fiyle bir alim do\u011furdu; yeniden! Hay\u0131rl\u0131 olsun! -Y\u00f6netici &#8211; Akademisyen   \u201cT\u00fcrk d\u00fc\u015f\u00fcn\u00fcr; \u201cD\u00fcnyay\u0131 yeniden Asil Kanl\u0131lar y\u00f6netecek; d\u00fcnya yeniden \u2018\u0130nsan\u2019a\u2019 d\u00f6necek!\u201d diyor\u201d. -Almanya, Fransa, Hollanda Bas\u0131n\u0131   &#8220;Bu kadar tarih ve siyaset kitab\u0131 okudum; son 500 y\u0131l\u0131n foto\u011fraf\u0131n\u0131 hem d\u00fcnya hem T\u00fcrk Devleti a\u00e7\u0131s\u0131ndan bu kadar iyi \u00e7\u0131karm\u0131\u015f bir kitaba rastlamad\u0131m.\u201d -Metin K\u00fcl\u00fcnk   &#8220;Ben, Devleti de, Atat\u00fcrk&#8217;\u00fc de bu kadar iyi kavram\u0131\u015f ve anlatm\u0131\u015f birisini bilmiyorum. Bundan sonra K\u00e2z\u0131m Yurdakul&#8217;un en sad\u0131k okuruyum.  -\u0130\u015f Adam\u0131 (\u0130lk 100\u2019den) <\/p>\n","protected":false},"excerpt":{"rendered":"<p>AS\u0130L KAN\u2026 \u2018Mustafa\u2019y\u0131 \u2018Kamal\u2019, \u2018Kamal\u2019\u0131 \u2019Bat\u0131(l)c\u0131\u2019 sanan Emevik \u2018arabo\u011flu\u2019 ile \u2018Bat\u0131(l)\u2019\u0131 medeni, medeniyeti \u2018Kemalizm\u2019 sanan Masonik \u2018papao\u011flu\u2019nun; \u00f6zde ise her ikisi de \u2018ibrano\u011flu\/kabilo\u011flu\u2019 olan Anezi, Pakraduni,<span class=\"excerpt-hellip\"> [\u2026]<\/span><\/p>\n","protected":false},"featured_media":0,"template":"","meta":{"_monsterinsights_skip_tracking":false,"_monsterinsights_sitenote_active":false,"_monsterinsights_sitenote_note":"","_monsterinsights_sitenote_category":0},"product_brand":[],"product_cat":[12370,12304],"product_tag":[],"class_list":{"0":"post-751682","1":"product","2":"type-product","3":"status-publish","5":"product_cat-arastirma-inceleme","6":"product_cat-tarih","7":"pa_cilt-ciltsiz","8":"pa_tur-kitap","9":"pa_yayinevi-akil-yayinlari","10":"pa_yazar-kazim-yurdakul","12":"first","13":"instock","14":"sale","15":"shipping-taxable","16":"purchasable","17":"product-type-simple"},"_links":{"self":[{"href":"https:\/\/roveyayinevi.com.tr\/index.php\/wp-json\/wp\/v2\/product\/751682","targetHints":{"allow":["GET"]}}],"collection":[{"href":"https:\/\/roveyayinevi.com.tr\/index.php\/wp-json\/wp\/v2\/product"}],"about":[{"href":"https:\/\/roveyayinevi.com.tr\/index.php\/wp-json\/wp\/v2\/types\/product"}],"wp:attachment":[{"href":"https:\/\/roveyayinevi.com.tr\/index.php\/wp-json\/wp\/v2\/media?parent=751682"}],"wp:term":[{"taxonomy":"product_brand","embeddable":true,"href":"https:\/\/roveyayinevi.com.tr\/index.php\/wp-json\/wp\/v2\/product_brand?post=751682"},{"taxonomy":"product_cat","embeddable":true,"href":"https:\/\/roveyayinevi.com.tr\/index.php\/wp-json\/wp\/v2\/product_cat?post=751682"},{"taxonomy":"product_tag","embeddable":true,"href":"https:\/\/roveyayinevi.com.tr\/index.php\/wp-json\/wp\/v2\/product_tag?post=751682"}],"curies":[{"name":"wp","href":"https:\/\/api.w.org\/{rel}","templated":true}]}}