{"id":751680,"date":"2025-08-28T04:55:52","date_gmt":"2025-08-28T01:55:52","guid":{"rendered":"https:\/\/roveyayinevi.com.tr\/index.php\/urun\/orta-yas-ve-sonrasinda-kadin-beyni\/"},"modified":"2026-04-16T03:04:51","modified_gmt":"2026-04-16T00:04:51","slug":"orta-yas-ve-sonrasinda-kadin-beyni","status":"publish","type":"product","link":"https:\/\/roveyayinevi.com.tr\/index.php\/urun\/orta-yas-ve-sonrasinda-kadin-beyni\/","title":{"rendered":"Orta Ya\u015f ve Sonras\u0131nda Kad\u0131n Beyni"},"content":{"rendered":"<p>ORTA YA\u015e VE SONRASINDA KADIN BEYN\u0130 Hayat as\u0131l \u015fimdi ba\u015fl\u0131yor. Kad\u0131n Beyni adl\u0131 \u00e7oksatan kitab\u0131n yazar\u0131 Dr. Louann Brizendine bu kez kad\u0131n beyninin orta ya\u015fta nas\u0131l \u201cyenilendi\u011fini\u201d a\u00e7\u0131klayarak kad\u0131nlara t\u00fcm potansiyellerini ortaya \u00e7\u0131karmalar\u0131 i\u00e7in ilham verip yol g\u00f6steriyor. Dr. Louann Brizendine kad\u0131nlar\u0131n neden erkeklerden farkl\u0131 d\u00fc\u015f\u00fcnd\u00fc\u011f\u00fcn\u00fc, ileti\u015fim kurdu\u011funu ve hissetti\u011fini a\u00e7\u0131klayan ilk ki\u015filer aras\u0131ndayd\u0131. \u015eimdi, kendi ve klini\u011findeki binlerce kad\u0131n\u0131n deneyimlerinden esinlenerek devrim niteli\u011finde bir mesaj veriyor: Ya\u015fam\u0131n tipik olarak menopoz ad\u0131yla bilinen d\u00f6neminde, kad\u0131nlar\u0131n beyinleri daha iyisi i\u00e7in yeni bir g\u00fc\u00e7 ve canland\u0131r\u0131c\u0131 bir berrakl\u0131k yaratacak \u015fekilde yeniden \u015fekillenir. Hormonlar, egzersiz, uyku, zihin ve beyin sa\u011fl\u0131\u011f\u0131 konular\u0131nda en iyi stratejilerin bulundu\u011fu Orta Ya\u015f ve Sonras\u0131nda Kad\u0131n Beyni beyin sa\u011fl\u0131\u011f\u0131n\u0131z\u0131 korumak i\u00e7in uygulanabilir ve bilim destekli ad\u0131mlar i\u00e7eren \u00e7arp\u0131c\u0131 bir yol haritas\u0131d\u0131r. Bu kitab\u0131 okuyun ve muhte\u015fem beyninizin sa\u011flad\u0131\u011f\u0131 olanaklar\u0131 nas\u0131l de\u011ferlendirece\u011finizi \u00f6\u011frenin. \u2013\u2013Anna Cabeca, The Hormone Fix ve MenuPausea dl\u0131 \u00e7oksatan kitaplar\u0131n yazar\u0131 <\/p>\n","protected":false},"excerpt":{"rendered":"<p>ORTA YA\u015e VE SONRASINDA KADIN BEYN\u0130 Hayat as\u0131l \u015fimdi ba\u015fl\u0131yor. Kad\u0131n Beyni adl\u0131 \u00e7oksatan kitab\u0131n yazar\u0131 Dr. Louann Brizendine bu kez kad\u0131n beyninin orta ya\u015fta nas\u0131l<span class=\"excerpt-hellip\"> [\u2026]<\/span><\/p>\n","protected":false},"featured_media":0,"template":"","meta":{"_monsterinsights_skip_tracking":false,"_monsterinsights_sitenote_active":false,"_monsterinsights_sitenote_note":"","_monsterinsights_sitenote_category":0},"product_brand":[],"product_cat":[13005,13006],"product_tag":[],"class_list":{"0":"post-751680","1":"product","2":"type-product","3":"status-publish","5":"product_cat-bilim-muhendislik","6":"product_cat-populer-bilim","7":"pa_cilt-ciltsiz","8":"pa_tur-kitap","9":"pa_yayinevi-say-yayinlari","10":"pa_yazar-louann-brizendine","12":"first","13":"instock","14":"sale","15":"shipping-taxable","16":"purchasable","17":"product-type-simple"},"_links":{"self":[{"href":"https:\/\/roveyayinevi.com.tr\/index.php\/wp-json\/wp\/v2\/product\/751680","targetHints":{"allow":["GET"]}}],"collection":[{"href":"https:\/\/roveyayinevi.com.tr\/index.php\/wp-json\/wp\/v2\/product"}],"about":[{"href":"https:\/\/roveyayinevi.com.tr\/index.php\/wp-json\/wp\/v2\/types\/product"}],"wp:attachment":[{"href":"https:\/\/roveyayinevi.com.tr\/index.php\/wp-json\/wp\/v2\/media?parent=751680"}],"wp:term":[{"taxonomy":"product_brand","embeddable":true,"href":"https:\/\/roveyayinevi.com.tr\/index.php\/wp-json\/wp\/v2\/product_brand?post=751680"},{"taxonomy":"product_cat","embeddable":true,"href":"https:\/\/roveyayinevi.com.tr\/index.php\/wp-json\/wp\/v2\/product_cat?post=751680"},{"taxonomy":"product_tag","embeddable":true,"href":"https:\/\/roveyayinevi.com.tr\/index.php\/wp-json\/wp\/v2\/product_tag?post=751680"}],"curies":[{"name":"wp","href":"https:\/\/api.w.org\/{rel}","templated":true}]}}