{"id":751679,"date":"2025-08-28T04:55:51","date_gmt":"2025-08-28T01:55:51","guid":{"rendered":"https:\/\/roveyayinevi.com.tr\/index.php\/urun\/gunes-dede-ile-denizin-zayiflama-sureci\/"},"modified":"2026-04-16T03:04:51","modified_gmt":"2026-04-16T00:04:51","slug":"gunes-dede-ile-denizin-zayiflama-sureci","status":"publish","type":"product","link":"https:\/\/roveyayinevi.com.tr\/index.php\/urun\/gunes-dede-ile-denizin-zayiflama-sureci\/","title":{"rendered":"G\u00fcne\u015f Dede ile Deniz\u2019in Zay\u0131flama S\u00fcreci"},"content":{"rendered":"<p>Sevgili ebeveynler!   Yasak, k\u0131s\u0131tlama, dayatma ile de\u011fi\u015fime zorlamadan; \u00e7ocuklar\u0131n bedenine sayg\u0131 duyarak de\u011fi\u015fmelerini istemez misiniz? Onlar\u0131n i\u00e7indeki \u201dideal bedeni\u201d ortaya \u00e7\u0131kartmalar\u0131n\u0131 istemez misiniz? Haydi, macera dolu yolculu\u011fa! Kitab\u0131m\u0131z: \u00b7         Bedenin \u00f6nemini,  de\u011ferini ve bedenle ilgilenmeyi \u00f6\u011fretir. \u00b7         Hareketsizlik sebeplerini ortaya \u00e7\u0131kar\u0131r. \u00b7         Kilo sorununu \u00e7\u00f6zer, ideal beden i\u00e7in rehberdir. \u00b7         Yasak ve k\u0131s\u0131tlar\u0131n gereksiz oldu\u011funun fark\u0131ndal\u0131\u011f\u0131n\u0131 sa\u011flar. \u00b7         Beslenme, \u00f6\u011f\u00fcn, g\u0131da konular\u0131nda fark\u0131ndal\u0131k sa\u011flar. \u00b7         Hareketi sevdirir ve hareketli bir ya\u015fam s\u00fcrmeye te\u015fvik eder. \u00b7         Do\u011fru oldu\u011funa inan\u0131lan yanl\u0131\u015f ve yan\u0131lt\u0131c\u0131 bilgileri \u00e7\u00fcr\u00fct\u00fcr. \u00b7         Kilo stoklar\u0131n\u0131n bedende gereksiz y\u00fck oldu\u011funu fark ettirir. \u00b7         G\u0131dalara beslenme d\u0131\u015f\u0131nda anlam y\u00fcklememeyi \u00f6\u011fretir. \u00b7         Zay\u0131flayarak, incelip g\u00fc\u00e7lenilebilece\u011fini \u00f6\u011fretir. \u00b7         Beden mesajlar\u0131na uygun beslenmeyi \u00f6\u011fretir. <\/p>\n","protected":false},"excerpt":{"rendered":"<p>Sevgili ebeveynler! Yasak, k\u0131s\u0131tlama, dayatma ile de\u011fi\u015fime zorlamadan; \u00e7ocuklar\u0131n bedenine sayg\u0131 duyarak de\u011fi\u015fmelerini istemez misiniz? Onlar\u0131n i\u00e7indeki \u201dideal bedeni\u201d ortaya \u00e7\u0131kartmalar\u0131n\u0131 istemez misiniz? Haydi, macera dolu<span class=\"excerpt-hellip\"> [\u2026]<\/span><\/p>\n","protected":false},"featured_media":0,"template":"","meta":{"_monsterinsights_skip_tracking":false,"_monsterinsights_sitenote_active":false,"_monsterinsights_sitenote_note":"","_monsterinsights_sitenote_category":0},"product_brand":[],"product_cat":[13402,13365],"product_tag":[],"class_list":{"0":"post-751679","1":"product","2":"type-product","3":"status-publish","5":"product_cat-beslenme-ve-diyet","6":"product_cat-saglik","7":"pa_cilt-ciltsiz","8":"pa_tur-kitap","9":"pa_yayinevi-peta-kitap","10":"pa_yazar-deniz-egece","12":"first","13":"instock","14":"sale","15":"shipping-taxable","16":"purchasable","17":"product-type-simple"},"_links":{"self":[{"href":"https:\/\/roveyayinevi.com.tr\/index.php\/wp-json\/wp\/v2\/product\/751679","targetHints":{"allow":["GET"]}}],"collection":[{"href":"https:\/\/roveyayinevi.com.tr\/index.php\/wp-json\/wp\/v2\/product"}],"about":[{"href":"https:\/\/roveyayinevi.com.tr\/index.php\/wp-json\/wp\/v2\/types\/product"}],"wp:attachment":[{"href":"https:\/\/roveyayinevi.com.tr\/index.php\/wp-json\/wp\/v2\/media?parent=751679"}],"wp:term":[{"taxonomy":"product_brand","embeddable":true,"href":"https:\/\/roveyayinevi.com.tr\/index.php\/wp-json\/wp\/v2\/product_brand?post=751679"},{"taxonomy":"product_cat","embeddable":true,"href":"https:\/\/roveyayinevi.com.tr\/index.php\/wp-json\/wp\/v2\/product_cat?post=751679"},{"taxonomy":"product_tag","embeddable":true,"href":"https:\/\/roveyayinevi.com.tr\/index.php\/wp-json\/wp\/v2\/product_tag?post=751679"}],"curies":[{"name":"wp","href":"https:\/\/api.w.org\/{rel}","templated":true}]}}