{"id":751678,"date":"2025-08-28T04:55:50","date_gmt":"2025-08-28T01:55:50","guid":{"rendered":"https:\/\/roveyayinevi.com.tr\/index.php\/urun\/dehb-hakkinda-her-sey\/"},"modified":"2026-02-03T03:18:38","modified_gmt":"2026-02-03T00:18:38","slug":"dehb-hakkinda-her-sey","status":"publish","type":"product","link":"https:\/\/roveyayinevi.com.tr\/index.php\/urun\/dehb-hakkinda-her-sey\/","title":{"rendered":"DEHB Hakk\u0131nda Her \u015eey"},"content":{"rendered":"<p>\u00c7ocuklarda ve yeti\u015fkinlerde Dikkat Eksikli\u011fi ve Hiperaktivite Bozuklu\u011fu belirtileri, te\u015fhisi ve tedavisine y\u00f6nelik kapsaml\u0131 bir rehber.   T\u00fcrkiye Psikiyatri Derne\u011fi verilerine g\u00f6re \u00fclkemizde DEHB yayg\u0131nl\u0131\u011f\u0131 yakla\u015f\u0131k olarak \u00e7ocuklukta y\u00fczde 8, ergenlikte y\u00fczde 6 ve eri\u015fkinlikte y\u00fczde 4. A\u015f\u0131r\u0131 dikkatsizlik, d\u00fcrt\u00fcsellik ve hiperaktivite gibi temel belirtilerin ki\u015finin okul, i\u015f ve ev hayat\u0131nda \u00f6nemli bozulmalara neden oldu\u011fu kronik bir durum olan DEHB, bir\u00e7ok nedenle aileler, okullar ve toplum i\u00e7in bir m\u00fccadele alan\u0131.     \u00c7ocuk disiplini ve DEHB konusunda uluslararas\u0131 \u00fcne sahip uzman ve \u00f6\u011fretim g\u00f6revlisi Dr. Thomas W. Phelan, en son ara\u015ft\u0131rmalarla desteklede\u011fi bu rehberde, DEHB\u2019nin temel belirtileri ve bunlar\u0131n etkilerini; k\u0131z ve erkekler aras\u0131ndaki DEHB farkl\u0131l\u0131klar\u0131n\u0131; dan\u0131\u015fmanl\u0131k, okul m\u00fcdahaleleri, davran\u0131\u015f y\u00f6netimi ve sosyal beceri e\u011fitimini kolay anla\u015f\u0131l\u0131r bir dille ve olumlu, tedavi odakl\u0131 bir yakla\u015f\u0131mla ele al\u0131yor.   DEHB Hakk\u0131nda Her \u015eey, anne babalar, \u00f6\u011fretmenler, doktorlar ve ruh sa\u011fl\u0131\u011f\u0131 uzmanlar\u0131 i\u00e7in vazge\u00e7ilmez bir kaynak. <\/p>\n","protected":false},"excerpt":{"rendered":"<p>\u00c7ocuklarda ve yeti\u015fkinlerde Dikkat Eksikli\u011fi ve Hiperaktivite Bozuklu\u011fu belirtileri, te\u015fhisi ve tedavisine y\u00f6nelik kapsaml\u0131 bir rehber. T\u00fcrkiye Psikiyatri Derne\u011fi verilerine g\u00f6re \u00fclkemizde DEHB yayg\u0131nl\u0131\u011f\u0131 yakla\u015f\u0131k olarak<span class=\"excerpt-hellip\"> [\u2026]<\/span><\/p>\n","protected":false},"featured_media":0,"template":"","meta":{"_monsterinsights_skip_tracking":false,"_monsterinsights_sitenote_active":false,"_monsterinsights_sitenote_note":"","_monsterinsights_sitenote_category":0},"product_brand":[],"product_cat":[12831,12324],"product_tag":[],"class_list":{"0":"post-751678","1":"product","2":"type-product","3":"status-publish","5":"product_cat-aile-ve-cocuk","6":"product_cat-sosyoloji","7":"pa_cilt-ciltsiz","8":"pa_tur-kitap","9":"pa_yayinevi-nova-kitap","10":"pa_yazar-thomas-w-phelan","12":"first","13":"instock","14":"sale","15":"shipping-taxable","16":"purchasable","17":"product-type-simple"},"_links":{"self":[{"href":"https:\/\/roveyayinevi.com.tr\/index.php\/wp-json\/wp\/v2\/product\/751678","targetHints":{"allow":["GET"]}}],"collection":[{"href":"https:\/\/roveyayinevi.com.tr\/index.php\/wp-json\/wp\/v2\/product"}],"about":[{"href":"https:\/\/roveyayinevi.com.tr\/index.php\/wp-json\/wp\/v2\/types\/product"}],"wp:attachment":[{"href":"https:\/\/roveyayinevi.com.tr\/index.php\/wp-json\/wp\/v2\/media?parent=751678"}],"wp:term":[{"taxonomy":"product_brand","embeddable":true,"href":"https:\/\/roveyayinevi.com.tr\/index.php\/wp-json\/wp\/v2\/product_brand?post=751678"},{"taxonomy":"product_cat","embeddable":true,"href":"https:\/\/roveyayinevi.com.tr\/index.php\/wp-json\/wp\/v2\/product_cat?post=751678"},{"taxonomy":"product_tag","embeddable":true,"href":"https:\/\/roveyayinevi.com.tr\/index.php\/wp-json\/wp\/v2\/product_tag?post=751678"}],"curies":[{"name":"wp","href":"https:\/\/api.w.org\/{rel}","templated":true}]}}