{"id":751677,"date":"2025-08-28T04:55:48","date_gmt":"2025-08-28T01:55:48","guid":{"rendered":"https:\/\/roveyayinevi.com.tr\/index.php\/urun\/dusun-bakalim-cocuklar-icin-felsefe\/"},"modified":"2026-04-16T03:04:51","modified_gmt":"2026-04-16T00:04:51","slug":"dusun-bakalim-cocuklar-icin-felsefe","status":"publish","type":"product","link":"https:\/\/roveyayinevi.com.tr\/index.php\/urun\/dusun-bakalim-cocuklar-icin-felsefe\/","title":{"rendered":"D\u00fc\u015f\u00fcn Bakal\u0131m! \u00c7ocuklar \u0130\u00e7in Felsefe"},"content":{"rendered":"<p>Filozoflar binlerce y\u0131ld\u0131r insan do\u011fas\u0131, do\u011fru ve yanl\u0131\u015f, ger\u00e7eklik ve varolu\u015f gibi konular \u00fczerine d\u00fc\u015f\u00fcn\u00fcp sorular soruyorlar.   D\u00fcnyan\u0131n en \u00f6nemli d\u00fc\u015f\u00fcn\u00fcrlerinin en b\u00fcy\u00fck sorulara nas\u0131l cevaplar verdiklerini ke\u015ffetmeye ve bu zorlu ama ilham verici kavramlar\u0131 kendi ba\u015f\u0131na da sorgulayabilmeni sa\u011flayacak bilgiler edinmeye haz\u0131r m\u0131s\u0131n? Renkli, ilgi \u00e7ekici sayfa tasar\u0131m\u0131 ve a\u00e7\u0131klay\u0131c\u0131, sade anlat\u0131m\u0131yla bu kitapta Platon, Descartes, Alan Turing, Thomas Hobbes ve David Humes gibi bir\u00e7ok \u00fcnl\u00fc filozofun fikirleri yer al\u0131yor. Pek \u00e7ok konuda farkl\u0131 bak\u0131\u015f a\u00e7\u0131lar\u0131na yer veren ve m\u00fckemmel d\u00fc\u015f\u00fcnce deneylerine imk\u00e2n sunan D\u00fc\u015f\u00fcn Bakal\u0131m! \u00c7ocuklar \u0130\u00e7in Felsefe, 10 ya\u015f ve \u00fczeri t\u00fcm \u00e7ocuklar i\u00e7in\u2026   <\/p>\n","protected":false},"excerpt":{"rendered":"<p>Filozoflar binlerce y\u0131ld\u0131r insan do\u011fas\u0131, do\u011fru ve yanl\u0131\u015f, ger\u00e7eklik ve varolu\u015f gibi konular \u00fczerine d\u00fc\u015f\u00fcn\u00fcp sorular soruyorlar. D\u00fcnyan\u0131n en \u00f6nemli d\u00fc\u015f\u00fcn\u00fcrlerinin en b\u00fcy\u00fck sorulara nas\u0131l cevaplar<span class=\"excerpt-hellip\"> [\u2026]<\/span><\/p>\n","protected":false},"featured_media":0,"template":"","meta":{"_monsterinsights_skip_tracking":false,"_monsterinsights_sitenote_active":false,"_monsterinsights_sitenote_note":"","_monsterinsights_sitenote_category":0},"product_brand":[],"product_cat":[12274],"product_tag":[],"class_list":{"0":"post-751677","1":"product","2":"type-product","3":"status-publish","5":"product_cat-cocuk-ve-genclik-kitaplari","6":"pa_cilt-ciltsiz","7":"pa_tur-kitap","8":"pa_yayinevi-ithaki-yayinlari","9":"pa_yazar-alex-woolf","11":"first","12":"instock","13":"sale","14":"shipping-taxable","15":"purchasable","16":"product-type-simple"},"_links":{"self":[{"href":"https:\/\/roveyayinevi.com.tr\/index.php\/wp-json\/wp\/v2\/product\/751677","targetHints":{"allow":["GET"]}}],"collection":[{"href":"https:\/\/roveyayinevi.com.tr\/index.php\/wp-json\/wp\/v2\/product"}],"about":[{"href":"https:\/\/roveyayinevi.com.tr\/index.php\/wp-json\/wp\/v2\/types\/product"}],"wp:attachment":[{"href":"https:\/\/roveyayinevi.com.tr\/index.php\/wp-json\/wp\/v2\/media?parent=751677"}],"wp:term":[{"taxonomy":"product_brand","embeddable":true,"href":"https:\/\/roveyayinevi.com.tr\/index.php\/wp-json\/wp\/v2\/product_brand?post=751677"},{"taxonomy":"product_cat","embeddable":true,"href":"https:\/\/roveyayinevi.com.tr\/index.php\/wp-json\/wp\/v2\/product_cat?post=751677"},{"taxonomy":"product_tag","embeddable":true,"href":"https:\/\/roveyayinevi.com.tr\/index.php\/wp-json\/wp\/v2\/product_tag?post=751677"}],"curies":[{"name":"wp","href":"https:\/\/api.w.org\/{rel}","templated":true}]}}