{"id":751673,"date":"2025-08-28T04:55:41","date_gmt":"2025-08-28T01:55:41","guid":{"rendered":"https:\/\/roveyayinevi.com.tr\/index.php\/urun\/siyah-tanrinin-davullari\/"},"modified":"2026-04-16T03:04:51","modified_gmt":"2026-04-16T00:04:51","slug":"siyah-tanrinin-davullari","status":"publish","type":"product","link":"https:\/\/roveyayinevi.com.tr\/index.php\/urun\/siyah-tanrinin-davullari\/","title":{"rendered":"Siyah Tanr\u0131\u2019n\u0131n Davullar\u0131"},"content":{"rendered":"<p>2019 AMER\u0130KAN K\u00dcT\u00dcPHANE DERNE\u011e\u0130 ALEX \u00d6D\u00dcL\u00dc   Ald\u0131\u011f\u0131 \u00f6d\u00fcllerle ad\u0131ndan s\u0131k\u00e7a s\u00f6z ettiren yazarlardan P. Dj\u00e8l\u00ed Clark, bizi 1800\u2019l\u00fc y\u0131llar\u0131n sonlar\u0131nda alternatif bir New Orleans tarihiyle ba\u015f ba\u015fa b\u0131rak\u0131rken, hik\u00e2yesini Haiti, Karayip ve Afrika efsaneleriyle s\u00fcsl\u00fcyor.   Y\u0131l 1884. New Orleans, art\u0131k da\u011f\u0131lm\u0131\u015f olan Birle\u015fik Devletler\u2019in az say\u0131daki tarafs\u0131z b\u00f6lgesinden biridir. Yirmi y\u0131ldan uzun zamand\u0131r, sava\u015f\u0131n ilk y\u0131l\u0131ndaki k\u00f6le ayaklanmas\u0131ndan beri \u00f6zg\u00fcr olan ve herkese a\u00e7\u0131k bir liman kenti h\u00e2line gelen New Orleans\u2019\u0131 eski k\u00f6lelerden, melezlerden ve beyaz i\u015f insanlar\u0131ndan m\u00fcte\u015fekkil bir konsey y\u00f6netirken, \u0130ngilizler, Frans\u0131zlar ve Haitililer bar\u0131\u015f\u0131 korumak i\u00e7in devriye gezer.   \u201cSarma\u015f\u0131k\u201d ad\u0131yla bilinen ve h\u0131rs\u0131zl\u0131k yaparak hayatta kalmaya \u00e7al\u0131\u015fan on \u00fc\u00e7 ya\u015f\u0131ndaki sokak \u00e7ocu\u011fu Jacqueline, hep uzaktan bakt\u0131\u011f\u0131 hava gemilerine bir g\u00fcn binmenin hayalini kurar. Birka\u00e7 gizemli ki\u015finin Haiti\u2019den gelen bir biliminsan\u0131 ile tehlikeli bir silah olan Siyah Tanr\u0131\u2019n\u0131n Davullar\u0131\u2019ndan bahsetti\u011fini duyar. \u0130\u015fte bu bilgi, birilerine satmak i\u00e7in olduk\u00e7a de\u011ferlidir. Sarma\u015f\u0131k\u2019\u0131n koruyucu tanr\u0131\u00e7as\u0131 Oya ise ona uyar\u0131 niteli\u011finde i\u015faretler g\u00f6ndermektedir.   Siyah Tanr\u0131\u2019n\u0131n Davullar\u0131, k\u00f6lelik, ka\u00e7ak\u00e7\u0131l\u0131k, mistisizm gibi konular ekseninde hayal g\u00fcc\u00fcn\u00fcn doruklar\u0131nda bir kurtulu\u015f hik\u00e2yesi anlat\u0131yor.   \u201cClark\u2019\u0131n retro-afrof\u00fct\u00fcristik hik\u00e2yesi sizi hava gemilerinin, New Orleans\u2019\u0131n, alternatif tarihin ve ka\u00e7\u0131r\u0131lan biliminsanlar\u0131n\u0131n d\u00fcnyas\u0131na g\u00f6t\u00fcrecek.\u201d \u2013Tade Thompson   \u201cClark muhte\u015fem bir \u0130\u00e7 Sava\u015f sonras\u0131 fantazisinde tarihi yeniden kurgularken ustal\u0131\u011f\u0131n\u0131 sergiliyor.\u201d \u2013Publishers Weekly   \u201cClark kanl\u0131 canl\u0131 bir atmosfer yaratm\u0131\u015f ve i\u00e7ini ilgin\u00e7, \u00e7etrefil kahramanlarla doldurmu\u015f.\u201d \u2013Locus  <\/p>\n","protected":false},"excerpt":{"rendered":"<p>2019 AMER\u0130KAN K\u00dcT\u00dcPHANE DERNE\u011e\u0130 ALEX \u00d6D\u00dcL\u00dc Ald\u0131\u011f\u0131 \u00f6d\u00fcllerle ad\u0131ndan s\u0131k\u00e7a s\u00f6z ettiren yazarlardan P. Dj\u00e8l\u00ed Clark, bizi 1800\u2019l\u00fc y\u0131llar\u0131n sonlar\u0131nda alternatif bir New Orleans tarihiyle ba\u015f<span class=\"excerpt-hellip\"> [\u2026]<\/span><\/p>\n","protected":false},"featured_media":0,"template":"","meta":{"_monsterinsights_skip_tracking":false,"_monsterinsights_sitenote_active":false,"_monsterinsights_sitenote_note":"","_monsterinsights_sitenote_category":0},"product_brand":[],"product_cat":[12540,12291],"product_tag":[],"class_list":{"0":"post-751673","1":"product","2":"type-product","3":"status-publish","5":"product_cat-bilim-kurgu","6":"product_cat-edebiyat","7":"pa_cilt-ciltsiz","8":"pa_tur-kitap","9":"pa_yayinevi-ithaki-yayinlari","10":"pa_yazar-p-djeli-clark","12":"first","13":"instock","14":"sale","15":"shipping-taxable","16":"purchasable","17":"product-type-simple"},"_links":{"self":[{"href":"https:\/\/roveyayinevi.com.tr\/index.php\/wp-json\/wp\/v2\/product\/751673","targetHints":{"allow":["GET"]}}],"collection":[{"href":"https:\/\/roveyayinevi.com.tr\/index.php\/wp-json\/wp\/v2\/product"}],"about":[{"href":"https:\/\/roveyayinevi.com.tr\/index.php\/wp-json\/wp\/v2\/types\/product"}],"wp:attachment":[{"href":"https:\/\/roveyayinevi.com.tr\/index.php\/wp-json\/wp\/v2\/media?parent=751673"}],"wp:term":[{"taxonomy":"product_brand","embeddable":true,"href":"https:\/\/roveyayinevi.com.tr\/index.php\/wp-json\/wp\/v2\/product_brand?post=751673"},{"taxonomy":"product_cat","embeddable":true,"href":"https:\/\/roveyayinevi.com.tr\/index.php\/wp-json\/wp\/v2\/product_cat?post=751673"},{"taxonomy":"product_tag","embeddable":true,"href":"https:\/\/roveyayinevi.com.tr\/index.php\/wp-json\/wp\/v2\/product_tag?post=751673"}],"curies":[{"name":"wp","href":"https:\/\/api.w.org\/{rel}","templated":true}]}}