{"id":751672,"date":"2025-08-28T04:55:39","date_gmt":"2025-08-28T01:55:39","guid":{"rendered":"https:\/\/roveyayinevi.com.tr\/index.php\/urun\/nehre-dogru\/"},"modified":"2026-04-16T03:04:51","modified_gmt":"2026-04-16T00:04:51","slug":"nehre-dogru","status":"publish","type":"product","link":"https:\/\/roveyayinevi.com.tr\/index.php\/urun\/nehre-dogru\/","title":{"rendered":"Nehre Do\u011fru"},"content":{"rendered":"<p>Virginia Woolf\u2019un 1941\u2019de Ouse Nehri\u2019ndeki intihar\u0131ndan neredeyse altm\u0131\u015f y\u0131l sonra Olivia Laing nehrin do\u011fdu\u011fu yerden denize do\u011fru bir y\u00fcr\u00fcy\u00fc\u015f yap\u0131yor. Bunun sonucunda da co\u011frafya ile tarihin nas\u0131l i\u00e7 i\u00e7e ge\u00e7ti\u011fini g\u00f6zler \u00f6n\u00fcne seren muazzam bir anlat\u0131 ortaya \u00e7\u0131k\u0131yor. Laing, ak\u0131nt\u0131y\u0131 edebiyat ve mitoloji tarihi boyunca takip ediyor. Ouse\u2019un batakl\u0131klar\u0131ndan ve 13. y\u00fczy\u0131ldaki ac\u0131mas\u0131z Baronlar Sava\u015f\u0131\u2019ndan, 19. y\u00fczy\u0131lda fosillerin \u015fifrelerini \u00e7\u00f6zen amat\u00f6r do\u011fabilim uzmanlar\u0131na uzanan hik\u00e2yeleri e\u015feliyor.   T\u00fcm bunlar\u0131 yaparken \u00e7al\u0131\u015fmas\u0131n\u0131n merkezine Virginia Woolf\u2019u al\u0131yor: hayat\u0131, eserleri ve sudaki \u00f6l\u00fcm\u00fc. Nehre Do\u011fru\u2019yu bu s\u0131rad\u0131\u015f\u0131 yazar\u0131n bir biyografisi olarak okumak da m\u00fcmk\u00fcn. Ama sayfalar\u0131 \u00e7evirirken ba\u015fka yazarlarla da kar\u015f\u0131la\u015fabilirsiniz: Iris Murdoch, Shakespeare, Homeros ve S\u00f6\u011f\u00fctl\u00fckte R\u00fczg\u00e2r\u2019\u0131n yazar\u0131 Kenneth Grahame. Sonu\u00e7 olarak elimize biyografiyi, tarihi, do\u011fa edebiyat\u0131n\u0131 ve Laing\u2019in hat\u0131rat\u0131n\u0131 harmanlayan bir eser ge\u00e7iyor.   \u201cOlivia Laing\u2019in ilk eseri Nehre Do\u011fru\u2019da, kitab\u0131 bir an\u0131 ya da biyografi olmaktan \u00e7\u0131kararak \u00e7ok daha cezbedici ve davetk\u00e2r bir \u015feylere d\u00f6n\u00fc\u015ft\u00fcren Sebaldvari bir taraf var.\u201d \u2013Guardian     \u201cBir m\u00fccevher vurgunu.\u201d \u2013Independent    \u201cBu, Laing\u2019in ilk kitab\u0131 ve kula\u011fa abart\u0131l\u0131 gelsin istemiyorum ama su metaforu tutkusu cezbedici \u2013 yazma bi\u00e7imi bana en g\u00f6rkemli h\u00e2liyle Richard Mabey\u2019in do\u011fa yaz\u0131lar\u0131 ve Alice Oswald\u2019\u0131n \u015fiirini hat\u0131rlat\u0131yor. Bu ikisi ve onlardan \u00f6nce yazan John Clare gibi, Laing bir cilt katman\u0131ndan yoksun g\u00f6r\u00fcn\u00fcyor ve bu da onu insan ruhunun k\u0131r\u0131lganl\u0131klar\u0131 gibi do\u011fal d\u00fcnyan\u0131n en k\u00fc\u00e7\u00fck titre\u015fimlerine duyarl\u0131 k\u0131l\u0131yor.\u201d \u2013The Times <\/p>\n","protected":false},"excerpt":{"rendered":"<p>Virginia Woolf\u2019un 1941\u2019de Ouse Nehri\u2019ndeki intihar\u0131ndan neredeyse altm\u0131\u015f y\u0131l sonra Olivia Laing nehrin do\u011fdu\u011fu yerden denize do\u011fru bir y\u00fcr\u00fcy\u00fc\u015f yap\u0131yor. Bunun sonucunda da co\u011frafya ile tarihin<span class=\"excerpt-hellip\"> [\u2026]<\/span><\/p>\n","protected":false},"featured_media":0,"template":"","meta":{"_monsterinsights_skip_tracking":false,"_monsterinsights_sitenote_active":false,"_monsterinsights_sitenote_note":"","_monsterinsights_sitenote_category":0},"product_brand":[],"product_cat":[12777,12291],"product_tag":[],"class_list":{"0":"post-751672","1":"product","2":"type-product","3":"status-publish","5":"product_cat-deneme","6":"product_cat-edebiyat","7":"pa_cilt-ciltsiz","8":"pa_tur-kitap","9":"pa_yayinevi-ithaki-yayinlari","10":"pa_yazar-olivia-laing","12":"first","13":"instock","14":"sale","15":"shipping-taxable","16":"purchasable","17":"product-type-simple"},"_links":{"self":[{"href":"https:\/\/roveyayinevi.com.tr\/index.php\/wp-json\/wp\/v2\/product\/751672","targetHints":{"allow":["GET"]}}],"collection":[{"href":"https:\/\/roveyayinevi.com.tr\/index.php\/wp-json\/wp\/v2\/product"}],"about":[{"href":"https:\/\/roveyayinevi.com.tr\/index.php\/wp-json\/wp\/v2\/types\/product"}],"wp:attachment":[{"href":"https:\/\/roveyayinevi.com.tr\/index.php\/wp-json\/wp\/v2\/media?parent=751672"}],"wp:term":[{"taxonomy":"product_brand","embeddable":true,"href":"https:\/\/roveyayinevi.com.tr\/index.php\/wp-json\/wp\/v2\/product_brand?post=751672"},{"taxonomy":"product_cat","embeddable":true,"href":"https:\/\/roveyayinevi.com.tr\/index.php\/wp-json\/wp\/v2\/product_cat?post=751672"},{"taxonomy":"product_tag","embeddable":true,"href":"https:\/\/roveyayinevi.com.tr\/index.php\/wp-json\/wp\/v2\/product_tag?post=751672"}],"curies":[{"name":"wp","href":"https:\/\/api.w.org\/{rel}","templated":true}]}}