{"id":751671,"date":"2025-08-28T04:55:37","date_gmt":"2025-08-28T01:55:37","guid":{"rendered":"https:\/\/roveyayinevi.com.tr\/index.php\/urun\/imparatorluk-denen-bir-ani\/"},"modified":"2026-04-16T03:04:51","modified_gmt":"2026-04-16T00:04:51","slug":"imparatorluk-denen-bir-ani","status":"publish","type":"product","link":"https:\/\/roveyayinevi.com.tr\/index.php\/urun\/imparatorluk-denen-bir-ani\/","title":{"rendered":"\u0130mparatorluk Denen Bir An\u0131"},"content":{"rendered":"<p>Hugo En \u0130yi Roman \u00d6d\u00fcl\u00fc   Teixcalaan ikilemesinin ilk kitab\u0131 \u0130mparatorluk Denen Bir An\u0131 okurlar\u0131 gizemli bir y\u0131ld\u0131zlararas\u0131 yolculu\u011fa davet ediyor!   B\u00fcy\u00fckel\u00e7i Mahit Dzmare, \u00e7ok sistemli Teixcalaan \u0130mparatorlu\u011fu\u2019nun merkezine vard\u0131\u011f\u0131nda, k\u00fc\u00e7\u00fck ama ba\u011f\u0131ms\u0131z bir yerle\u015fim olan Lsel \u0130stasyonu\u2019nun \u00f6nceki b\u00fcy\u00fckel\u00e7isinin, yani selefinin \u00f6ld\u00fc\u011f\u00fcn\u00fc \u00f6\u011frenir. B\u00fcy\u00fckel\u00e7inin \u00f6l\u00fcm sebebi belirsizdir ve imparatorluk saray\u0131nda entrikalar ba\u015f g\u00f6sterirken Mahit s\u0131radaki kurban\u0131n kendisi oldu\u011fundan \u015f\u00fcphelenmektedir.    Mahit hem cinayetin arkas\u0131ndakileri ke\u015ffetmek, hem hayatta kalmak hem de istasyonunu Teixcalaan\u2019\u0131n durmak bilmeyen yay\u0131lmac\u0131 politikalar\u0131ndan kurtarmak zorundad\u0131r. Bunlar\u0131 yaparken de tehlikeli bir oyun oynamas\u0131 ve istasyonunu yok edebilecek ya da onu kurtarabilecek kudretteki bir s\u0131rr\u0131 saklamas\u0131 gerekmektedir.   \u201c\u00c7arp\u0131c\u0131 bir ilk roman. Muhte\u015fem!\u201d \u2013Rick Riordan   \u201cSiyasi uzay operas\u0131yla i\u00e7 i\u00e7e ge\u00e7mi\u015f bir cinayet hik\u00e2yesi. Kitap, okurlar\u0131 e\u015fsiz bir k\u00fclt\u00fcr ve topluma davet ediyor.\u201d \u2013Martha Wells   \u201cHer y\u00f6n\u00fcyle muhte\u015fem bir uzay operas\u0131. Bay\u0131ld\u0131m!\u201d \u2013Ann Leckie   \u201cBu kitapta sevdi\u011fim her \u015fey var: kimlik bunal\u0131m\u0131, beklenmedik a\u015fk, karma\u015f\u0131k siyaset ve kurnaz macerac\u0131lar. E\u011flenceli ve b\u00fcy\u00fcleyici.\u201d \u2013Charlie Jane Anders <\/p>\n","protected":false},"excerpt":{"rendered":"<p>Hugo En \u0130yi Roman \u00d6d\u00fcl\u00fc Teixcalaan ikilemesinin ilk kitab\u0131 \u0130mparatorluk Denen Bir An\u0131 okurlar\u0131 gizemli bir y\u0131ld\u0131zlararas\u0131 yolculu\u011fa davet ediyor! B\u00fcy\u00fckel\u00e7i Mahit Dzmare, \u00e7ok sistemli Teixcalaan<span class=\"excerpt-hellip\"> [\u2026]<\/span><\/p>\n","protected":false},"featured_media":0,"template":"","meta":{"_monsterinsights_skip_tracking":false,"_monsterinsights_sitenote_active":false,"_monsterinsights_sitenote_note":"","_monsterinsights_sitenote_category":0},"product_brand":[],"product_cat":[12540,12291],"product_tag":[],"class_list":{"0":"post-751671","1":"product","2":"type-product","3":"status-publish","5":"product_cat-bilim-kurgu","6":"product_cat-edebiyat","7":"pa_cilt-ciltsiz","8":"pa_tur-kitap","9":"pa_yayinevi-ithaki-yayinlari","10":"pa_yazar-arkady-martine","12":"first","13":"instock","14":"sale","15":"shipping-taxable","16":"purchasable","17":"product-type-simple"},"_links":{"self":[{"href":"https:\/\/roveyayinevi.com.tr\/index.php\/wp-json\/wp\/v2\/product\/751671","targetHints":{"allow":["GET"]}}],"collection":[{"href":"https:\/\/roveyayinevi.com.tr\/index.php\/wp-json\/wp\/v2\/product"}],"about":[{"href":"https:\/\/roveyayinevi.com.tr\/index.php\/wp-json\/wp\/v2\/types\/product"}],"wp:attachment":[{"href":"https:\/\/roveyayinevi.com.tr\/index.php\/wp-json\/wp\/v2\/media?parent=751671"}],"wp:term":[{"taxonomy":"product_brand","embeddable":true,"href":"https:\/\/roveyayinevi.com.tr\/index.php\/wp-json\/wp\/v2\/product_brand?post=751671"},{"taxonomy":"product_cat","embeddable":true,"href":"https:\/\/roveyayinevi.com.tr\/index.php\/wp-json\/wp\/v2\/product_cat?post=751671"},{"taxonomy":"product_tag","embeddable":true,"href":"https:\/\/roveyayinevi.com.tr\/index.php\/wp-json\/wp\/v2\/product_tag?post=751671"}],"curies":[{"name":"wp","href":"https:\/\/api.w.org\/{rel}","templated":true}]}}