{"id":751669,"date":"2025-08-28T04:55:34","date_gmt":"2025-08-28T01:55:34","guid":{"rendered":"https:\/\/roveyayinevi.com.tr\/index.php\/urun\/kadinlarin-size-guzellik-borcu-yok\/"},"modified":"2026-04-16T03:04:51","modified_gmt":"2026-04-16T00:04:51","slug":"kadinlarin-size-guzellik-borcu-yok","status":"publish","type":"product","link":"https:\/\/roveyayinevi.com.tr\/index.php\/urun\/kadinlarin-size-guzellik-borcu-yok\/","title":{"rendered":"Kad\u0131nlar\u0131n Size G\u00fczellik Borcu Yok"},"content":{"rendered":"<p>BU K\u0130TAP HAYATINIZI MAHVEDECEK(OLAB\u0130LECEK EN \u0130Y\u0130 \u015eEK\u0130LDE)   Bize s\u00fcrekli ya \u00e7ok fazla oldu\u011fumuzu ya da yetersiz kald\u0131\u011f\u0131m\u0131z\u0131 s\u00f6yleyen bir d\u00fcnyada ya\u015f\u0131yoruz. \u00d6zg\u00fcvenimiz baltalan\u0131rken ba\u015fkalar\u0131n\u0131n kusurlar\u0131n\u0131 g\u00f6rd\u00fck\u00e7e rahatl\u0131yor, istemeden de olsa bu d\u00fczenin par\u00e7as\u0131 oluyoruz. Ancak art\u0131k kendimizi sevmenin ve d\u00fcnyaya hi\u00e7bir \u015fey bor\u00e7lu olmad\u0131\u011f\u0131m\u0131z\u0131 fark etmenin zaman\u0131 geldi.   \u201cKorkusuzca yaz\u0131lm\u0131\u015f.\u201d \u2014Cosmopolitan   \u201cFlorence Given \u00e7ok etkileyici bir gen\u00e7 kad\u0131n.\u201d \u2014Woman\u2019s Hour   \u201cBu nesle dair kusursuz tespitler.\u201d \u2014Evening Standard   \u201cModern feminizmin ola\u011fan\u00fcst\u00fc s\u00f6zc\u00fcs\u00fc.\u201d \u2014Glamour <\/p>\n","protected":false},"excerpt":{"rendered":"<p>BU K\u0130TAP HAYATINIZI MAHVEDECEK(OLAB\u0130LECEK EN \u0130Y\u0130 \u015eEK\u0130LDE) Bize s\u00fcrekli ya \u00e7ok fazla oldu\u011fumuzu ya da yetersiz kald\u0131\u011f\u0131m\u0131z\u0131 s\u00f6yleyen bir d\u00fcnyada ya\u015f\u0131yoruz. \u00d6zg\u00fcvenimiz baltalan\u0131rken ba\u015fkalar\u0131n\u0131n kusurlar\u0131n\u0131 g\u00f6rd\u00fck\u00e7e<span class=\"excerpt-hellip\"> [\u2026]<\/span><\/p>\n","protected":false},"featured_media":0,"template":"","meta":{"_monsterinsights_skip_tracking":false,"_monsterinsights_sitenote_active":false,"_monsterinsights_sitenote_note":"","_monsterinsights_sitenote_category":0},"product_brand":[],"product_cat":[14741,13488],"product_tag":[],"class_list":{"0":"post-751669","1":"product","2":"type-product","3":"status-publish","5":"product_cat-kadin-sorunlari-feminizm","6":"product_cat-toplum-ve-insan","7":"pa_cilt-ciltsiz","8":"pa_tur-kitap","9":"pa_yayinevi-yabanci-yayinevi","10":"pa_yazar-florence-given","12":"first","13":"instock","14":"sale","15":"shipping-taxable","16":"purchasable","17":"product-type-simple"},"_links":{"self":[{"href":"https:\/\/roveyayinevi.com.tr\/index.php\/wp-json\/wp\/v2\/product\/751669","targetHints":{"allow":["GET"]}}],"collection":[{"href":"https:\/\/roveyayinevi.com.tr\/index.php\/wp-json\/wp\/v2\/product"}],"about":[{"href":"https:\/\/roveyayinevi.com.tr\/index.php\/wp-json\/wp\/v2\/types\/product"}],"wp:attachment":[{"href":"https:\/\/roveyayinevi.com.tr\/index.php\/wp-json\/wp\/v2\/media?parent=751669"}],"wp:term":[{"taxonomy":"product_brand","embeddable":true,"href":"https:\/\/roveyayinevi.com.tr\/index.php\/wp-json\/wp\/v2\/product_brand?post=751669"},{"taxonomy":"product_cat","embeddable":true,"href":"https:\/\/roveyayinevi.com.tr\/index.php\/wp-json\/wp\/v2\/product_cat?post=751669"},{"taxonomy":"product_tag","embeddable":true,"href":"https:\/\/roveyayinevi.com.tr\/index.php\/wp-json\/wp\/v2\/product_tag?post=751669"}],"curies":[{"name":"wp","href":"https:\/\/api.w.org\/{rel}","templated":true}]}}