{"id":751667,"date":"2025-08-28T04:55:30","date_gmt":"2025-08-28T01:55:30","guid":{"rendered":"https:\/\/roveyayinevi.com.tr\/index.php\/urun\/peri-prensi-ile-dans\/"},"modified":"2026-04-16T03:04:51","modified_gmt":"2026-04-16T00:04:51","slug":"peri-prensi-ile-dans","status":"publish","type":"product","link":"https:\/\/roveyayinevi.com.tr\/index.php\/urun\/peri-prensi-ile-dans\/","title":{"rendered":"Peri Prensi ile Dans"},"content":{"rendered":"<p>NE A\u015eKA \u0130NANIYORDU NE DE PER\u0130LERE FAKAT HER \u0130K\u0130S\u0130 DE ONU \u00c7A\u011eIRIYORDU   A\u015fk\u0131 yaln\u0131zca ailesinin par\u00e7alanma sebebi olarak g\u00f6ren Katria kendisini asla bu duruma sokmayaca\u011f\u0131na yemin etmi\u015fti. Bu y\u00fczden de Fenwood isimli gizemli bir lordla zorla evlendirildi\u011finde tozpembe hayallere kap\u0131lmam\u0131\u015ft\u0131. Fakat eski hayat\u0131ndan ka\u00e7mak isterken tam da en korktu\u011fu \u015feyin kalbine ko\u015ftu\u011fundan habersizdi.   Yeni evinde tuhaf kurallar vard\u0131; kocas\u0131n\u0131n y\u00fcz\u00fcne bakmas\u0131, gece ne duyarsa duysun odas\u0131ndan \u00e7\u0131kmas\u0131 ve ger\u00e7ek oldu\u011funa asla inanmad\u0131\u011f\u0131 perilerle dolu ormana yakla\u015fmas\u0131 yasakt\u0131. G\u00f6rmemesi gereken bir rit\u00fcele \u015fahit oldu\u011funda ise kendini Ortadiyar\u2019da bulacakt\u0131.   Orada sa\u011f kalmak bir insan i\u00e7in yeterince zorken, yanl\u0131\u015fl\u0131kla ele ge\u00e7irdi\u011fi kadim b\u00fcy\u00fc, kana susam\u0131\u015f bir kral\u0131n da onun pe\u015fine d\u00fc\u015fmesine yol a\u00e7acakt\u0131. Perilerin kaderi art\u0131k Katria\u2019n\u0131n ellerindeydi, peki ya onu kim kurtaracakt\u0131?   \u201cBu kitap muhte\u015femdi ve her sayfada beni b\u00fcy\u00fcledi.\u201d \u2014Libraryinthecountry <\/p>\n","protected":false},"excerpt":{"rendered":"<p>NE A\u015eKA \u0130NANIYORDU NE DE PER\u0130LERE FAKAT HER \u0130K\u0130S\u0130 DE ONU \u00c7A\u011eIRIYORDU A\u015fk\u0131 yaln\u0131zca ailesinin par\u00e7alanma sebebi olarak g\u00f6ren Katria kendisini asla bu duruma sokmayaca\u011f\u0131na yemin<span class=\"excerpt-hellip\"> [\u2026]<\/span><\/p>\n","protected":false},"featured_media":0,"template":"","meta":{"_monsterinsights_skip_tracking":false,"_monsterinsights_sitenote_active":false,"_monsterinsights_sitenote_note":"","_monsterinsights_sitenote_category":0},"product_brand":[],"product_cat":[12291,14777],"product_tag":[],"class_list":{"0":"post-751667","1":"product","2":"type-product","3":"status-publish","5":"product_cat-edebiyat","6":"product_cat-fantastik","7":"pa_cilt-ciltsiz","8":"pa_tur-kitap","9":"pa_yayinevi-yabanci-yayinevi","10":"pa_yazar-elise-kova","12":"first","13":"instock","14":"sale","15":"shipping-taxable","16":"purchasable","17":"product-type-simple"},"_links":{"self":[{"href":"https:\/\/roveyayinevi.com.tr\/index.php\/wp-json\/wp\/v2\/product\/751667","targetHints":{"allow":["GET"]}}],"collection":[{"href":"https:\/\/roveyayinevi.com.tr\/index.php\/wp-json\/wp\/v2\/product"}],"about":[{"href":"https:\/\/roveyayinevi.com.tr\/index.php\/wp-json\/wp\/v2\/types\/product"}],"wp:attachment":[{"href":"https:\/\/roveyayinevi.com.tr\/index.php\/wp-json\/wp\/v2\/media?parent=751667"}],"wp:term":[{"taxonomy":"product_brand","embeddable":true,"href":"https:\/\/roveyayinevi.com.tr\/index.php\/wp-json\/wp\/v2\/product_brand?post=751667"},{"taxonomy":"product_cat","embeddable":true,"href":"https:\/\/roveyayinevi.com.tr\/index.php\/wp-json\/wp\/v2\/product_cat?post=751667"},{"taxonomy":"product_tag","embeddable":true,"href":"https:\/\/roveyayinevi.com.tr\/index.php\/wp-json\/wp\/v2\/product_tag?post=751667"}],"curies":[{"name":"wp","href":"https:\/\/api.w.org\/{rel}","templated":true}]}}