{"id":751666,"date":"2025-08-28T04:55:28","date_gmt":"2025-08-28T01:55:28","guid":{"rendered":"https:\/\/roveyayinevi.com.tr\/index.php\/urun\/fon\/"},"modified":"2026-04-16T03:04:51","modified_gmt":"2026-04-16T00:04:51","slug":"fon","status":"publish","type":"product","link":"https:\/\/roveyayinevi.com.tr\/index.php\/urun\/fon\/","title":{"rendered":"Fon"},"content":{"rendered":"<p>Siyaset, ticaret, cemaat \u00fc\u00e7geninde ya\u015fananlar\u0131n roman\u0131&#8230; Y\u00fcksek getiri vaat eden Slalom Fonu, s\u0131radan yat\u0131r\u0131mc\u0131lar d\u0131\u015f\u0131nda b\u00fcy\u00fck oyuncular\u0131n da i\u015ftah\u0131n\u0131 \u00e7ekmi\u015ftir. Farkl\u0131 kat\u0131l\u0131mc\u0131lar\u0131n olu\u015fturdu\u011fu karma\u015f\u0131k ili\u015fki a\u011f\u0131, fonda sorunlar ya\u015fanmaya ba\u015flay\u0131nca zorlu \u00e7\u0131kar \u00e7at\u0131\u015fmalar\u0131na yol a\u00e7ar. Maliye Bakanl\u0131\u011f\u0131ndan bu fon hakk\u0131nda gizli bir mali inceleme yapmas\u0131 istenen Murat, ya\u015fanan pek \u00e7ok geli\u015fmenin ard\u0131ndan kendini fonla ba\u011flant\u0131l\u0131 soygun, intihar ve cinayet vakalar\u0131n\u0131 ayd\u0131nlatmak i\u00e7in savc\u0131ya ve Komiser Tar\u0131k\u2019a yard\u0131mc\u0131 olmaya \u00e7al\u0131\u015f\u0131rken bulacakt\u0131r. \u0130\u00e7ine girildik\u00e7e \u00e7\u0131kmaz sokaklara d\u00f6n\u00fc\u015fen, siyaset\u00e7i, i\u015f insan\u0131 ve cemaat \u00fc\u00e7geninde ya\u015fanan r\u00fc\u015fvet ve yolsuzluk d\u00fczenine kar\u015f\u0131 m\u00fccadele eden bir avu\u00e7 d\u00fcr\u00fcst ve cesur insan\u0131n \u00e7abas\u0131 sonu\u00e7 verebilecek midir? Fon, Mahfi E\u011filmez\u2019in kara roman \u00fc\u00e7lemesinin, Inferis ve Sahte Sultan\u2019\u0131n ard\u0131ndan yeni kitab\u0131.<\/p>\n","protected":false},"excerpt":{"rendered":"<p>Siyaset, ticaret, cemaat \u00fc\u00e7geninde ya\u015fananlar\u0131n roman\u0131&#8230; Y\u00fcksek getiri vaat eden Slalom Fonu, s\u0131radan yat\u0131r\u0131mc\u0131lar d\u0131\u015f\u0131nda b\u00fcy\u00fck oyuncular\u0131n da i\u015ftah\u0131n\u0131 \u00e7ekmi\u015ftir. Farkl\u0131 kat\u0131l\u0131mc\u0131lar\u0131n olu\u015fturdu\u011fu karma\u015f\u0131k ili\u015fki a\u011f\u0131,<span class=\"excerpt-hellip\"> [\u2026]<\/span><\/p>\n","protected":false},"featured_media":0,"template":"","meta":{"_monsterinsights_skip_tracking":false,"_monsterinsights_sitenote_active":false,"_monsterinsights_sitenote_note":"","_monsterinsights_sitenote_category":0},"product_brand":[],"product_cat":[12291,12711],"product_tag":[],"class_list":{"0":"post-751666","1":"product","2":"type-product","3":"status-publish","5":"product_cat-edebiyat","6":"product_cat-roman-oyku","7":"pa_cilt-ciltsiz","8":"pa_tur-kitap","9":"pa_yayinevi-remzi-kitabevi","10":"pa_yazar-mahfi-egilmez","12":"first","13":"instock","14":"sale","15":"shipping-taxable","16":"purchasable","17":"product-type-simple"},"_links":{"self":[{"href":"https:\/\/roveyayinevi.com.tr\/index.php\/wp-json\/wp\/v2\/product\/751666","targetHints":{"allow":["GET"]}}],"collection":[{"href":"https:\/\/roveyayinevi.com.tr\/index.php\/wp-json\/wp\/v2\/product"}],"about":[{"href":"https:\/\/roveyayinevi.com.tr\/index.php\/wp-json\/wp\/v2\/types\/product"}],"wp:attachment":[{"href":"https:\/\/roveyayinevi.com.tr\/index.php\/wp-json\/wp\/v2\/media?parent=751666"}],"wp:term":[{"taxonomy":"product_brand","embeddable":true,"href":"https:\/\/roveyayinevi.com.tr\/index.php\/wp-json\/wp\/v2\/product_brand?post=751666"},{"taxonomy":"product_cat","embeddable":true,"href":"https:\/\/roveyayinevi.com.tr\/index.php\/wp-json\/wp\/v2\/product_cat?post=751666"},{"taxonomy":"product_tag","embeddable":true,"href":"https:\/\/roveyayinevi.com.tr\/index.php\/wp-json\/wp\/v2\/product_tag?post=751666"}],"curies":[{"name":"wp","href":"https:\/\/api.w.org\/{rel}","templated":true}]}}