{"id":751665,"date":"2025-08-28T04:55:27","date_gmt":"2025-08-28T01:55:27","guid":{"rendered":"https:\/\/roveyayinevi.com.tr\/index.php\/urun\/ataturk-diriliyor\/"},"modified":"2026-04-16T03:04:51","modified_gmt":"2026-04-16T00:04:51","slug":"ataturk-diriliyor","status":"publish","type":"product","link":"https:\/\/roveyayinevi.com.tr\/index.php\/urun\/ataturk-diriliyor\/","title":{"rendered":"Atat\u00fcrk Diriliyor"},"content":{"rendered":"<p>\u201cAtat\u00fcrk d\u00fcnyan\u0131n fark\u0131na erken varanlardand\u0131r!\u201d \u2013 Winston Churchill   \u2022 Yarat\u0131l\u0131\u015f\u0131n ba\u015flat\u0131lm\u0131\u015f oldu\u011fu sakl\u0131 Mu\u2019yu, dolay\u0131s\u0131yla da Spatyum\u2019u (Levh-i Mahfuz) betimleyerek veya betimleterek b\u00fcy\u00fck s\u0131rlara v\u00e2k\u0131f olmas\u0131. \u2022 Ahaz\u2019\u0131n g\u00fcne\u015f saatinde olu\u015fturulan Tanr\u0131\u2019n\u0131n ve D\u00fcnya Kral\u0131 Thotma\u2019n\u0131n Felsefe kitab\u0131nda yer alan geometriyi d\u00fczenleyerek \u00fclkesine kazand\u0131rmas\u0131. \u2022 Atat\u00fcrk\u2019\u00fcn Anka, Heron projesi olarak ileri s\u00fcr\u00fclen ve Levh-i Mahfuz\u2019daki asl\u0131na bire bir uyan Ka adl\u0131 \u00e7izimiyle ilmin bir nokta oldu\u011funu, sonradan b\u00fcy\u00fcy\u00fcp anla\u015f\u0131lmaz hale getirildi\u011fini kan\u0131tlamas\u0131. \u2022 \u201cYurtta sulh, cihanda sulh!\u201d slogan\u0131. \u2022 Devrimleri. \u2022 Laiklik fikrini benimseyerek, din ile devlet i\u015flerini birbirinden ay\u0131rmas\u0131.   Bu say\u0131lanlar, Atat\u00fcrk\u2019\u00fcn g\u00f6nderilmi\u015f bir g\u00f6revli oldu\u011funun kan\u0131tlar\u0131ndan birka\u00e7\u0131d\u0131r. Mustafa Kemal Atat\u00fcrk sadece bir kumandan, bir siyaset adam\u0131 de\u011fildir. M\u00fcthi\u015f \u00f6nsezileri olan ve enjekte bilgiye sahip bir varl\u0131kt\u0131r. Yani kendisi enkarne olmadan evvel yery\u00fcz\u00fcnde yap\u0131lacak olan b\u00fct\u00fcn maddi i\u015flemler hakk\u0131nda a\u00e7\u0131k ve se\u00e7ik genel bilgiye sahip ve ilerleyi\u015fini temin edecek olan her t\u00fcrl\u00fc yolun da nas\u0131l olmas\u0131 gerekti\u011fi hakk\u0131nda ilkelere ve kurallara malik olan bir insand\u0131r. Do\u011fu\u015ftan bilgi ile do\u011fup gelmi\u015ftir. Sonra yery\u00fcz\u00fcndeki e\u011fitimiyle, kendi varl\u0131\u011f\u0131nda mevcut olan, vazifesi ile alakal\u0131 her t\u00fcrl\u00fc bilgiyi kendi varl\u0131\u011f\u0131nda ta\u015f\u0131yarak gelmi\u015ftir. Yapt\u0131\u011f\u0131 i\u015f, sadece tatbikatlar esnas\u0131nda, uygulamalar s\u0131ras\u0131nda hat\u0131rlamaktan ibarettir. Hi\u00e7bir kumandan kolayl\u0131kla \u00e7\u0131k\u0131p da \u201cBen size \u00f6lmeyi emrediyorum!\u201d diyemez. T\u00fcrk askeri d\u0131\u015f\u0131nda da hi\u00e7bir asker b\u00f6yle bir emri yerine getiremez! &#8211; Erg\u00fcn Ar\u0131kdal <\/p>\n","protected":false},"excerpt":{"rendered":"<p>\u201cAtat\u00fcrk d\u00fcnyan\u0131n fark\u0131na erken varanlardand\u0131r!\u201d \u2013 Winston Churchill \u2022 Yarat\u0131l\u0131\u015f\u0131n ba\u015flat\u0131lm\u0131\u015f oldu\u011fu sakl\u0131 Mu\u2019yu, dolay\u0131s\u0131yla da Spatyum\u2019u (Levh-i Mahfuz) betimleyerek veya betimleterek b\u00fcy\u00fck s\u0131rlara v\u00e2k\u0131f olmas\u0131.<span class=\"excerpt-hellip\"> [\u2026]<\/span><\/p>\n","protected":false},"featured_media":0,"template":"","meta":{"_monsterinsights_skip_tracking":false,"_monsterinsights_sitenote_active":false,"_monsterinsights_sitenote_note":"","_monsterinsights_sitenote_category":0},"product_brand":[],"product_cat":[12370,12304],"product_tag":[],"class_list":{"0":"post-751665","1":"product","2":"type-product","3":"status-publish","5":"product_cat-arastirma-inceleme","6":"product_cat-tarih","7":"pa_cilt-ciltsiz","8":"pa_tur-kitap","9":"pa_yayinevi-destek-yayinlari","10":"pa_yazar-huseyin-hakki-kahveci","12":"first","13":"instock","14":"sale","15":"shipping-taxable","16":"purchasable","17":"product-type-simple"},"_links":{"self":[{"href":"https:\/\/roveyayinevi.com.tr\/index.php\/wp-json\/wp\/v2\/product\/751665","targetHints":{"allow":["GET"]}}],"collection":[{"href":"https:\/\/roveyayinevi.com.tr\/index.php\/wp-json\/wp\/v2\/product"}],"about":[{"href":"https:\/\/roveyayinevi.com.tr\/index.php\/wp-json\/wp\/v2\/types\/product"}],"wp:attachment":[{"href":"https:\/\/roveyayinevi.com.tr\/index.php\/wp-json\/wp\/v2\/media?parent=751665"}],"wp:term":[{"taxonomy":"product_brand","embeddable":true,"href":"https:\/\/roveyayinevi.com.tr\/index.php\/wp-json\/wp\/v2\/product_brand?post=751665"},{"taxonomy":"product_cat","embeddable":true,"href":"https:\/\/roveyayinevi.com.tr\/index.php\/wp-json\/wp\/v2\/product_cat?post=751665"},{"taxonomy":"product_tag","embeddable":true,"href":"https:\/\/roveyayinevi.com.tr\/index.php\/wp-json\/wp\/v2\/product_tag?post=751665"}],"curies":[{"name":"wp","href":"https:\/\/api.w.org\/{rel}","templated":true}]}}