{"id":751664,"date":"2025-08-28T04:55:25","date_gmt":"2025-08-28T01:55:25","guid":{"rendered":"https:\/\/roveyayinevi.com.tr\/index.php\/urun\/gidengelmez-dagi\/"},"modified":"2026-04-16T03:04:51","modified_gmt":"2026-04-16T00:04:51","slug":"gidengelmez-dagi","status":"publish","type":"product","link":"https:\/\/roveyayinevi.com.tr\/index.php\/urun\/gidengelmez-dagi\/","title":{"rendered":"Gidengelmez Da\u011f\u0131"},"content":{"rendered":"<p>Gidengelmez Da\u011f\u0131 \u0130brahim G\u00f6kburun   Gitmek i\u00e7in k\u0131vr\u0131lan \u0131rmaklara benziyor mutluluk B\u00fcy\u00fcmek i\u00e7in sab\u0131rs\u0131zlanan \u00e7ocuklara Hi\u00e7 acelesi olmayan bulutlara A\u011flamak i\u00e7in bir bahane arayan kad\u0131nlara Budanm\u0131\u015f hayat a\u011fac\u0131na benziyor mutluluk <\/p>\n","protected":false},"excerpt":{"rendered":"<p>Gidengelmez Da\u011f\u0131 \u0130brahim G\u00f6kburun Gitmek i\u00e7in k\u0131vr\u0131lan \u0131rmaklara benziyor mutluluk B\u00fcy\u00fcmek i\u00e7in sab\u0131rs\u0131zlanan \u00e7ocuklara Hi\u00e7 acelesi olmayan bulutlara A\u011flamak i\u00e7in bir bahane arayan kad\u0131nlara Budanm\u0131\u015f hayat<span class=\"excerpt-hellip\"> [\u2026]<\/span><\/p>\n","protected":false},"featured_media":0,"template":"","meta":{"_monsterinsights_skip_tracking":false,"_monsterinsights_sitenote_active":false,"_monsterinsights_sitenote_note":"","_monsterinsights_sitenote_category":0},"product_brand":[],"product_cat":[12291,12509],"product_tag":[],"class_list":{"0":"post-751664","1":"product","2":"type-product","3":"status-publish","5":"product_cat-edebiyat","6":"product_cat-siir","7":"pa_cilt-ciltsiz","8":"pa_tur-kitap","9":"pa_yayinevi-profil-kitap","10":"pa_yazar-ibrahim-gokburun","12":"first","13":"instock","14":"sale","15":"shipping-taxable","16":"purchasable","17":"product-type-simple"},"_links":{"self":[{"href":"https:\/\/roveyayinevi.com.tr\/index.php\/wp-json\/wp\/v2\/product\/751664","targetHints":{"allow":["GET"]}}],"collection":[{"href":"https:\/\/roveyayinevi.com.tr\/index.php\/wp-json\/wp\/v2\/product"}],"about":[{"href":"https:\/\/roveyayinevi.com.tr\/index.php\/wp-json\/wp\/v2\/types\/product"}],"wp:attachment":[{"href":"https:\/\/roveyayinevi.com.tr\/index.php\/wp-json\/wp\/v2\/media?parent=751664"}],"wp:term":[{"taxonomy":"product_brand","embeddable":true,"href":"https:\/\/roveyayinevi.com.tr\/index.php\/wp-json\/wp\/v2\/product_brand?post=751664"},{"taxonomy":"product_cat","embeddable":true,"href":"https:\/\/roveyayinevi.com.tr\/index.php\/wp-json\/wp\/v2\/product_cat?post=751664"},{"taxonomy":"product_tag","embeddable":true,"href":"https:\/\/roveyayinevi.com.tr\/index.php\/wp-json\/wp\/v2\/product_tag?post=751664"}],"curies":[{"name":"wp","href":"https:\/\/api.w.org\/{rel}","templated":true}]}}