{"id":751663,"date":"2025-08-28T04:55:23","date_gmt":"2025-08-28T01:55:23","guid":{"rendered":"https:\/\/roveyayinevi.com.tr\/index.php\/urun\/hayatimin-sirlari\/"},"modified":"2026-04-16T03:04:51","modified_gmt":"2026-04-16T00:04:51","slug":"hayatimin-sirlari","status":"publish","type":"product","link":"https:\/\/roveyayinevi.com.tr\/index.php\/urun\/hayatimin-sirlari\/","title":{"rendered":"Hayat\u0131m\u0131n S\u0131rlar\u0131"},"content":{"rendered":"<p>U\u011fur D\u00fcndar kimseyi satmaz. Sa\u011flam adamd\u0131r. D\u00f6n s\u0131rt\u0131n\u0131, koy \u00f6n\u00fcne milyarlar\u0131, aileni, git. Y\u0131llar sonra d\u00f6n gel, o emanetler aynen orada duruyordur. N\u00f6betinde de U\u011fur vard\u0131r. G\u00fcn\u00fcm\u00fczde azalan, yok olmaya y\u00fcz tutan pek \u00e7ok hasleti, U\u011fur bir mahfazan\u0131n i\u00e7inde saklam\u0131\u015f ve korumu\u015ftur. Siz d\u00f6nene kadar o mahfazan\u0131n kapa\u011f\u0131n\u0131n hep kapal\u0131 tutulaca\u011f\u0131ndan emin olabilirsiniz.   * * *   \u0130yi bir kitap oldu. Okuyun derim. U\u011fur\u2026 Seni seviyorum karde\u015fim. Say\u0131yorum da\u2026   M\u00fcjdat Gezen <\/p>\n","protected":false},"excerpt":{"rendered":"<p>U\u011fur D\u00fcndar kimseyi satmaz. Sa\u011flam adamd\u0131r. D\u00f6n s\u0131rt\u0131n\u0131, koy \u00f6n\u00fcne milyarlar\u0131, aileni, git. Y\u0131llar sonra d\u00f6n gel, o emanetler aynen orada duruyordur. N\u00f6betinde de U\u011fur vard\u0131r.<span class=\"excerpt-hellip\"> [\u2026]<\/span><\/p>\n","protected":false},"featured_media":0,"template":"","meta":{"_monsterinsights_skip_tracking":false,"_monsterinsights_sitenote_active":false,"_monsterinsights_sitenote_note":"","_monsterinsights_sitenote_category":0},"product_brand":[],"product_cat":[14009,12291],"product_tag":[],"class_list":{"0":"post-751663","1":"product","2":"type-product","3":"status-publish","5":"product_cat-biyografi-otobiyografi-edebiyat","6":"product_cat-edebiyat","7":"pa_cilt-ciltsiz","8":"pa_tur-kitap","9":"pa_yayinevi-kirmizi-kedi-yayinevi","10":"pa_yazar-hasan-baran","12":"first","13":"instock","14":"sale","15":"shipping-taxable","16":"purchasable","17":"product-type-simple"},"_links":{"self":[{"href":"https:\/\/roveyayinevi.com.tr\/index.php\/wp-json\/wp\/v2\/product\/751663","targetHints":{"allow":["GET"]}}],"collection":[{"href":"https:\/\/roveyayinevi.com.tr\/index.php\/wp-json\/wp\/v2\/product"}],"about":[{"href":"https:\/\/roveyayinevi.com.tr\/index.php\/wp-json\/wp\/v2\/types\/product"}],"wp:attachment":[{"href":"https:\/\/roveyayinevi.com.tr\/index.php\/wp-json\/wp\/v2\/media?parent=751663"}],"wp:term":[{"taxonomy":"product_brand","embeddable":true,"href":"https:\/\/roveyayinevi.com.tr\/index.php\/wp-json\/wp\/v2\/product_brand?post=751663"},{"taxonomy":"product_cat","embeddable":true,"href":"https:\/\/roveyayinevi.com.tr\/index.php\/wp-json\/wp\/v2\/product_cat?post=751663"},{"taxonomy":"product_tag","embeddable":true,"href":"https:\/\/roveyayinevi.com.tr\/index.php\/wp-json\/wp\/v2\/product_tag?post=751663"}],"curies":[{"name":"wp","href":"https:\/\/api.w.org\/{rel}","templated":true}]}}