{"id":751662,"date":"2025-08-28T04:55:21","date_gmt":"2025-08-28T01:55:21","guid":{"rendered":"https:\/\/roveyayinevi.com.tr\/index.php\/urun\/fire-force-alev-gucu-4-cilt\/"},"modified":"2026-04-16T03:04:51","modified_gmt":"2026-04-16T00:04:51","slug":"fire-force-alev-gucu-4-cilt","status":"publish","type":"product","link":"https:\/\/roveyayinevi.com.tr\/index.php\/urun\/fire-force-alev-gucu-4-cilt\/","title":{"rendered":"Fire Force Alev G\u00fcc\u00fc 4. Cilt"},"content":{"rendered":"<p>Alevli bir maceraya haz\u0131r m\u0131s\u0131n\u0131z?   \u015einra, birinin insanlar\u0131 alev insana d\u00f6n\u00fc\u015ft\u00fcrmek i\u00e7in b\u00f6cek kulland\u0131\u011f\u0131n\u0131 ke\u015ffetti. \u015e\u00fcphelileri eleye eleye sonunda elinde iki \u015f\u00fcpheli kald\u0131. \u015eimdi hangisinin ger\u00e7ek su\u00e7lu oldu\u011funu bulmak zorunda. \u015einra yakalanmadan kimin dost, kimin d\u00fc\u015fman oldu\u011funu bulabilecek mi?<\/p>\n","protected":false},"excerpt":{"rendered":"<p>Alevli bir maceraya haz\u0131r m\u0131s\u0131n\u0131z? \u015einra, birinin insanlar\u0131 alev insana d\u00f6n\u00fc\u015ft\u00fcrmek i\u00e7in b\u00f6cek kulland\u0131\u011f\u0131n\u0131 ke\u015ffetti. \u015e\u00fcphelileri eleye eleye sonunda elinde iki \u015f\u00fcpheli kald\u0131. \u015eimdi hangisinin ger\u00e7ek<span class=\"excerpt-hellip\"> [\u2026]<\/span><\/p>\n","protected":false},"featured_media":0,"template":"","meta":{"_monsterinsights_skip_tracking":false,"_monsterinsights_sitenote_active":false,"_monsterinsights_sitenote_note":"","_monsterinsights_sitenote_category":0},"product_brand":[],"product_cat":[12416,12291],"product_tag":[],"class_list":{"0":"post-751662","1":"product","2":"type-product","3":"status-publish","5":"product_cat-cizgi-roman","6":"product_cat-edebiyat","7":"pa_cilt-ciltsiz","8":"pa_tur-kitap","9":"pa_yayinevi-akil-celen-kitaplar","10":"pa_yazar-atsushi-ohkubo","12":"first","13":"instock","14":"sale","15":"shipping-taxable","16":"purchasable","17":"product-type-simple"},"_links":{"self":[{"href":"https:\/\/roveyayinevi.com.tr\/index.php\/wp-json\/wp\/v2\/product\/751662","targetHints":{"allow":["GET"]}}],"collection":[{"href":"https:\/\/roveyayinevi.com.tr\/index.php\/wp-json\/wp\/v2\/product"}],"about":[{"href":"https:\/\/roveyayinevi.com.tr\/index.php\/wp-json\/wp\/v2\/types\/product"}],"wp:attachment":[{"href":"https:\/\/roveyayinevi.com.tr\/index.php\/wp-json\/wp\/v2\/media?parent=751662"}],"wp:term":[{"taxonomy":"product_brand","embeddable":true,"href":"https:\/\/roveyayinevi.com.tr\/index.php\/wp-json\/wp\/v2\/product_brand?post=751662"},{"taxonomy":"product_cat","embeddable":true,"href":"https:\/\/roveyayinevi.com.tr\/index.php\/wp-json\/wp\/v2\/product_cat?post=751662"},{"taxonomy":"product_tag","embeddable":true,"href":"https:\/\/roveyayinevi.com.tr\/index.php\/wp-json\/wp\/v2\/product_tag?post=751662"}],"curies":[{"name":"wp","href":"https:\/\/api.w.org\/{rel}","templated":true}]}}