{"id":751660,"date":"2025-08-28T04:55:17","date_gmt":"2025-08-28T01:55:17","guid":{"rendered":"https:\/\/roveyayinevi.com.tr\/index.php\/urun\/bes-romanci-tartisiyor\/"},"modified":"2026-04-16T03:04:51","modified_gmt":"2026-04-16T00:04:51","slug":"bes-romanci-tartisiyor","status":"publish","type":"product","link":"https:\/\/roveyayinevi.com.tr\/index.php\/urun\/bes-romanci-tartisiyor\/","title":{"rendered":"Be\u015f Romanc\u0131 Tart\u0131\u015f\u0131yor"},"content":{"rendered":"<p>\u0130lk kez 1960 y\u0131l\u0131nda yay\u0131mlanan Be\u015f Romanc\u0131 Tart\u0131\u015f\u0131yor, d\u00f6nemin be\u015f \u00f6nemli romanc\u0131s\u0131n\u0131; Kemal Tahir, Orhan Kemal, Fakir Baykurt, Mahmut Makal ve Talip Apayd\u0131n\u2019\u0131 bir araya getiriyor. Turhan T\u00fckel\u2019in y\u00f6netiminde s\u00f6yle\u015fen romanc\u0131lar\u0131m\u0131z, 1950\u2019li y\u0131llarda y\u00fckseli\u015fte olan k\u00f6y roman\u0131 \u00f6zelinde konu\u015furken, roman yazar\u0131n\u0131n sorumluluklar\u0131n\u0131n ne oldu\u011fu, T\u00fcrk roman\u0131n\u0131n bug\u00fcn\u00fc ve gelece\u011fi, K\u00f6y Enstit\u00fcleri ve akt\u00fcel siyaset konular\u0131n\u0131 da tart\u0131\u015f\u0131yorlar. Kemal Tahir\u2019in k\u00f6y roman\u0131 \u00f6zelinde T\u00fcrk roman\u0131 ve romanc\u0131l\u0131k hakk\u0131ndaki g\u00f6r\u00fc\u015flerini okuyucuya sunan bu eserde, Kemal Tahir\u2019in roman ve tarih konular\u0131nda \u00e7a\u011f\u0131n\u0131 a\u015fan g\u00f6r\u00fc\u015flerine ve T\u00fcrk roman\u0131 savunusuna tan\u0131kl\u0131k ediyoruz. Binaenaleyh, roman\u0131n bence esas merkezi, \u00e7evre de\u011fil, insan\u0131n bizzat kendisidir. \u0130nsan\u0131n bizzat kendisi de de\u011fil, insan\u0131n dram\u0131, gelip tak\u0131ld\u0131\u011f\u0131 yer&#8230; Dram demek, insan\u0131n tak\u0131ld\u0131\u011f\u0131 yer demektir. (\u2026) As\u0131l m\u00fchim \u015fey roman. Roman, bunlar\u0131n hepsinden ba\u015fka bir \u015fey ve ba\u015fka bir keyfiyet benim kanaatimce. Binaenaleyh, roman\u0131, kim, nerede yazar, hangi \u00e7evreden gelir, hangi \u00e7evreye yazar diye mesele konulmamal\u0131d\u0131r. Yanl\u0131\u015f olur. \u201cRomanda insan\u0131, insan dram\u0131n\u0131 nas\u0131l veriyor. \u0130nsan dram\u0131 nedir?\u201d diye koymak laz\u0131m. <\/p>\n","protected":false},"excerpt":{"rendered":"<p>\u0130lk kez 1960 y\u0131l\u0131nda yay\u0131mlanan Be\u015f Romanc\u0131 Tart\u0131\u015f\u0131yor, d\u00f6nemin be\u015f \u00f6nemli romanc\u0131s\u0131n\u0131; Kemal Tahir, Orhan Kemal, Fakir Baykurt, Mahmut Makal ve Talip Apayd\u0131n\u2019\u0131 bir araya getiriyor.<span class=\"excerpt-hellip\"> [\u2026]<\/span><\/p>\n","protected":false},"featured_media":0,"template":"","meta":{"_monsterinsights_skip_tracking":false,"_monsterinsights_sitenote_active":false,"_monsterinsights_sitenote_note":"","_monsterinsights_sitenote_category":0},"product_brand":[],"product_cat":[13072,12291],"product_tag":[],"class_list":{"0":"post-751660","1":"product","2":"type-product","3":"status-publish","5":"product_cat-arastirma-inceleme-referans","6":"product_cat-edebiyat","7":"pa_cilt-ciltsiz","8":"pa_tur-kitap","9":"pa_yayinevi-ketebe-yayinlari","10":"pa_yazar-husna-baka","12":"first","13":"instock","14":"sale","15":"shipping-taxable","16":"purchasable","17":"product-type-simple"},"_links":{"self":[{"href":"https:\/\/roveyayinevi.com.tr\/index.php\/wp-json\/wp\/v2\/product\/751660","targetHints":{"allow":["GET"]}}],"collection":[{"href":"https:\/\/roveyayinevi.com.tr\/index.php\/wp-json\/wp\/v2\/product"}],"about":[{"href":"https:\/\/roveyayinevi.com.tr\/index.php\/wp-json\/wp\/v2\/types\/product"}],"wp:attachment":[{"href":"https:\/\/roveyayinevi.com.tr\/index.php\/wp-json\/wp\/v2\/media?parent=751660"}],"wp:term":[{"taxonomy":"product_brand","embeddable":true,"href":"https:\/\/roveyayinevi.com.tr\/index.php\/wp-json\/wp\/v2\/product_brand?post=751660"},{"taxonomy":"product_cat","embeddable":true,"href":"https:\/\/roveyayinevi.com.tr\/index.php\/wp-json\/wp\/v2\/product_cat?post=751660"},{"taxonomy":"product_tag","embeddable":true,"href":"https:\/\/roveyayinevi.com.tr\/index.php\/wp-json\/wp\/v2\/product_tag?post=751660"}],"curies":[{"name":"wp","href":"https:\/\/api.w.org\/{rel}","templated":true}]}}