{"id":751647,"date":"2025-08-28T04:54:53","date_gmt":"2025-08-28T01:54:53","guid":{"rendered":"https:\/\/roveyayinevi.com.tr\/index.php\/urun\/oykulestirilmis-kisisel-gelisim-seti-4-kitap\/"},"modified":"2026-04-16T03:04:51","modified_gmt":"2026-04-16T00:04:51","slug":"oykulestirilmis-kisisel-gelisim-seti-4-kitap","status":"publish","type":"product","link":"https:\/\/roveyayinevi.com.tr\/index.php\/urun\/oykulestirilmis-kisisel-gelisim-seti-4-kitap\/","title":{"rendered":"\u00d6yk\u00fcle\u015ftirilmi\u015f Ki\u015fisel Geli\u015fim Seti (4 Kitap)"},"content":{"rendered":"<p>Yaral\u0131 vah\u015fi hayvanlar\u0131n kendi inlerine \u00e7ekilerek iyile\u015ftirmek i\u00e7in yaralar\u0131n\u0131 yalad\u0131klar\u0131 gibi biz de kendi k\u00f6\u015femize \u00e7ekilip birbirimizin yaralar\u0131n\u0131 iyile\u015ftirelim. \u0130zin verelim son bir kez daha g\u00f6zya\u015flar\u0131m\u0131z\u0131n akmas\u0131na. \u0130lk g\u00f6r\u00fc\u015fte kenetlenerek, mesafeleri bir \u00e7\u0131rp\u0131da a\u015f\u0131p tek bir ad\u0131mda, tek bir nefeste, tek bir kalp at\u0131\u015f\u0131nda, tek bir bak\u0131\u015fta birbirimize ait oldu\u011fumuzu bilerek hareket etmeye ba\u015flad\u0131k. Ve bunu yaparken tek bir amac\u0131m\u0131z vard\u0131, o da birbirimize daha fazla nas\u0131l zuhur edebilece\u011fimizin yolunu bulmak. Bu, ger\u00e7ekle\u015fti\u011fi zaman ki ger\u00e7ekle\u015fmek \u00fczere oldu\u011funu biliyorum, yarat\u0131l\u0131\u015f\u0131n o m\u00fckemmel tecellisini insanlar bizde g\u00f6rebilecek. Sen ve ben, d\u00fcnya ve ay gibi o en m\u00fckemmel olan\u0131n etraf\u0131nda, ona ula\u015fmak i\u00e7in semah ediyoruz. Sen ve ben, can\u0131m sevgilim, birbirimizin etraf\u0131nda d\u00f6nerek birle\u015fti\u011fimizde r\u0131za kap\u0131s\u0131 ge\u00e7memiz i\u00e7in sonuna kadar a\u00e7\u0131lacak. \u0130kinin birde kendini \u00fc\u00e7e tamamlad\u0131\u011f\u0131 an, o an olacak. Bu, Ene\u2019l-Hakt\u0131r\u2026 Bu, Hulul h\u00e2lidir\u2026 Bu, Aynel Hakt\u0131r\u2026 Bu, ilmel yakin, aynel yakin, hakkel yakin kap\u0131s\u0131d\u0131r\u2026 Ben senin mabedin, sen de o mabedin ruhusun\u2026 <\/p>\n","protected":false},"excerpt":{"rendered":"<p>Yaral\u0131 vah\u015fi hayvanlar\u0131n kendi inlerine \u00e7ekilerek iyile\u015ftirmek i\u00e7in yaralar\u0131n\u0131 yalad\u0131klar\u0131 gibi biz de kendi k\u00f6\u015femize \u00e7ekilip birbirimizin yaralar\u0131n\u0131 iyile\u015ftirelim. \u0130zin verelim son bir kez daha g\u00f6zya\u015flar\u0131m\u0131z\u0131n<span class=\"excerpt-hellip\"> [\u2026]<\/span><\/p>\n","protected":false},"featured_media":0,"template":"","meta":{"_monsterinsights_skip_tracking":false,"_monsterinsights_sitenote_active":false,"_monsterinsights_sitenote_note":"","_monsterinsights_sitenote_category":0},"product_brand":[],"product_cat":[12364,12376],"product_tag":[],"class_list":{"0":"post-751647","1":"product","2":"type-product","3":"status-publish","5":"product_cat-genel-konular","6":"product_cat-kisisel-gelisim","7":"pa_cilt-ciltsiz","8":"pa_tur-kitap","9":"pa_yayinevi-vaveyla-yayincilik","10":"pa_yazar-kolektif","12":"first","13":"instock","14":"sale","15":"shipping-taxable","16":"purchasable","17":"product-type-simple"},"_links":{"self":[{"href":"https:\/\/roveyayinevi.com.tr\/index.php\/wp-json\/wp\/v2\/product\/751647","targetHints":{"allow":["GET"]}}],"collection":[{"href":"https:\/\/roveyayinevi.com.tr\/index.php\/wp-json\/wp\/v2\/product"}],"about":[{"href":"https:\/\/roveyayinevi.com.tr\/index.php\/wp-json\/wp\/v2\/types\/product"}],"wp:attachment":[{"href":"https:\/\/roveyayinevi.com.tr\/index.php\/wp-json\/wp\/v2\/media?parent=751647"}],"wp:term":[{"taxonomy":"product_brand","embeddable":true,"href":"https:\/\/roveyayinevi.com.tr\/index.php\/wp-json\/wp\/v2\/product_brand?post=751647"},{"taxonomy":"product_cat","embeddable":true,"href":"https:\/\/roveyayinevi.com.tr\/index.php\/wp-json\/wp\/v2\/product_cat?post=751647"},{"taxonomy":"product_tag","embeddable":true,"href":"https:\/\/roveyayinevi.com.tr\/index.php\/wp-json\/wp\/v2\/product_tag?post=751647"}],"curies":[{"name":"wp","href":"https:\/\/api.w.org\/{rel}","templated":true}]}}