{"id":751646,"date":"2025-08-28T04:54:52","date_gmt":"2025-08-28T01:54:52","guid":{"rendered":"https:\/\/roveyayinevi.com.tr\/index.php\/urun\/oyunlarla-dini-degerler\/"},"modified":"2026-04-16T03:04:51","modified_gmt":"2026-04-16T00:04:51","slug":"oyunlarla-dini-degerler","status":"publish","type":"product","link":"https:\/\/roveyayinevi.com.tr\/index.php\/urun\/oyunlarla-dini-degerler\/","title":{"rendered":"Oyunlarla Dini De\u011ferler"},"content":{"rendered":"<p>Zek\u00e2 oyunlar\u0131 her t\u00fcrl\u00fc problemin oyunla\u015ft\u0131r\u0131lm\u0131\u015f h\u00e2liyle, insan\u0131n zihinsel becerilerini geli\u015ftirir. \u00c7\u00f6z\u00fcm odakl\u0131 d\u00fc\u015f\u00fcnme, ihtimalleri hesaplama, mant\u0131\u011f\u0131 etkili kullanma, dikkati toplama ve bir i\u015fe yo\u011funla\u015fma kazan\u0131mlar\u0131yla, pek \u00e7ok bilgiyi en e\u011flenceli \u015fekilde \u00f6\u011frenmeyi sa\u011flar. Bu kitap, hayat\u0131m\u0131z\u0131 en do\u011fru \u015fekilde \u015fekillendirmemize yarayan din\u00ee de\u011ferlerimizi birer oyunla ili\u015fkilendiriyor. Okurlar hem bir din\u00ee de\u011feri \u00f6\u011freniyor hem de olduk\u00e7a e\u011flenceli zek\u00e2 ve eylem gerektiren oyunlarla bu de\u011ferleri peki\u015ftiriyor.Zek\u00e2 oyunlar\u0131yla g\u00fcnl\u00fck hayat i\u00e7erisinde kullanabilece\u011fin, d\u00fc\u015f\u00fcnerek davran\u0131\u015flar\u0131na y\u00f6n verebilece\u011fin bir\u00e7ok de\u011fer ve seni rahatlatacak pek \u00e7ok bilgiyi bir arada bulaca\u011f\u0131n bu eser; sab\u0131r, sevgi, dikkat, dostluk, birlik beraberlik, b\u00fcy\u00fcklere h\u00fcrmet gibi bir\u00e7ok konuyu i\u00e7inde bar\u0131nd\u0131r\u0131yor. Haydi oyun oynayal\u0131m!<\/p>\n","protected":false},"excerpt":{"rendered":"<p>Zek\u00e2 oyunlar\u0131 her t\u00fcrl\u00fc problemin oyunla\u015ft\u0131r\u0131lm\u0131\u015f h\u00e2liyle, insan\u0131n zihinsel becerilerini geli\u015ftirir. \u00c7\u00f6z\u00fcm odakl\u0131 d\u00fc\u015f\u00fcnme, ihtimalleri hesaplama, mant\u0131\u011f\u0131 etkili kullanma, dikkati toplama ve bir i\u015fe yo\u011funla\u015fma kazan\u0131mlar\u0131yla,<span class=\"excerpt-hellip\"> [\u2026]<\/span><\/p>\n","protected":false},"featured_media":0,"template":"","meta":{"_monsterinsights_skip_tracking":false,"_monsterinsights_sitenote_active":false,"_monsterinsights_sitenote_note":"","_monsterinsights_sitenote_category":0},"product_brand":[],"product_cat":[12274,15842],"product_tag":[],"class_list":{"0":"post-751646","1":"product","2":"type-product","3":"status-publish","5":"product_cat-cocuk-ve-genclik-kitaplari","6":"product_cat-egitici-kitaplar","7":"pa_cilt-ciltsiz","8":"pa_tur-kitap","9":"pa_yayinevi-gulce-kitap","10":"pa_yazar-asuman-turker-sadikoglu","12":"first","13":"instock","14":"sale","15":"shipping-taxable","16":"purchasable","17":"product-type-simple"},"_links":{"self":[{"href":"https:\/\/roveyayinevi.com.tr\/index.php\/wp-json\/wp\/v2\/product\/751646","targetHints":{"allow":["GET"]}}],"collection":[{"href":"https:\/\/roveyayinevi.com.tr\/index.php\/wp-json\/wp\/v2\/product"}],"about":[{"href":"https:\/\/roveyayinevi.com.tr\/index.php\/wp-json\/wp\/v2\/types\/product"}],"wp:attachment":[{"href":"https:\/\/roveyayinevi.com.tr\/index.php\/wp-json\/wp\/v2\/media?parent=751646"}],"wp:term":[{"taxonomy":"product_brand","embeddable":true,"href":"https:\/\/roveyayinevi.com.tr\/index.php\/wp-json\/wp\/v2\/product_brand?post=751646"},{"taxonomy":"product_cat","embeddable":true,"href":"https:\/\/roveyayinevi.com.tr\/index.php\/wp-json\/wp\/v2\/product_cat?post=751646"},{"taxonomy":"product_tag","embeddable":true,"href":"https:\/\/roveyayinevi.com.tr\/index.php\/wp-json\/wp\/v2\/product_tag?post=751646"}],"curies":[{"name":"wp","href":"https:\/\/api.w.org\/{rel}","templated":true}]}}