{"id":751642,"date":"2025-08-28T04:54:45","date_gmt":"2025-08-28T01:54:45","guid":{"rendered":"https:\/\/roveyayinevi.com.tr\/index.php\/urun\/colle-mucadele-bear-grylls-maceralari\/"},"modified":"2026-04-16T03:04:51","modified_gmt":"2026-04-16T00:04:51","slug":"colle-mucadele-bear-grylls-maceralari","status":"publish","type":"product","link":"https:\/\/roveyayinevi.com.tr\/index.php\/urun\/colle-mucadele-bear-grylls-maceralari\/","title":{"rendered":"\u00c7\u00f6lle M\u00fccadele &#8211; Bear Grylls Maceralar\u0131"},"content":{"rendered":"<p>Sophie kamp hayat\u0131n\u0131 sevse de t\u00fcyler \u00fcrpertici s\u00fcr\u00fcngenlere tahamm\u00fcl edemez. Uzun bacakl\u0131 \u00e7ay\u0131r sine\u011fiyle bir \u00e7ad\u0131rda mahsur kalmak \u00fcrk\u00fct\u00fcc\u00fcd\u00fcr ve \u00f6r\u00fcmcekler onun \u00e7\u0131\u011fl\u0131k atmas\u0131na neden olur. Bu \u00e7ok utand\u0131r\u0131c\u0131d\u0131r. Sonra gizemli bir pusula onu, rehberi Bear Grylls&#8217;in bekledi\u011fi \u00e7ok s\u0131cak bir \u00e7\u00f6le g\u00f6t\u00fcr\u00fcr. G\u00fcne\u015f batarken yolculu\u011fa ba\u015flayan ikili, su bulmak ve kum tepelerini a\u015fmak zorunda kal\u0131r.SOPHIE HAYATTA KALMA RUHUNU BULACAK, KORKULARIYLA Y\u00dcZLE\u015eECEK VE ARKADA\u015eLARINA GER\u0130 D\u00d6NECEK M\u0130?<\/p>\n","protected":false},"excerpt":{"rendered":"<p>Sophie kamp hayat\u0131n\u0131 sevse de t\u00fcyler \u00fcrpertici s\u00fcr\u00fcngenlere tahamm\u00fcl edemez. Uzun bacakl\u0131 \u00e7ay\u0131r sine\u011fiyle bir \u00e7ad\u0131rda mahsur kalmak \u00fcrk\u00fct\u00fcc\u00fcd\u00fcr ve \u00f6r\u00fcmcekler onun \u00e7\u0131\u011fl\u0131k atmas\u0131na neden olur.<span class=\"excerpt-hellip\"> [\u2026]<\/span><\/p>\n","protected":false},"featured_media":0,"template":"","meta":{"_monsterinsights_skip_tracking":false,"_monsterinsights_sitenote_active":false,"_monsterinsights_sitenote_note":"","_monsterinsights_sitenote_category":0},"product_brand":[],"product_cat":[12274,12284],"product_tag":[],"class_list":{"0":"post-751642","1":"product","2":"type-product","3":"status-publish","5":"product_cat-cocuk-ve-genclik-kitaplari","6":"product_cat-hikayeler","7":"pa_cilt-ciltsiz","8":"pa_tur-kitap","9":"pa_yayinevi-timas-cocuk","10":"pa_yazar-bear-grylls","12":"first","13":"instock","14":"sale","15":"shipping-taxable","16":"purchasable","17":"product-type-simple"},"_links":{"self":[{"href":"https:\/\/roveyayinevi.com.tr\/index.php\/wp-json\/wp\/v2\/product\/751642","targetHints":{"allow":["GET"]}}],"collection":[{"href":"https:\/\/roveyayinevi.com.tr\/index.php\/wp-json\/wp\/v2\/product"}],"about":[{"href":"https:\/\/roveyayinevi.com.tr\/index.php\/wp-json\/wp\/v2\/types\/product"}],"wp:attachment":[{"href":"https:\/\/roveyayinevi.com.tr\/index.php\/wp-json\/wp\/v2\/media?parent=751642"}],"wp:term":[{"taxonomy":"product_brand","embeddable":true,"href":"https:\/\/roveyayinevi.com.tr\/index.php\/wp-json\/wp\/v2\/product_brand?post=751642"},{"taxonomy":"product_cat","embeddable":true,"href":"https:\/\/roveyayinevi.com.tr\/index.php\/wp-json\/wp\/v2\/product_cat?post=751642"},{"taxonomy":"product_tag","embeddable":true,"href":"https:\/\/roveyayinevi.com.tr\/index.php\/wp-json\/wp\/v2\/product_tag?post=751642"}],"curies":[{"name":"wp","href":"https:\/\/api.w.org\/{rel}","templated":true}]}}