{"id":751641,"date":"2025-08-28T04:54:44","date_gmt":"2025-08-28T01:54:44","guid":{"rendered":"https:\/\/roveyayinevi.com.tr\/index.php\/urun\/bu-kadar-zeka-basa-bela-entel-dantel-isler\/"},"modified":"2026-04-08T03:11:37","modified_gmt":"2026-04-08T00:11:37","slug":"bu-kadar-zeka-basa-bela-entel-dantel-isler","status":"publish","type":"product","link":"https:\/\/roveyayinevi.com.tr\/index.php\/urun\/bu-kadar-zeka-basa-bela-entel-dantel-isler\/","title":{"rendered":"Bu Kadar Zeka Ba\u015fa Bela &#8211; Entel Dantel \u0130\u015fler"},"content":{"rendered":"<p>Nesli ile S\u00fcsl\u00fc iki kafa dengi kuzen. Kendilerini her g\u00fcn acayip bir maceran\u0131n i\u00e7inde buluyorlar.Okullar\u0131na yeni gelen Ayberk Patl\u0131can &#8211; ay Ayberk Tatl\u0131can\u2019\u0131n okula uyum sa\u011flamas\u0131 hi\u00e7 de kolay olmuyor. Her g\u00fcn otob\u00fcs\u00fc ka\u00e7\u0131rmas\u0131, yemekhanenin yemeklerini be\u011fenmemesi Nesli ile S\u00fcsl\u00fc\u2019n\u00fcn dikkatini \u00e7ekiyor. Onlar da fast food\u2019a sava\u015f a\u00e7\u0131yorlar. \u00dcstelik bir de organik tar\u0131m yapmaya ba\u015fl\u0131yorlar!T\u00fcm bunlar olurken, ister istemez bir arkada\u015f grubu h\u00e2line gelen Nesli, S\u00fcsl\u00fc, Ayberk, Mini Mine ve Lazer Tamer, kitap fuar\u0131n\u0131n yolunu tutuyorlar. \u00c7izgi romanlar\u0131n pe\u015finden giden Lazer Tamer\u2019i fuarda kimse bulam\u0131yor, yazara kitab\u0131n\u0131 imzalatmak isteyen Mini Mine\u2019yi kimse tutam\u0131yor.  \u0130ki kafadar kuzenin gizemli ve komik maceralar\u0131 merakla okunmay\u0131 bekliyor!<\/p>\n","protected":false},"excerpt":{"rendered":"<p>Nesli ile S\u00fcsl\u00fc iki kafa dengi kuzen. Kendilerini her g\u00fcn acayip bir maceran\u0131n i\u00e7inde buluyorlar.Okullar\u0131na yeni gelen Ayberk Patl\u0131can &#8211; ay Ayberk Tatl\u0131can\u2019\u0131n okula uyum sa\u011flamas\u0131<span class=\"excerpt-hellip\"> [\u2026]<\/span><\/p>\n","protected":false},"featured_media":0,"template":"","meta":{"_monsterinsights_skip_tracking":false,"_monsterinsights_sitenote_active":false,"_monsterinsights_sitenote_note":"","_monsterinsights_sitenote_category":0},"product_brand":[],"product_cat":[12274,12284],"product_tag":[],"class_list":{"0":"post-751641","1":"product","2":"type-product","3":"status-publish","5":"product_cat-cocuk-ve-genclik-kitaplari","6":"product_cat-hikayeler","7":"pa_cilt-ciltsiz","8":"pa_tur-kitap","9":"pa_yayinevi-timas-cocuk","10":"pa_yazar-nehir-aydin-gokduman","12":"first","13":"instock","14":"sale","15":"shipping-taxable","16":"purchasable","17":"product-type-simple"},"_links":{"self":[{"href":"https:\/\/roveyayinevi.com.tr\/index.php\/wp-json\/wp\/v2\/product\/751641","targetHints":{"allow":["GET"]}}],"collection":[{"href":"https:\/\/roveyayinevi.com.tr\/index.php\/wp-json\/wp\/v2\/product"}],"about":[{"href":"https:\/\/roveyayinevi.com.tr\/index.php\/wp-json\/wp\/v2\/types\/product"}],"wp:attachment":[{"href":"https:\/\/roveyayinevi.com.tr\/index.php\/wp-json\/wp\/v2\/media?parent=751641"}],"wp:term":[{"taxonomy":"product_brand","embeddable":true,"href":"https:\/\/roveyayinevi.com.tr\/index.php\/wp-json\/wp\/v2\/product_brand?post=751641"},{"taxonomy":"product_cat","embeddable":true,"href":"https:\/\/roveyayinevi.com.tr\/index.php\/wp-json\/wp\/v2\/product_cat?post=751641"},{"taxonomy":"product_tag","embeddable":true,"href":"https:\/\/roveyayinevi.com.tr\/index.php\/wp-json\/wp\/v2\/product_tag?post=751641"}],"curies":[{"name":"wp","href":"https:\/\/api.w.org\/{rel}","templated":true}]}}