{"id":751639,"date":"2025-08-28T04:54:41","date_gmt":"2025-08-28T01:54:41","guid":{"rendered":"https:\/\/roveyayinevi.com.tr\/index.php\/urun\/bay-tekir-ve-onun-tuhaf-kurallari\/"},"modified":"2026-04-16T03:04:51","modified_gmt":"2026-04-16T00:04:51","slug":"bay-tekir-ve-onun-tuhaf-kurallari","status":"publish","type":"product","link":"https:\/\/roveyayinevi.com.tr\/index.php\/urun\/bay-tekir-ve-onun-tuhaf-kurallari\/","title":{"rendered":"Bay Tekir ve Onun Tuhaf Kurallar\u0131"},"content":{"rendered":"<p>Bay Tekir Kedio\u011flu kurallara ya da \u201ckural sand\u0131\u011f\u0131 \u015feylere\u201d a\u015f\u0131r\u0131 ba\u011fl\u0131 bir kedi. Bir yerde bir kural ihlali mi var? Aman aman! Bay Tekir Kedio\u011flu i\u00e7in bunun d\u00fc\u015f\u00fcncesi bile t\u00fcyler \u00fcrpertmeye yeter!Peki ya onun hayat\u0131na tamamen \u201ckural tan\u0131maz\u201d bir ufakl\u0131k giriverirse ne olur? Bay Tekir Kedio\u011flu\u2019nu tak\u0131nt\u0131lar\u0131ndan ancak ger\u00e7ek bir dostluk ve sevgi kurtarabilir.Islak\u2019\u0131n pe\u015finden giderek heyecanl\u0131 ve aksiyon dolu bir dizi maceraya at\u0131lan Bay Tekir, unuttu\u011fu duygular\u0131 tekrar hat\u0131rlayabilecek mi?<\/p>\n","protected":false},"excerpt":{"rendered":"<p>Bay Tekir Kedio\u011flu kurallara ya da \u201ckural sand\u0131\u011f\u0131 \u015feylere\u201d a\u015f\u0131r\u0131 ba\u011fl\u0131 bir kedi. Bir yerde bir kural ihlali mi var? Aman aman! Bay Tekir Kedio\u011flu i\u00e7in<span class=\"excerpt-hellip\"> [\u2026]<\/span><\/p>\n","protected":false},"featured_media":0,"template":"","meta":{"_monsterinsights_skip_tracking":false,"_monsterinsights_sitenote_active":false,"_monsterinsights_sitenote_note":"","_monsterinsights_sitenote_category":0},"product_brand":[],"product_cat":[12274,12284],"product_tag":[],"class_list":{"0":"post-751639","1":"product","2":"type-product","3":"status-publish","5":"product_cat-cocuk-ve-genclik-kitaplari","6":"product_cat-hikayeler","7":"pa_cilt-ciltsiz","8":"pa_tur-kitap","9":"pa_yayinevi-timas-cocuk","10":"pa_yazar-yusuf-oztoprak","12":"first","13":"instock","14":"sale","15":"shipping-taxable","16":"purchasable","17":"product-type-simple"},"_links":{"self":[{"href":"https:\/\/roveyayinevi.com.tr\/index.php\/wp-json\/wp\/v2\/product\/751639","targetHints":{"allow":["GET"]}}],"collection":[{"href":"https:\/\/roveyayinevi.com.tr\/index.php\/wp-json\/wp\/v2\/product"}],"about":[{"href":"https:\/\/roveyayinevi.com.tr\/index.php\/wp-json\/wp\/v2\/types\/product"}],"wp:attachment":[{"href":"https:\/\/roveyayinevi.com.tr\/index.php\/wp-json\/wp\/v2\/media?parent=751639"}],"wp:term":[{"taxonomy":"product_brand","embeddable":true,"href":"https:\/\/roveyayinevi.com.tr\/index.php\/wp-json\/wp\/v2\/product_brand?post=751639"},{"taxonomy":"product_cat","embeddable":true,"href":"https:\/\/roveyayinevi.com.tr\/index.php\/wp-json\/wp\/v2\/product_cat?post=751639"},{"taxonomy":"product_tag","embeddable":true,"href":"https:\/\/roveyayinevi.com.tr\/index.php\/wp-json\/wp\/v2\/product_tag?post=751639"}],"curies":[{"name":"wp","href":"https:\/\/api.w.org\/{rel}","templated":true}]}}