{"id":751638,"date":"2025-08-28T04:54:39","date_gmt":"2025-08-28T01:54:39","guid":{"rendered":"https:\/\/roveyayinevi.com.tr\/index.php\/urun\/atlarla-ruzgari-yakalayalim\/"},"modified":"2026-04-16T03:04:51","modified_gmt":"2026-04-16T00:04:51","slug":"atlarla-ruzgari-yakalayalim","status":"publish","type":"product","link":"https:\/\/roveyayinevi.com.tr\/index.php\/urun\/atlarla-ruzgari-yakalayalim\/","title":{"rendered":"Atlarla R\u00fczgar\u0131 Yakalayal\u0131m"},"content":{"rendered":"<p>Atlar\u0131n ve \u00e7ocuklar\u0131n bulu\u015ftu\u011fu bu kitap, okurlar\u0131n\u0131 hem kendi i\u00e7inde hem de \u00e7iftlikte muhte\u015fem bir yolculu\u011fa \u00e7\u0131kart\u0131yor.Toprak ve Ya\u011f\u0131z, aileleriyle gittikleri tatilde kasabay\u0131 ke\u015ffetmeye haz\u0131rd\u0131r. Bu ke\u015fifte bulduklar\u0131 bir \u00e7iftlik onlar\u0131 macera dolu bah\u00e7esine \u00e7a\u011f\u0131r\u0131r. \u00c7itlerin ard\u0131nda onlar\u0131 bekleyen bir d\u00fcnya vard\u0131r: Atlar\u0131n d\u00fcnyas\u0131. \u00c7ocuklar\u0131n kalplerinde atlara kar\u015f\u0131 b\u00fcy\u00fck bir sevgi olu\u015fur! Ata binip r\u00fczg\u00e2r\u0131n pe\u015fine d\u00fc\u015fmek tek hayalleridir. Maceralarla, s\u00fcrprizlerle, bazen de engellerle dolu bu yolda neler ya\u015fad\u0131klar\u0131n\u0131 merak ediyor musun?<\/p>\n","protected":false},"excerpt":{"rendered":"<p>Atlar\u0131n ve \u00e7ocuklar\u0131n bulu\u015ftu\u011fu bu kitap, okurlar\u0131n\u0131 hem kendi i\u00e7inde hem de \u00e7iftlikte muhte\u015fem bir yolculu\u011fa \u00e7\u0131kart\u0131yor.Toprak ve Ya\u011f\u0131z, aileleriyle gittikleri tatilde kasabay\u0131 ke\u015ffetmeye haz\u0131rd\u0131r. Bu<span class=\"excerpt-hellip\"> [\u2026]<\/span><\/p>\n","protected":false},"featured_media":0,"template":"","meta":{"_monsterinsights_skip_tracking":false,"_monsterinsights_sitenote_active":false,"_monsterinsights_sitenote_note":"","_monsterinsights_sitenote_category":0},"product_brand":[],"product_cat":[12274,12284],"product_tag":[],"class_list":{"0":"post-751638","1":"product","2":"type-product","3":"status-publish","5":"product_cat-cocuk-ve-genclik-kitaplari","6":"product_cat-hikayeler","7":"pa_cilt-ciltsiz","8":"pa_tur-kitap","9":"pa_yayinevi-timas-cocuk","10":"pa_yazar-busra-ummuhan","12":"first","13":"instock","14":"sale","15":"shipping-taxable","16":"purchasable","17":"product-type-simple"},"_links":{"self":[{"href":"https:\/\/roveyayinevi.com.tr\/index.php\/wp-json\/wp\/v2\/product\/751638","targetHints":{"allow":["GET"]}}],"collection":[{"href":"https:\/\/roveyayinevi.com.tr\/index.php\/wp-json\/wp\/v2\/product"}],"about":[{"href":"https:\/\/roveyayinevi.com.tr\/index.php\/wp-json\/wp\/v2\/types\/product"}],"wp:attachment":[{"href":"https:\/\/roveyayinevi.com.tr\/index.php\/wp-json\/wp\/v2\/media?parent=751638"}],"wp:term":[{"taxonomy":"product_brand","embeddable":true,"href":"https:\/\/roveyayinevi.com.tr\/index.php\/wp-json\/wp\/v2\/product_brand?post=751638"},{"taxonomy":"product_cat","embeddable":true,"href":"https:\/\/roveyayinevi.com.tr\/index.php\/wp-json\/wp\/v2\/product_cat?post=751638"},{"taxonomy":"product_tag","embeddable":true,"href":"https:\/\/roveyayinevi.com.tr\/index.php\/wp-json\/wp\/v2\/product_tag?post=751638"}],"curies":[{"name":"wp","href":"https:\/\/api.w.org\/{rel}","templated":true}]}}