{"id":751637,"date":"2025-08-28T04:54:38","date_gmt":"2025-08-28T01:54:38","guid":{"rendered":"https:\/\/roveyayinevi.com.tr\/index.php\/urun\/dinsel-ve-mitsel-fenomenler\/"},"modified":"2026-04-16T03:04:51","modified_gmt":"2026-04-16T00:04:51","slug":"dinsel-ve-mitsel-fenomenler","status":"publish","type":"product","link":"https:\/\/roveyayinevi.com.tr\/index.php\/urun\/dinsel-ve-mitsel-fenomenler\/","title":{"rendered":"Dinsel ve Mitsel Fenomenler"},"content":{"rendered":"<p>Bu kitapta dinsel geleneklerde ve mitoslarda \u00f6nemli yere sahip olan \u00e7e\u015fitli fenomenler \u00fczerinde durulmu\u015ftur. Y\u0131lan, ayna, merdiven, inisiyasyon, kurtar\u0131c\u0131 ve falc\u0131l\u0131k s\u00f6z konusu \u00e7al\u0131\u015fman\u0131n ba\u015fat dinsel ve mitsel motifleridir. Bu \u00e7er\u00e7evede elinizdeki eser, dinler tarihine ve mitolojiye ilgi duyan okuyucular i\u00e7in katk\u0131 olmas\u0131 temennisiyle kaleme al\u0131nm\u0131\u015ft\u0131r. <\/p>\n","protected":false},"excerpt":{"rendered":"<p>Bu kitapta dinsel geleneklerde ve mitoslarda \u00f6nemli yere sahip olan \u00e7e\u015fitli fenomenler \u00fczerinde durulmu\u015ftur. Y\u0131lan, ayna, merdiven, inisiyasyon, kurtar\u0131c\u0131 ve falc\u0131l\u0131k s\u00f6z konusu \u00e7al\u0131\u015fman\u0131n ba\u015fat dinsel<span class=\"excerpt-hellip\"> [\u2026]<\/span><\/p>\n","protected":false},"featured_media":0,"template":"","meta":{"_monsterinsights_skip_tracking":false,"_monsterinsights_sitenote_active":false,"_monsterinsights_sitenote_note":"","_monsterinsights_sitenote_category":0},"product_brand":[],"product_cat":[12718,12858],"product_tag":[],"class_list":{"0":"post-751637","1":"product","2":"type-product","3":"status-publish","5":"product_cat-din","6":"product_cat-mitolojiler","7":"pa_cilt-ciltsiz","8":"pa_tur-kitap","9":"pa_yayinevi-bilgesina-yayinevi","10":"pa_yazar-necati-sumer","12":"first","13":"instock","14":"sale","15":"shipping-taxable","16":"purchasable","17":"product-type-simple"},"_links":{"self":[{"href":"https:\/\/roveyayinevi.com.tr\/index.php\/wp-json\/wp\/v2\/product\/751637","targetHints":{"allow":["GET"]}}],"collection":[{"href":"https:\/\/roveyayinevi.com.tr\/index.php\/wp-json\/wp\/v2\/product"}],"about":[{"href":"https:\/\/roveyayinevi.com.tr\/index.php\/wp-json\/wp\/v2\/types\/product"}],"wp:attachment":[{"href":"https:\/\/roveyayinevi.com.tr\/index.php\/wp-json\/wp\/v2\/media?parent=751637"}],"wp:term":[{"taxonomy":"product_brand","embeddable":true,"href":"https:\/\/roveyayinevi.com.tr\/index.php\/wp-json\/wp\/v2\/product_brand?post=751637"},{"taxonomy":"product_cat","embeddable":true,"href":"https:\/\/roveyayinevi.com.tr\/index.php\/wp-json\/wp\/v2\/product_cat?post=751637"},{"taxonomy":"product_tag","embeddable":true,"href":"https:\/\/roveyayinevi.com.tr\/index.php\/wp-json\/wp\/v2\/product_tag?post=751637"}],"curies":[{"name":"wp","href":"https:\/\/api.w.org\/{rel}","templated":true}]}}