{"id":751636,"date":"2025-08-28T04:54:36","date_gmt":"2025-08-28T01:54:36","guid":{"rendered":"https:\/\/roveyayinevi.com.tr\/index.php\/urun\/element-avcilari-gumus-kulce\/"},"modified":"2026-04-16T03:04:51","modified_gmt":"2026-04-16T00:04:51","slug":"element-avcilari-gumus-kulce","status":"publish","type":"product","link":"https:\/\/roveyayinevi.com.tr\/index.php\/urun\/element-avcilari-gumus-kulce\/","title":{"rendered":"Element Avc\u0131lar\u0131 &#8211; G\u00fcm\u00fc\u015f K\u00fcl\u00e7e"},"content":{"rendered":"<p>Hen\u00fcz ortaokula giden M\u00fcrteza, dersteyken deftere bir daire \u00e7izer ve kendisini bilmedi\u011fi bir gezegende, bilmedi\u011fi bir \u00fclkenin hakan\u0131 olarak bulur! T\u00fcm bu olanlar bir r\u00fcya m\u0131d\u0131r? Yade\u011filse?Muhte\u015fem bir bozk\u0131ra sahip; g\u00f6rkemli da\u011flar, Runik harfli s\u00fctunlar, kanatl\u0131 atlar, \u0131\u015f\u0131kl\u0131 kelebekler, g\u00fczel g\u00f6zl\u00fc ceylanlarla dolu, her e\u015fyan\u0131n \u00f6r\u00fclerek yap\u0131ld\u0131\u011f\u0131, kar\u0131n mavi ya\u011fd\u0131\u011f\u0131 bu e\u015fsiz diyarda; M\u00fcrteza ve arkada\u015flar\u0131, yeralt\u0131 d\u00fcnyas\u0131n\u0131n canavarlar\u0131 Abra ve Yutba\u2019ya kar\u015f\u0131!T\u00fcrk mitolojisinden izler bulaca\u011f\u0131n\u0131z bu macera dolu roman\u0131 elinize al\u0131n ve mavi karl\u0131 bir hayal d\u00fcnyas\u0131n\u0131n kap\u0131s\u0131n\u0131 aralay\u0131n\u2026<\/p>\n","protected":false},"excerpt":{"rendered":"<p>Hen\u00fcz ortaokula giden M\u00fcrteza, dersteyken deftere bir daire \u00e7izer ve kendisini bilmedi\u011fi bir gezegende, bilmedi\u011fi bir \u00fclkenin hakan\u0131 olarak bulur! T\u00fcm bu olanlar bir r\u00fcya m\u0131d\u0131r?<span class=\"excerpt-hellip\"> [\u2026]<\/span><\/p>\n","protected":false},"featured_media":0,"template":"","meta":{"_monsterinsights_skip_tracking":false,"_monsterinsights_sitenote_active":false,"_monsterinsights_sitenote_note":"","_monsterinsights_sitenote_category":0},"product_brand":[],"product_cat":[12291,14777],"product_tag":[],"class_list":{"0":"post-751636","1":"product","2":"type-product","3":"status-publish","5":"product_cat-edebiyat","6":"product_cat-fantastik","7":"pa_cilt-ciltsiz","8":"pa_tur-kitap","9":"pa_yayinevi-timas-yayinlari","10":"pa_yazar-zubeyir-tokgoz","12":"first","13":"instock","14":"sale","15":"shipping-taxable","16":"purchasable","17":"product-type-simple"},"_links":{"self":[{"href":"https:\/\/roveyayinevi.com.tr\/index.php\/wp-json\/wp\/v2\/product\/751636","targetHints":{"allow":["GET"]}}],"collection":[{"href":"https:\/\/roveyayinevi.com.tr\/index.php\/wp-json\/wp\/v2\/product"}],"about":[{"href":"https:\/\/roveyayinevi.com.tr\/index.php\/wp-json\/wp\/v2\/types\/product"}],"wp:attachment":[{"href":"https:\/\/roveyayinevi.com.tr\/index.php\/wp-json\/wp\/v2\/media?parent=751636"}],"wp:term":[{"taxonomy":"product_brand","embeddable":true,"href":"https:\/\/roveyayinevi.com.tr\/index.php\/wp-json\/wp\/v2\/product_brand?post=751636"},{"taxonomy":"product_cat","embeddable":true,"href":"https:\/\/roveyayinevi.com.tr\/index.php\/wp-json\/wp\/v2\/product_cat?post=751636"},{"taxonomy":"product_tag","embeddable":true,"href":"https:\/\/roveyayinevi.com.tr\/index.php\/wp-json\/wp\/v2\/product_tag?post=751636"}],"curies":[{"name":"wp","href":"https:\/\/api.w.org\/{rel}","templated":true}]}}