{"id":751635,"date":"2025-08-28T04:54:34","date_gmt":"2025-08-28T01:54:34","guid":{"rendered":"https:\/\/roveyayinevi.com.tr\/index.php\/urun\/kardesimin-koruyucusu\/"},"modified":"2026-04-16T03:04:50","modified_gmt":"2026-04-16T00:04:50","slug":"kardesimin-koruyucusu","status":"publish","type":"product","link":"https:\/\/roveyayinevi.com.tr\/index.php\/urun\/kardesimin-koruyucusu\/","title":{"rendered":"Karde\u015fimin Koruyucusu"},"content":{"rendered":"<p>Sava\u015f\u0131n ve kara k\u0131\u015f\u0131n ortas\u0131nda, ailesinden ayr\u0131 d\u00fc\u015fm\u00fc\u015f iki karde\u015f Kuzey Kore\u2019den kendi imk\u00e2nlar\u0131yla ka\u00e7may\u0131 ba\u015farabilecek mi? Kuzey Kore, 1950: \u0130zinsiz seyahat etmek yok. Y\u00f6neticileri ele\u015ftirmek yok. Sloganlar\u0131 tekrar et! Kom\u015fular\u0131na g\u00fcvenme! Fikrini dile getirme! \u0130zleniyorsun! \u201cKarde\u015fimin Koruyucusu, sava\u015f \u00e7ocuklar\u0131n\u0131n ya\u015fad\u0131\u011f\u0131 zorluklar\u0131 ve onlar\u0131n m\u00fccadelesini anlatan kitaplar\u0131n yan\u0131na muhte\u015fem bir ekleme olacak.\u201d -The Wall Street Journal \u201cDokunakl\u0131, g\u00f6z a\u00e7\u0131c\u0131, g\u00fc\u00e7l\u00fc!\u201d -Foreword Reviews<\/p>\n","protected":false},"excerpt":{"rendered":"<p>Sava\u015f\u0131n ve kara k\u0131\u015f\u0131n ortas\u0131nda, ailesinden ayr\u0131 d\u00fc\u015fm\u00fc\u015f iki karde\u015f Kuzey Kore\u2019den kendi imk\u00e2nlar\u0131yla ka\u00e7may\u0131 ba\u015farabilecek mi? Kuzey Kore, 1950: \u0130zinsiz seyahat etmek yok. Y\u00f6neticileri ele\u015ftirmek<span class=\"excerpt-hellip\"> [\u2026]<\/span><\/p>\n","protected":false},"featured_media":0,"template":"","meta":{"_monsterinsights_skip_tracking":false,"_monsterinsights_sitenote_active":false,"_monsterinsights_sitenote_note":"","_monsterinsights_sitenote_category":0},"product_brand":[],"product_cat":[12291,12711],"product_tag":[],"class_list":{"0":"post-751635","1":"product","2":"type-product","3":"status-publish","5":"product_cat-edebiyat","6":"product_cat-roman-oyku","7":"pa_cilt-ciltsiz","8":"pa_tur-kitap","9":"pa_yayinevi-genc-timas","10":"pa_yazar-julie-lee","12":"first","13":"instock","14":"sale","15":"shipping-taxable","16":"purchasable","17":"product-type-simple"},"_links":{"self":[{"href":"https:\/\/roveyayinevi.com.tr\/index.php\/wp-json\/wp\/v2\/product\/751635","targetHints":{"allow":["GET"]}}],"collection":[{"href":"https:\/\/roveyayinevi.com.tr\/index.php\/wp-json\/wp\/v2\/product"}],"about":[{"href":"https:\/\/roveyayinevi.com.tr\/index.php\/wp-json\/wp\/v2\/types\/product"}],"wp:attachment":[{"href":"https:\/\/roveyayinevi.com.tr\/index.php\/wp-json\/wp\/v2\/media?parent=751635"}],"wp:term":[{"taxonomy":"product_brand","embeddable":true,"href":"https:\/\/roveyayinevi.com.tr\/index.php\/wp-json\/wp\/v2\/product_brand?post=751635"},{"taxonomy":"product_cat","embeddable":true,"href":"https:\/\/roveyayinevi.com.tr\/index.php\/wp-json\/wp\/v2\/product_cat?post=751635"},{"taxonomy":"product_tag","embeddable":true,"href":"https:\/\/roveyayinevi.com.tr\/index.php\/wp-json\/wp\/v2\/product_tag?post=751635"}],"curies":[{"name":"wp","href":"https:\/\/api.w.org\/{rel}","templated":true}]}}