{"id":751634,"date":"2025-08-28T04:54:33","date_gmt":"2025-08-28T01:54:33","guid":{"rendered":"https:\/\/roveyayinevi.com.tr\/index.php\/urun\/barem-kanunu\/"},"modified":"2026-04-16T03:04:50","modified_gmt":"2026-04-16T00:04:50","slug":"barem-kanunu","status":"publish","type":"product","link":"https:\/\/roveyayinevi.com.tr\/index.php\/urun\/barem-kanunu\/","title":{"rendered":"Barem Kanunu"},"content":{"rendered":"<p>\u201cBen \u0130stanbul\u2019dan d\u00f6nd\u00fckten sonra \u015fu mahud \u2018Barem Kanunu\u2019nu Ankara\u2019da yeni \u00e7\u0131kmaya ba\u015flayan Ba\u015fkent adl\u0131 bir dergide tefrika ettim. Ama on be\u015f yirmi tefrika s\u00fcrd\u00fc, sonra \u015fimdi burada anlatmas\u0131 \u00e7ok uzun ihtilaflar y\u00fcz\u00fcnden kesmeye mecbur oldum. Yaln\u0131z sana \u015funu s\u00f6yleyeyim: Roman\u0131m \u00e7ok istedi\u011fim gibi oldu. Zevkine, bilgisine g\u00fcvendi\u011fim bir iki dostumdan da \u00e7ok te\u015fvik g\u00f6rd\u00fcm.\u201d Melih Cevdet Anday\u2019\u0131n \u015eevket Rado\u2019ya yazd\u0131\u011f\u0131 bir mektuptan al\u0131nt\u0131lanan bu sat\u0131rlar\u0131n izi s\u00fcr\u00fclerek ortaya \u00e7\u0131kar\u0131lan Barem Kanunu, 77 y\u0131l sonra ilk kez kitapla\u015f\u0131yor! 1946\u2019da, hen\u00fcz otuzlu ya\u015flar\u0131n\u0131n ba\u015f\u0131ndayken giri\u015fti\u011fi bu ilk tefrika roman denemesinde Anday\u2019\u0131n, atmosfer yaratma, karakter in\u015fas\u0131 ve kurmaca yetene\u011finde daha ba\u015f\u0131ndan ne denli usta oldu\u011fu g\u00f6r\u00fcl\u00fcyor. Barem Kanunu, Melih Cevdet Anday\u2019\u0131n edeb\u00ee biyografisini s\u0131f\u0131rlayarak yeni bir tarih ba\u015flatacak\u2026   Ama bu memuriyet hayat\u0131 hi\u00e7 de d\u0131\u015fardan g\u00f6r\u00fcld\u00fc\u011f\u00fc gibi de\u011fildi ki. Bir g\u00fcn hi\u00e7 tan\u0131mad\u0131\u011f\u0131 as\u0131k suratl\u0131 bir adam odadan i\u00e7eri giriyor, b\u00fct\u00fcn memurlar asker gibi aya\u011fa dikiliyorlar; sanki hayatlar\u0131 bu adam\u0131n dudaklar\u0131 aras\u0131ndaym\u0131\u015f gibi korkudan titre\u015fiyorlard\u0131. Tabii g\u00fcn ge\u00e7tik\u00e7e yava\u015f yava\u015f o da bu memurlara benziyordu. Memuriyetin be\u011fenilecek nesi vard\u0131 yani? <\/p>\n","protected":false},"excerpt":{"rendered":"<p>\u201cBen \u0130stanbul\u2019dan d\u00f6nd\u00fckten sonra \u015fu mahud \u2018Barem Kanunu\u2019nu Ankara\u2019da yeni \u00e7\u0131kmaya ba\u015flayan Ba\u015fkent adl\u0131 bir dergide tefrika ettim. Ama on be\u015f yirmi tefrika s\u00fcrd\u00fc, sonra \u015fimdi<span class=\"excerpt-hellip\"> [\u2026]<\/span><\/p>\n","protected":false},"featured_media":0,"template":"","meta":{"_monsterinsights_skip_tracking":false,"_monsterinsights_sitenote_active":false,"_monsterinsights_sitenote_note":"","_monsterinsights_sitenote_category":0},"product_brand":[],"product_cat":[12291,12711],"product_tag":[],"class_list":{"0":"post-751634","1":"product","2":"type-product","3":"status-publish","5":"product_cat-edebiyat","6":"product_cat-roman-oyku","7":"pa_cilt-ciltsiz","8":"pa_tur-kitap","9":"pa_yayinevi-everest-yayinlari","10":"pa_yazar-melih-cevdet-anday","12":"first","13":"instock","14":"sale","15":"shipping-taxable","16":"purchasable","17":"product-type-simple"},"_links":{"self":[{"href":"https:\/\/roveyayinevi.com.tr\/index.php\/wp-json\/wp\/v2\/product\/751634","targetHints":{"allow":["GET"]}}],"collection":[{"href":"https:\/\/roveyayinevi.com.tr\/index.php\/wp-json\/wp\/v2\/product"}],"about":[{"href":"https:\/\/roveyayinevi.com.tr\/index.php\/wp-json\/wp\/v2\/types\/product"}],"wp:attachment":[{"href":"https:\/\/roveyayinevi.com.tr\/index.php\/wp-json\/wp\/v2\/media?parent=751634"}],"wp:term":[{"taxonomy":"product_brand","embeddable":true,"href":"https:\/\/roveyayinevi.com.tr\/index.php\/wp-json\/wp\/v2\/product_brand?post=751634"},{"taxonomy":"product_cat","embeddable":true,"href":"https:\/\/roveyayinevi.com.tr\/index.php\/wp-json\/wp\/v2\/product_cat?post=751634"},{"taxonomy":"product_tag","embeddable":true,"href":"https:\/\/roveyayinevi.com.tr\/index.php\/wp-json\/wp\/v2\/product_tag?post=751634"}],"curies":[{"name":"wp","href":"https:\/\/api.w.org\/{rel}","templated":true}]}}