{"id":751633,"date":"2025-08-28T04:54:31","date_gmt":"2025-08-28T01:54:31","guid":{"rendered":"https:\/\/roveyayinevi.com.tr\/index.php\/urun\/sasirtan-galaksi\/"},"modified":"2026-04-16T03:04:50","modified_gmt":"2026-04-16T00:04:50","slug":"sasirtan-galaksi","status":"publish","type":"product","link":"https:\/\/roveyayinevi.com.tr\/index.php\/urun\/sasirtan-galaksi\/","title":{"rendered":"\u015ea\u015f\u0131rtan Galaksi"},"content":{"rendered":"<p>Ya\u015fl\u0131 evrenimizi tan\u0131maya haz\u0131r m\u0131s\u0131n\u0131z?  \u0130lk \u00f6nce b\u00fcy\u00fck bir patlama ger\u00e7ekle\u015fti. Daha sonra galaksimiz do\u011fdu. \u015eimdi hepimiz milyarlarca gezegenle, y\u0131ld\u0131zla, uyduyla, g\u00f6kta\u015f\u0131yla, kuyruklu y\u0131ld\u0131zla ve kim bilir ba\u015fka nelerle birlikte uzayda \u0131\u015f\u0131k h\u0131z\u0131yla hareket ediyoruz. Bu kitapla bilginin ak\u0131l almaz d\u00fcyas\u0131nda e\u011flenceli bir yolculuk yapacaks\u0131n\u0131z ve heyecandan yerinizde duramayacaks\u0131n\u0131z. Mars\u2019ta kayak yapacak, Pl\u00fcton\u2019daki \u00fczg\u00fcn uzay yarat\u0131\u011f\u0131yla kar\u015f\u0131la\u015facak; k\u0131rm\u0131z\u0131 devler, beyaz c\u00fcceler ve s\u00fcpernovalar ile ilgili baz\u0131 inan\u0131lmaz ger\u00e7ekler kar\u015f\u0131s\u0131nda soluk solu\u011fa kalacaks\u0131n\u0131z. Ayr\u0131ca, Sid ad\u0131nda birisinin kara deliklere \u00e7ok yakla\u015ft\u0131\u011f\u0131nda ba\u015f\u0131na neler geldi\u011fini g\u00f6receksiniz.<\/p>\n","protected":false},"excerpt":{"rendered":"<p>Ya\u015fl\u0131 evrenimizi tan\u0131maya haz\u0131r m\u0131s\u0131n\u0131z? \u0130lk \u00f6nce b\u00fcy\u00fck bir patlama ger\u00e7ekle\u015fti. Daha sonra galaksimiz do\u011fdu. \u015eimdi hepimiz milyarlarca gezegenle, y\u0131ld\u0131zla, uyduyla, g\u00f6kta\u015f\u0131yla, kuyruklu y\u0131ld\u0131zla ve kim<span class=\"excerpt-hellip\"> [\u2026]<\/span><\/p>\n","protected":false},"featured_media":0,"template":"","meta":{"_monsterinsights_skip_tracking":false,"_monsterinsights_sitenote_active":false,"_monsterinsights_sitenote_note":"","_monsterinsights_sitenote_category":0},"product_brand":[],"product_cat":[13829,12274],"product_tag":[],"class_list":{"0":"post-751633","1":"product","2":"type-product","3":"status-publish","5":"product_cat-bilimsel-kitaplar","6":"product_cat-cocuk-ve-genclik-kitaplari","7":"pa_cilt-ciltsiz","8":"pa_tur-kitap","9":"pa_yayinevi-eglenceli-bilgi-yayinlari","10":"pa_yazar-kjartan-poskitt","12":"first","13":"instock","14":"sale","15":"shipping-taxable","16":"purchasable","17":"product-type-simple"},"_links":{"self":[{"href":"https:\/\/roveyayinevi.com.tr\/index.php\/wp-json\/wp\/v2\/product\/751633","targetHints":{"allow":["GET"]}}],"collection":[{"href":"https:\/\/roveyayinevi.com.tr\/index.php\/wp-json\/wp\/v2\/product"}],"about":[{"href":"https:\/\/roveyayinevi.com.tr\/index.php\/wp-json\/wp\/v2\/types\/product"}],"wp:attachment":[{"href":"https:\/\/roveyayinevi.com.tr\/index.php\/wp-json\/wp\/v2\/media?parent=751633"}],"wp:term":[{"taxonomy":"product_brand","embeddable":true,"href":"https:\/\/roveyayinevi.com.tr\/index.php\/wp-json\/wp\/v2\/product_brand?post=751633"},{"taxonomy":"product_cat","embeddable":true,"href":"https:\/\/roveyayinevi.com.tr\/index.php\/wp-json\/wp\/v2\/product_cat?post=751633"},{"taxonomy":"product_tag","embeddable":true,"href":"https:\/\/roveyayinevi.com.tr\/index.php\/wp-json\/wp\/v2\/product_tag?post=751633"}],"curies":[{"name":"wp","href":"https:\/\/api.w.org\/{rel}","templated":true}]}}