{"id":751632,"date":"2025-08-28T04:54:30","date_gmt":"2025-08-28T01:54:30","guid":{"rendered":"https:\/\/roveyayinevi.com.tr\/index.php\/urun\/problemsiz-matematik\/"},"modified":"2026-04-16T03:04:50","modified_gmt":"2026-04-16T00:04:50","slug":"problemsiz-matematik","status":"publish","type":"product","link":"https:\/\/roveyayinevi.com.tr\/index.php\/urun\/problemsiz-matematik\/","title":{"rendered":"Problemsiz Matematik"},"content":{"rendered":"<p>Matematikle aran nas\u0131l? K\u00f6t\u00fc m\u00fc? Matematik kelimesini duyunca k\u00f6\u015fe bucak ka\u00e7\u0131yor musun? Art\u0131k ka\u00e7acak yer aramana gerek yok. Bundan sonra matematik senin i\u00e7in mutluluk ve e\u011flencenin sembol\u00fc olacak. \u00c7\u00fcnk\u00fc birbirinden zorlu konular\u0131 en pratik yollarla o\u0308g\u0306reten; o\u0308g\u0306retirken kahkahalarla gu\u0308ldu\u0308ren &#8220;Problemsiz Matematik&#8221; kitab\u0131yla tan\u0131\u015ft\u0131n. Do\u011fal say\u0131lar, a\u00e7\u0131lar, kesirler, \u00f6l\u00e7\u00fcler gibi konulara ili\u015fkin problemlerin en pratik c\u0327o\u0308zu\u0308mleri ve muhtes\u0327em ipuc\u0327lar\u0131 bu kitapta!\u0130nce espriler ve muhtes\u0327em karikatu\u0308rlerin es\u0327lik ettig\u0306i matematik hic\u0327 bu kadar eg\u0306lenceli ve kolay olmam\u0131\u015ft\u0131!<\/p>\n","protected":false},"excerpt":{"rendered":"<p>Matematikle aran nas\u0131l? K\u00f6t\u00fc m\u00fc? Matematik kelimesini duyunca k\u00f6\u015fe bucak ka\u00e7\u0131yor musun? Art\u0131k ka\u00e7acak yer aramana gerek yok. Bundan sonra matematik senin i\u00e7in mutluluk ve e\u011flencenin<span class=\"excerpt-hellip\"> [\u2026]<\/span><\/p>\n","protected":false},"featured_media":0,"template":"","meta":{"_monsterinsights_skip_tracking":false,"_monsterinsights_sitenote_active":false,"_monsterinsights_sitenote_note":"","_monsterinsights_sitenote_category":0},"product_brand":[],"product_cat":[13829,12274],"product_tag":[],"class_list":{"0":"post-751632","1":"product","2":"type-product","3":"status-publish","5":"product_cat-bilimsel-kitaplar","6":"product_cat-cocuk-ve-genclik-kitaplari","7":"pa_cilt-ciltsiz","8":"pa_tur-kitap","9":"pa_yayinevi-eglenceli-bilgi-yayinlari","10":"pa_yazar-ebru-arik","12":"first","13":"instock","14":"sale","15":"shipping-taxable","16":"purchasable","17":"product-type-simple"},"_links":{"self":[{"href":"https:\/\/roveyayinevi.com.tr\/index.php\/wp-json\/wp\/v2\/product\/751632","targetHints":{"allow":["GET"]}}],"collection":[{"href":"https:\/\/roveyayinevi.com.tr\/index.php\/wp-json\/wp\/v2\/product"}],"about":[{"href":"https:\/\/roveyayinevi.com.tr\/index.php\/wp-json\/wp\/v2\/types\/product"}],"wp:attachment":[{"href":"https:\/\/roveyayinevi.com.tr\/index.php\/wp-json\/wp\/v2\/media?parent=751632"}],"wp:term":[{"taxonomy":"product_brand","embeddable":true,"href":"https:\/\/roveyayinevi.com.tr\/index.php\/wp-json\/wp\/v2\/product_brand?post=751632"},{"taxonomy":"product_cat","embeddable":true,"href":"https:\/\/roveyayinevi.com.tr\/index.php\/wp-json\/wp\/v2\/product_cat?post=751632"},{"taxonomy":"product_tag","embeddable":true,"href":"https:\/\/roveyayinevi.com.tr\/index.php\/wp-json\/wp\/v2\/product_tag?post=751632"}],"curies":[{"name":"wp","href":"https:\/\/api.w.org\/{rel}","templated":true}]}}