{"id":751629,"date":"2025-08-28T04:54:20","date_gmt":"2025-08-28T01:54:20","guid":{"rendered":"https:\/\/roveyayinevi.com.tr\/index.php\/urun\/osmanli-filistinine-veda\/"},"modified":"2026-04-16T03:04:50","modified_gmt":"2026-04-16T00:04:50","slug":"osmanli-filistinine-veda","status":"publish","type":"product","link":"https:\/\/roveyayinevi.com.tr\/index.php\/urun\/osmanli-filistinine-veda\/","title":{"rendered":"Osmanl\u0131 Filistin&#8217;ine Veda"},"content":{"rendered":"<p>\u0130nsan haklar\u0131 \u00f6rg\u00fct\u00fc El-Hak\u2019\u0131n kurucusu, \u201cOrwell Prize for Books\u201d (2008) ile \u201cMoore Prize\u201d (2020) \u00f6d\u00fcllerinin sahibi, Filistinli avukat ve yazar Raja Shehadeh\u2019ten muhte\u015fem bir Filistin tarihi\u2026Yazar Raja Shehadeh, aile tarihini ara\u015ft\u0131r\u0131rken Osmanl\u0131 d\u00f6neminde Filistin\u2019de ya\u015fam\u0131\u015f b\u00fcy\u00fck b\u00fcy\u00fck amcas\u0131 Necib Nassar\u2019\u0131 ke\u015ffeder. Hristiyan tebaadan bir entelekt\u00fcel olan Necib Nassar reformlara s\u0131cak baksa da Osmanl\u0131\u2019n\u0131n Orta Do\u011fu\u2019yu zaman i\u00e7inde kaybetmesinden endi\u015felidir. Bu gerek\u00e7eyle Osmanl\u0131 Devleti\u2019nin I. D\u00fcnya Sava\u015f\u0131\u2019na girmesine muhalefet etti\u011finde ise hayat\u0131n\u0131 alt\u00fcst edecek bir geli\u015fme ya\u015fan\u0131r. Cemal Pa\u015fa\u2019n\u0131n talimat\u0131yla hakk\u0131nda idam karar\u0131 \u00e7\u0131kar. Devlet g\u00f6revlileri \u00fc\u00e7 y\u0131l boyunca Necib\u2019i ararken o da Filistin topraklar\u0131nda gizlenir. Bu ka\u00e7\u0131\u015f s\u00fcrecinde k\u00f6yler, bedevi \u00e7ad\u0131rlar\u0131 ve da\u011flar onun yeni yuvas\u0131 olur. Raja Shehadeh, bu aile tarihi anlat\u0131s\u0131nda b\u00fcy\u00fck b\u00fcy\u00fck amcas\u0131 Necib Nassar\u2019\u0131n ka\u00e7\u0131\u015f yolculu\u011funu tekrarl\u0131yor. Yolculuk s\u0131ras\u0131nda amcas\u0131n\u0131n u\u011frad\u0131\u011f\u0131, konaklad\u0131\u011f\u0131 o hayat dolu yerlerin nas\u0131l birer harabe h\u00e2line geldi\u011fini g\u00f6zlemliyor. Filistin\u2019in bug\u00fcn berbat bir hapishaneye d\u00f6n\u00fc\u015ft\u00fc\u011f\u00fcn\u00fc, Necib amcas\u0131 gibi \u00f6zg\u00fcrce dola\u015fman\u0131n ise art\u0131k imk\u00e2ns\u0131z oldu\u011funu ac\u0131 tecr\u00fcbelerle ke\u015ffediyor. Zamandaki K\u0131r\u0131lma: Osmanl\u0131 Filistin\u2019ine Veda, siyonizmin b\u00f6lgedeki ekolojik yap\u0131y\u0131, do\u011fal kaynaklar\u0131, huzuru, toplumsal haf\u0131zay\u0131 nas\u0131l geri d\u00f6n\u00fclmez bi\u00e7imde mahvetti\u011fini g\u00f6zler \u00f6n\u00fcne seren \u00e7arp\u0131c\u0131 bir yolculuk \u00f6yk\u00fcs\u00fc. Ancak her t\u00fcrl\u00fc kedere ve bask\u0131ya ra\u011fmen bir g\u00fcn Filistin\u2019in \u00f6zg\u00fcr olaca\u011f\u0131na inanan yazar, Necib amcas\u0131ndan miras kalan m\u00fccadeleci ruhu okuyucular\u0131na vermeyi ba\u015far\u0131yor.<\/p>\n","protected":false},"excerpt":{"rendered":"<p>\u0130nsan haklar\u0131 \u00f6rg\u00fct\u00fc El-Hak\u2019\u0131n kurucusu, \u201cOrwell Prize for Books\u201d (2008) ile \u201cMoore Prize\u201d (2020) \u00f6d\u00fcllerinin sahibi, Filistinli avukat ve yazar Raja Shehadeh\u2019ten muhte\u015fem bir Filistin tarihi\u2026Yazar<span class=\"excerpt-hellip\"> [\u2026]<\/span><\/p>\n","protected":false},"featured_media":0,"template":"","meta":{"_monsterinsights_skip_tracking":false,"_monsterinsights_sitenote_active":false,"_monsterinsights_sitenote_note":"","_monsterinsights_sitenote_category":0},"product_brand":[],"product_cat":[12305,12304],"product_tag":[],"class_list":{"0":"post-751629","1":"product","2":"type-product","3":"status-publish","5":"product_cat-dunya-tarihi","6":"product_cat-tarih","7":"pa_cilt-ciltsiz","8":"pa_tur-kitap","9":"pa_yayinevi-timas-yayinlari","10":"pa_yazar-raja-shehadeh","12":"first","13":"instock","14":"sale","15":"shipping-taxable","16":"purchasable","17":"product-type-simple"},"_links":{"self":[{"href":"https:\/\/roveyayinevi.com.tr\/index.php\/wp-json\/wp\/v2\/product\/751629","targetHints":{"allow":["GET"]}}],"collection":[{"href":"https:\/\/roveyayinevi.com.tr\/index.php\/wp-json\/wp\/v2\/product"}],"about":[{"href":"https:\/\/roveyayinevi.com.tr\/index.php\/wp-json\/wp\/v2\/types\/product"}],"wp:attachment":[{"href":"https:\/\/roveyayinevi.com.tr\/index.php\/wp-json\/wp\/v2\/media?parent=751629"}],"wp:term":[{"taxonomy":"product_brand","embeddable":true,"href":"https:\/\/roveyayinevi.com.tr\/index.php\/wp-json\/wp\/v2\/product_brand?post=751629"},{"taxonomy":"product_cat","embeddable":true,"href":"https:\/\/roveyayinevi.com.tr\/index.php\/wp-json\/wp\/v2\/product_cat?post=751629"},{"taxonomy":"product_tag","embeddable":true,"href":"https:\/\/roveyayinevi.com.tr\/index.php\/wp-json\/wp\/v2\/product_tag?post=751629"}],"curies":[{"name":"wp","href":"https:\/\/api.w.org\/{rel}","templated":true}]}}