{"id":751626,"date":"2025-08-28T04:54:16","date_gmt":"2025-08-28T01:54:16","guid":{"rendered":"https:\/\/roveyayinevi.com.tr\/index.php\/urun\/kilic-arslan-2\/"},"modified":"2026-04-16T03:04:50","modified_gmt":"2026-04-16T00:04:50","slug":"kilic-arslan-2","status":"publish","type":"product","link":"https:\/\/roveyayinevi.com.tr\/index.php\/urun\/kilic-arslan-2\/","title":{"rendered":"K\u0131l\u0131\u00e7 Arslan"},"content":{"rendered":"<p>Bir m\u00fcddet hi\u00e7bir \u015fey s\u00f6ylemedi K\u0131l\u0131\u00e7 Arslan. Hafif\u00e7e serpi\u015ftiren ya\u011fmuru izliyor, toprak kokusunu ve gitgide y\u0131ld\u0131r\u0131m y\u00fcklenen g\u00f6klerin cereyan y\u00fckl\u00fc rayihas\u0131n\u0131 ci\u011ferlerine dolduruyordu. \u201cAllah\u2019tan duam gelecek nesillerin tek bir devletin ve mutlak bir h\u00e2kimiyetin \u00f6nemini kavramalar\u0131d\u0131r. \u015eu ya\u015fad\u0131klar\u0131m\u0131z onlara ibret olmayacaksa e\u011fer, kendilerine mutlaka ba\u015fka ibretler ve hatal\u0131 yollar se\u00e7ecekler demektir!\u201d Bir anl\u0131\u011f\u0131na sessizle\u015fen Sultan etraf\u0131na bakt\u0131. Askerinin metanetini artt\u0131rmak i\u00e7in at\u0131n\u0131 d\u00f6rtnala kald\u0131r\u0131p saflar\u0131n \u00f6n\u00fcne \u00e7\u0131kt\u0131.\u201cBug\u00fcn, son T\u00fcrk devletini kurtarmak i\u00e7in buraday\u0131z gaziler,\u201d diye k\u00fckredi. B\u00fcy\u00fck Sultan Alparslan\u2019\u0131n a\u00e7t\u0131\u011f\u0131 Anadolu\u2019nun kap\u0131lar\u0131 T\u00fcrklere kapanmak \u00fczere&#8230;Tarihte g\u00f6r\u00fclmemi\u015f bir kararl\u0131l\u0131kla toplanan Ha\u00e7l\u0131lar, Bizans\u2019\u0131n rehberli\u011finde \u0130sl\u00e2m aleminin \u00fczerine y\u00fcr\u00fcmekte.\u0130\u00e7erideki d\u00fc\u015fmanlar uyanm\u0131\u015f, fitne M\u00fcsl\u00fcmanlar aras\u0131nda yay\u0131lm\u0131\u015f, karde\u015f karde\u015fi bo\u011fazlamakta. B\u00fct\u00fcn bunlar\u0131n kar\u015f\u0131s\u0131nda ise asla pes etmeyen, herkesin umudu Sultan K\u0131l\u0131\u00e7 Arslan&#8230;Eserleri alt\u0131 dile \u00e7evrilen, T\u00fcrkiye\u2019nin en \u00e7ok okunan tarih\u00ee romanlar\u0131n\u0131n yazar\u0131, \u201cg\u00fcn\u00fcm\u00fcz\u00fcn Peyami Safa\u201ds\u0131 olarak an\u0131lan Okay Tiryakio\u011flu\u2019nun kaleminden Anadolu\u2019daki T\u00fcrk varl\u0131\u011f\u0131n\u0131 Ha\u00e7l\u0131lara kar\u015f\u0131 can\u0131 pahas\u0131na koruyan K\u0131l\u0131\u00e7 Arslan\u2019\u0131n nefes kesen hik\u00e2yesi&#8230;<\/p>\n","protected":false},"excerpt":{"rendered":"<p>Bir m\u00fcddet hi\u00e7bir \u015fey s\u00f6ylemedi K\u0131l\u0131\u00e7 Arslan. Hafif\u00e7e serpi\u015ftiren ya\u011fmuru izliyor, toprak kokusunu ve gitgide y\u0131ld\u0131r\u0131m y\u00fcklenen g\u00f6klerin cereyan y\u00fckl\u00fc rayihas\u0131n\u0131 ci\u011ferlerine dolduruyordu. \u201cAllah\u2019tan duam gelecek<span class=\"excerpt-hellip\"> [\u2026]<\/span><\/p>\n","protected":false},"featured_media":0,"template":"","meta":{"_monsterinsights_skip_tracking":false,"_monsterinsights_sitenote_active":false,"_monsterinsights_sitenote_note":"","_monsterinsights_sitenote_category":0},"product_brand":[],"product_cat":[12291,12711],"product_tag":[],"class_list":{"0":"post-751626","1":"product","2":"type-product","3":"status-publish","5":"product_cat-edebiyat","6":"product_cat-roman-oyku","7":"pa_cilt-ciltsiz","8":"pa_tur-kitap","9":"pa_yayinevi-timas-yayinlari","10":"pa_yazar-okay-tiryakioglu","12":"first","13":"instock","14":"sale","15":"shipping-taxable","16":"purchasable","17":"product-type-simple"},"_links":{"self":[{"href":"https:\/\/roveyayinevi.com.tr\/index.php\/wp-json\/wp\/v2\/product\/751626","targetHints":{"allow":["GET"]}}],"collection":[{"href":"https:\/\/roveyayinevi.com.tr\/index.php\/wp-json\/wp\/v2\/product"}],"about":[{"href":"https:\/\/roveyayinevi.com.tr\/index.php\/wp-json\/wp\/v2\/types\/product"}],"wp:attachment":[{"href":"https:\/\/roveyayinevi.com.tr\/index.php\/wp-json\/wp\/v2\/media?parent=751626"}],"wp:term":[{"taxonomy":"product_brand","embeddable":true,"href":"https:\/\/roveyayinevi.com.tr\/index.php\/wp-json\/wp\/v2\/product_brand?post=751626"},{"taxonomy":"product_cat","embeddable":true,"href":"https:\/\/roveyayinevi.com.tr\/index.php\/wp-json\/wp\/v2\/product_cat?post=751626"},{"taxonomy":"product_tag","embeddable":true,"href":"https:\/\/roveyayinevi.com.tr\/index.php\/wp-json\/wp\/v2\/product_tag?post=751626"}],"curies":[{"name":"wp","href":"https:\/\/api.w.org\/{rel}","templated":true}]}}