{"id":751625,"date":"2025-08-28T04:54:14","date_gmt":"2025-08-28T01:54:14","guid":{"rendered":"https:\/\/roveyayinevi.com.tr\/index.php\/urun\/en-guzel-kissa\/"},"modified":"2026-04-16T03:04:50","modified_gmt":"2026-04-16T00:04:50","slug":"en-guzel-kissa","status":"publish","type":"product","link":"https:\/\/roveyayinevi.com.tr\/index.php\/urun\/en-guzel-kissa\/","title":{"rendered":"En G\u00fczel K\u0131ssa"},"content":{"rendered":"<p>\u201cKur\u2019an insan\u0131n Rabbiyle, alemle ve di\u011fer insanlarla ili\u015fkilerinden bahseden bir kitapt\u0131r.\u201dElmal\u0131l\u0131 Hamdi Yaz\u0131r \u201cKur&#8217;an, verdi\u011fi peygamber \u00f6rnekleriyle muhatab\u0131n\u0131n \u015fahsiyetini in\u015fa ederken insan\u0131n ya\u015fad\u0131\u011f\u0131 hayati problemlere de \u00e7\u00f6z\u00fcmler sunar. K\u0131ssalarda anlat\u0131lan olaylar\u0131 masal dinler gibi dinlemeyip hayat\u0131m\u0131z\u0131n i\u00e7ine almay\u0131 ba\u015farabilirsek ki\u015fili\u011fimizin yeniden imar oldu\u011funa \u015fahit oluruz\u2026\u201d diyor Fatma Bayram ve bu d\u00fc\u015f\u00fcnceyle uzun y\u0131llar boyunca yapt\u0131\u011f\u0131 k\u0131ssa derslerinde, \u201cBu k\u0131ssa bana ne s\u00f6yl\u00fcyor?\u201d sorusunun cevab\u0131n\u0131 ar\u0131yor.Hz. Adem\u2019den, hatalar\u0131m\u0131z\u0131 telafi etme yollar\u0131n\u0131; Hz. Nuh\u2019tan, bizi birbirimize ba\u011flayan as\u0131l ba\u011f\u0131n inan\u00e7 oldu\u011funu ve bir insan\u0131n alaylara ald\u0131rmaks\u0131z\u0131n b\u0131kmadan, usanmadan yoluna nas\u0131l devam edebilece\u011fini; Hz. \u0130brahim\u2019den, bir insan\u0131n tevhid aray\u0131\u015f\u0131n\u0131 ve iman\u0131ndan ald\u0131\u011f\u0131 cesaretle imans\u0131z bir kavme nas\u0131l kar\u015f\u0131 koyulaca\u011f\u0131n\u0131; Hz. Lut\u2019tan, k\u00f6t\u00fcl\u00fck ne kadar yayg\u0131n olursa olsun diren\u00e7 g\u00f6stererek kar\u015f\u0131 koymak gerekti\u011fini; Hz. Musa\u2019dan, korkular\u0131m\u0131za ra\u011fmen sebatla yolumuza devam etme yollar\u0131n\u0131; Hz. Meryem\u2019den g\u00f6r\u00fcnenin aldat\u0131c\u0131 olabilece\u011fini; Hz. Yusuf\u2019tan bir gencin nefsinin ve \u00e7evresinin bask\u0131s\u0131na ra\u011fmen ahlak\u0131n\u0131 muhafaza etmesinin yollar\u0131n\u0131 \u00f6\u011freniriz.  En G\u00fczel K\u0131ssa, benzersiz ve katman katman zengin i\u00e7eri\u011fiyle Hz. Yusuf\u2019un kuyudan saraya y\u00fckseli\u015finin \u00f6yk\u00fcs\u00fcd\u00fcr.<\/p>\n","protected":false},"excerpt":{"rendered":"<p>\u201cKur\u2019an insan\u0131n Rabbiyle, alemle ve di\u011fer insanlarla ili\u015fkilerinden bahseden bir kitapt\u0131r.\u201dElmal\u0131l\u0131 Hamdi Yaz\u0131r \u201cKur&#8217;an, verdi\u011fi peygamber \u00f6rnekleriyle muhatab\u0131n\u0131n \u015fahsiyetini in\u015fa ederken insan\u0131n ya\u015fad\u0131\u011f\u0131 hayati problemlere de<span class=\"excerpt-hellip\"> [\u2026]<\/span><\/p>\n","protected":false},"featured_media":0,"template":"","meta":{"_monsterinsights_skip_tracking":false,"_monsterinsights_sitenote_active":false,"_monsterinsights_sitenote_note":"","_monsterinsights_sitenote_category":0},"product_brand":[],"product_cat":[12718,12719],"product_tag":[],"class_list":{"0":"post-751625","1":"product","2":"type-product","3":"status-publish","5":"product_cat-din","6":"product_cat-islam","7":"pa_cilt-ciltsiz","8":"pa_tur-kitap","9":"pa_yayinevi-timas-yayinlari","10":"pa_yazar-fatma-bayram","12":"first","13":"instock","14":"sale","15":"shipping-taxable","16":"purchasable","17":"product-type-simple"},"_links":{"self":[{"href":"https:\/\/roveyayinevi.com.tr\/index.php\/wp-json\/wp\/v2\/product\/751625","targetHints":{"allow":["GET"]}}],"collection":[{"href":"https:\/\/roveyayinevi.com.tr\/index.php\/wp-json\/wp\/v2\/product"}],"about":[{"href":"https:\/\/roveyayinevi.com.tr\/index.php\/wp-json\/wp\/v2\/types\/product"}],"wp:attachment":[{"href":"https:\/\/roveyayinevi.com.tr\/index.php\/wp-json\/wp\/v2\/media?parent=751625"}],"wp:term":[{"taxonomy":"product_brand","embeddable":true,"href":"https:\/\/roveyayinevi.com.tr\/index.php\/wp-json\/wp\/v2\/product_brand?post=751625"},{"taxonomy":"product_cat","embeddable":true,"href":"https:\/\/roveyayinevi.com.tr\/index.php\/wp-json\/wp\/v2\/product_cat?post=751625"},{"taxonomy":"product_tag","embeddable":true,"href":"https:\/\/roveyayinevi.com.tr\/index.php\/wp-json\/wp\/v2\/product_tag?post=751625"}],"curies":[{"name":"wp","href":"https:\/\/api.w.org\/{rel}","templated":true}]}}