{"id":751624,"date":"2025-08-28T04:54:13","date_gmt":"2025-08-28T01:54:13","guid":{"rendered":"https:\/\/roveyayinevi.com.tr\/index.php\/urun\/duygusal-tukenmislik\/"},"modified":"2026-04-16T03:04:50","modified_gmt":"2026-04-16T00:04:50","slug":"duygusal-tukenmislik","status":"publish","type":"product","link":"https:\/\/roveyayinevi.com.tr\/index.php\/urun\/duygusal-tukenmislik\/","title":{"rendered":"Duygusal T\u00fckenmi\u015flik"},"content":{"rendered":"<p>\u201cAncak ruhunuza d\u00f6n\u00fcp duygular\u0131n\u0131z\u0131 hissetti\u011finizde ve bilhassa kendiniz i\u00e7in sesinizi y\u00fckseltti\u011finizde ger\u00e7ek, d\u00fcr\u00fcst ve \u00f6zg\u00fcr bir hayat ya\u015fam\u0131\u015f olursunuz.\u201dD\u00fcnyan\u0131n hemen her yerinde pek \u00e7ok kad\u0131n hayat\u0131ndaki insanlara kol kanat germekle ve her \u015feye yeti\u015fmeye \u00e7al\u0131\u015fmakla me\u015fgul. Ataerkil k\u00fclt\u00fcre g\u00f6re kad\u0131n anne, e\u015f, yuvay\u0131 kuran di\u015fi ku\u015f, \u00f6zverili, sessiz, \u015fefkatli olmak zorunda\u2026 T\u00fcm bu tan\u0131mlar bir kad\u0131n\u0131n ne oldu\u011fundan ziyade \u201cne olmamas\u0131\u201d gerekti\u011fini dayat\u0131r gibi, peki ya bir kad\u0131n kendini bunlardan ba\u011f\u0131ms\u0131z olarak var etmeye ihtiya\u00e7 duyuyorsa?Psikoterapist Nancy Colier size \u00f6zlemini \u00e7ekti\u011finiz duygusal destek ve g\u00fc\u00e7lendirme becerilerini sunuyor. Su\u00e7luluk, utan\u00e7 veya yarg\u0131lanma hissetmeden kendiniz olman\u0131za, en derin psikolojik, ruhsal ve duygusal ihtiya\u00e7lar\u0131n\u0131z\u0131 ortaya \u00e7\u0131karman\u0131za yard\u0131mc\u0131 oluyor. Me\u015fguliyet ve bo\u015f vermi\u015flik aras\u0131ndaki iki u\u00e7ta hapsolmu\u015f a\u015f\u0131r\u0131 yorgun, \u00e7al\u0131\u015fkan ve stresli kad\u0131n\u0131n ruhu i\u00e7in merhem niteli\u011finde bilgece \u00f6\u011f\u00fctler, g\u00f6r\u00fc\u015fler ve i\u015flevsel stratejiler sunuyor.Olman\u0131z istenilen \u201cuslu k\u0131z\u201d kimli\u011finden s\u0131k\u0131ld\u0131ysan\u0131z bu \u00f6zg\u00fcrle\u015ftirici kitap tam size g\u00f6re. Sevilmeyi ve onaylanmay\u0131 bekleyip, kendinizden vazge\u00e7mek yerine \u015fimdi biraz g\u00fcr\u00fclt\u00fc \u00e7\u0131karma vakti. \u00c7\u00fcnk\u00fc hayat ba\u015fkalar\u0131na g\u00f6re ya\u015famak i\u00e7in fazlas\u0131yla k\u0131sa!<\/p>\n","protected":false},"excerpt":{"rendered":"<p>\u201cAncak ruhunuza d\u00f6n\u00fcp duygular\u0131n\u0131z\u0131 hissetti\u011finizde ve bilhassa kendiniz i\u00e7in sesinizi y\u00fckseltti\u011finizde ger\u00e7ek, d\u00fcr\u00fcst ve \u00f6zg\u00fcr bir hayat ya\u015fam\u0131\u015f olursunuz.\u201dD\u00fcnyan\u0131n hemen her yerinde pek \u00e7ok kad\u0131n hayat\u0131ndaki<span class=\"excerpt-hellip\"> [\u2026]<\/span><\/p>\n","protected":false},"featured_media":0,"template":"","meta":{"_monsterinsights_skip_tracking":false,"_monsterinsights_sitenote_active":false,"_monsterinsights_sitenote_note":"","_monsterinsights_sitenote_category":0},"product_brand":[],"product_cat":[12357],"product_tag":[],"class_list":{"0":"post-751624","1":"product","2":"type-product","3":"status-publish","5":"product_cat-psikoloji","6":"pa_cilt-ciltsiz","7":"pa_tur-kitap","8":"pa_yayinevi-serenad-yayinevi","9":"pa_yazar-nancy-colier","11":"first","12":"instock","13":"sale","14":"shipping-taxable","15":"purchasable","16":"product-type-simple"},"_links":{"self":[{"href":"https:\/\/roveyayinevi.com.tr\/index.php\/wp-json\/wp\/v2\/product\/751624","targetHints":{"allow":["GET"]}}],"collection":[{"href":"https:\/\/roveyayinevi.com.tr\/index.php\/wp-json\/wp\/v2\/product"}],"about":[{"href":"https:\/\/roveyayinevi.com.tr\/index.php\/wp-json\/wp\/v2\/types\/product"}],"wp:attachment":[{"href":"https:\/\/roveyayinevi.com.tr\/index.php\/wp-json\/wp\/v2\/media?parent=751624"}],"wp:term":[{"taxonomy":"product_brand","embeddable":true,"href":"https:\/\/roveyayinevi.com.tr\/index.php\/wp-json\/wp\/v2\/product_brand?post=751624"},{"taxonomy":"product_cat","embeddable":true,"href":"https:\/\/roveyayinevi.com.tr\/index.php\/wp-json\/wp\/v2\/product_cat?post=751624"},{"taxonomy":"product_tag","embeddable":true,"href":"https:\/\/roveyayinevi.com.tr\/index.php\/wp-json\/wp\/v2\/product_tag?post=751624"}],"curies":[{"name":"wp","href":"https:\/\/api.w.org\/{rel}","templated":true}]}}