{"id":751620,"date":"2025-08-28T04:54:06","date_gmt":"2025-08-28T01:54:06","guid":{"rendered":"https:\/\/roveyayinevi.com.tr\/index.php\/urun\/beynin-sirlari-ve-manyetik-sifreleri\/"},"modified":"2026-04-16T03:04:50","modified_gmt":"2026-04-16T00:04:50","slug":"beynin-sirlari-ve-manyetik-sifreleri","status":"publish","type":"product","link":"https:\/\/roveyayinevi.com.tr\/index.php\/urun\/beynin-sirlari-ve-manyetik-sifreleri\/","title":{"rendered":"Beynin S\u0131rlar\u0131 ve Manyetik \u015eifreleri"},"content":{"rendered":"<p>Kendinizi ve beyninizi ke\u015ffetmeye haz\u0131r olun!Beynin S\u0131rlar\u0131 ve Manyetik \u015eifreleri, beynin derinliklerindeki s\u0131rlar\u0131 ortaya \u00e7\u0131kar\u0131yor. Ruh ve beden aras\u0131ndaki ili\u015fkiyi a\u00e7\u0131klarken kimyasallar\u0131n rol\u00fcn\u00fc inceliyor. Beyindeki ileti\u015fim sistemi ve enerji \u00fcretimi hakk\u0131nda net bir bak\u0131\u015f sunup, magnetoterapi ve alternatif \u015fifayla ilgili bilgiler veriyor. TMS ve alternatif \u015fifa y\u00f6ntemleriyle birlikte; alzheimer, parkinson, depresyon, panik atak ve bir\u00e7ok hastal\u0131\u011f\u0131n vaka \u00f6rnekleri de bu kitapta yer al\u0131yor.N\u00f6rolog Dr. Mehmet Yavuz, Beynin S\u0131rlar\u0131 ve Manyetik \u015eifreleri\u2019nde; beynin gizemli d\u00fcnyas\u0131na odaklanarak merak edilen sorulara net ve anla\u015f\u0131l\u0131r yan\u0131tlar veriyor.<\/p>\n","protected":false},"excerpt":{"rendered":"<p>Kendinizi ve beyninizi ke\u015ffetmeye haz\u0131r olun!Beynin S\u0131rlar\u0131 ve Manyetik \u015eifreleri, beynin derinliklerindeki s\u0131rlar\u0131 ortaya \u00e7\u0131kar\u0131yor. Ruh ve beden aras\u0131ndaki ili\u015fkiyi a\u00e7\u0131klarken kimyasallar\u0131n rol\u00fcn\u00fc inceliyor. Beyindeki ileti\u015fim<span class=\"excerpt-hellip\"> [\u2026]<\/span><\/p>\n","protected":false},"featured_media":0,"template":"","meta":{"_monsterinsights_skip_tracking":false,"_monsterinsights_sitenote_active":false,"_monsterinsights_sitenote_note":"","_monsterinsights_sitenote_category":0},"product_brand":[],"product_cat":[13005,13006],"product_tag":[],"class_list":{"0":"post-751620","1":"product","2":"type-product","3":"status-publish","5":"product_cat-bilim-muhendislik","6":"product_cat-populer-bilim","7":"pa_cilt-ciltsiz","8":"pa_tur-kitap","9":"pa_yayinevi-nemesis-kitap","10":"pa_yazar-mehmet-yavuz","12":"first","13":"instock","14":"sale","15":"shipping-taxable","16":"purchasable","17":"product-type-simple"},"_links":{"self":[{"href":"https:\/\/roveyayinevi.com.tr\/index.php\/wp-json\/wp\/v2\/product\/751620","targetHints":{"allow":["GET"]}}],"collection":[{"href":"https:\/\/roveyayinevi.com.tr\/index.php\/wp-json\/wp\/v2\/product"}],"about":[{"href":"https:\/\/roveyayinevi.com.tr\/index.php\/wp-json\/wp\/v2\/types\/product"}],"wp:attachment":[{"href":"https:\/\/roveyayinevi.com.tr\/index.php\/wp-json\/wp\/v2\/media?parent=751620"}],"wp:term":[{"taxonomy":"product_brand","embeddable":true,"href":"https:\/\/roveyayinevi.com.tr\/index.php\/wp-json\/wp\/v2\/product_brand?post=751620"},{"taxonomy":"product_cat","embeddable":true,"href":"https:\/\/roveyayinevi.com.tr\/index.php\/wp-json\/wp\/v2\/product_cat?post=751620"},{"taxonomy":"product_tag","embeddable":true,"href":"https:\/\/roveyayinevi.com.tr\/index.php\/wp-json\/wp\/v2\/product_tag?post=751620"}],"curies":[{"name":"wp","href":"https:\/\/api.w.org\/{rel}","templated":true}]}}