{"id":751619,"date":"2025-08-28T04:54:05","date_gmt":"2025-08-28T01:54:05","guid":{"rendered":"https:\/\/roveyayinevi.com.tr\/index.php\/urun\/devletin-subayi-subayin-devleti\/"},"modified":"2026-04-16T03:04:50","modified_gmt":"2026-04-16T00:04:50","slug":"devletin-subayi-subayin-devleti","status":"publish","type":"product","link":"https:\/\/roveyayinevi.com.tr\/index.php\/urun\/devletin-subayi-subayin-devleti\/","title":{"rendered":"Devletin Subay\u0131, Subay\u0131n Devleti"},"content":{"rendered":"<p>\u201cI\u0307no\u0308nu\u0308 ile Menderes do\u0308nemindeki birbiriyle ard\u0131s\u0327\u0131k gizli o\u0308rgu\u0308tlenmelerin gerekc\u0327elerine bak\u0131ld\u0131g\u0306\u0131nda, u\u0308yelerindeki kus\u0327ak\/ zihniyet farkl\u0131l\u0131g\u0306\u0131na rag\u0306men, baz\u0131 temel noktalarda bir \u2018su\u0308reklilik\u2019 so\u0308z konusuydu. Bu su\u0308reklilik, k\u0131s\u0327lalarda genc\u0327 subaylar\u0131n \u2018n\u2019olacak bu memleketin hali\u2019 sorusuna arad\u0131klar\u0131 \u2018benzer\u2019 yan\u0131tlarda gizliydi. Bu yo\u0308nu\u0308yle, geri kalm\u0131s\u0327l\u0131ktan kurtarmak go\u0308revini, Milli S\u0327ef Do\u0308nemi gizli o\u0308rgu\u0308tlenmelerinden miras alan bu genc\u0327 kurmaylar, Prusya askeri\u0302 ekolu\u0308yle eg\u0306itim go\u0308rmu\u0308s\u0327 seleflerinden farkl\u0131 olarak Amerikan askeri\u0302 ekolu\u0308yle yetis\u0327en 1920\u2019ler kus\u0327ag\u0306\u0131n\u0131 temsil ediyorlard\u0131. Fakat subaylar nezdinde bu iki ekol aras\u0131nda kesin kopus\u0327 oldug\u0306unu so\u0308ylemek mu\u0308mku\u0308n deg\u0306ildir. Melez bir askeri\u0302 yap\u0131n\u0131n ha\u0302kim oldug\u0306u ordu ic\u0327indeki illegal olus\u0327umlar\u0131 hayata gec\u0327iren temel gerekc\u0327e \u2018u\u0308lkeyi geri kalm\u0131s\u0327l\u0131ktan kurtarmak\u2019 olsa da, 27 May\u0131s Askeri\u0302 Mu\u0308dahalesi\u2019nin hareka\u0302t su\u0308recinde subaylar\u0131n temel motivasyon kaynag\u0306\u0131, siyasal-toplumsal muhaliflerin \u2018o\u0308zgu\u0308rlu\u0308k\/demokrasi\u2019 talepleriydi.\u201d Nesimi Go\u0308ks\u0327en\u2019in Devletin Subay\u0131, Subay\u0131n Devleti kitab\u0131, 27 May\u0131sc\u0327\u0131lar\u0131n ama onun da o\u0308tesinde 27 May\u0131s\u2019a giden yolda asker ic\u0327erisindeki o\u0308bekles\u0327melerin temel motivasyonunu anlamaya c\u0327al\u0131s\u0327\u0131yor. Siyasetc\u0327ilere gu\u0308vensizlig\u0306i, siyasete yu\u0308klenen pejoratif anlam\u0131, u\u0308lkenin geri kalm\u0131s\u0327l\u0131ktan kurtar\u0131lmas\u0131 misyonunu asker ic\u0327inden go\u0308rerek, kus\u0327ak ve ekol detaylar\u0131nda gezinerek, topluma \u201cmu\u0308dahale\u201d misyonunu nas\u0131l edindiklerinin kaynaklar\u0131na giderek, askerin toplumsal hayattaki \u201ckayg\u0131\u201dlar\u0131n\u0131 irdeleyerek 27 May\u0131s\u2019\u0131n farkl\u0131 bir vec\u0327hesini ortaya koyuyor. <\/p>\n","protected":false},"excerpt":{"rendered":"<p>\u201cI\u0307no\u0308nu\u0308 ile Menderes do\u0308nemindeki birbiriyle ard\u0131s\u0327\u0131k gizli o\u0308rgu\u0308tlenmelerin gerekc\u0327elerine bak\u0131ld\u0131g\u0306\u0131nda, u\u0308yelerindeki kus\u0327ak\/ zihniyet farkl\u0131l\u0131g\u0306\u0131na rag\u0306men, baz\u0131 temel noktalarda bir \u2018su\u0308reklilik\u2019 so\u0308z konusuydu. Bu su\u0308reklilik, k\u0131s\u0327lalarda genc\u0327<span class=\"excerpt-hellip\"> [\u2026]<\/span><\/p>\n","protected":false},"featured_media":0,"template":"","meta":{"_monsterinsights_skip_tracking":false,"_monsterinsights_sitenote_active":false,"_monsterinsights_sitenote_note":"","_monsterinsights_sitenote_category":0},"product_brand":[],"product_cat":[12370,12304],"product_tag":[],"class_list":{"0":"post-751619","1":"product","2":"type-product","3":"status-publish","5":"product_cat-arastirma-inceleme","6":"product_cat-tarih","7":"pa_cilt-ciltsiz","8":"pa_tur-kitap","9":"pa_yayinevi-iletisim-yayinlari","10":"pa_yazar-nesimi-goksen","12":"first","13":"instock","14":"sale","15":"shipping-taxable","16":"purchasable","17":"product-type-simple"},"_links":{"self":[{"href":"https:\/\/roveyayinevi.com.tr\/index.php\/wp-json\/wp\/v2\/product\/751619","targetHints":{"allow":["GET"]}}],"collection":[{"href":"https:\/\/roveyayinevi.com.tr\/index.php\/wp-json\/wp\/v2\/product"}],"about":[{"href":"https:\/\/roveyayinevi.com.tr\/index.php\/wp-json\/wp\/v2\/types\/product"}],"wp:attachment":[{"href":"https:\/\/roveyayinevi.com.tr\/index.php\/wp-json\/wp\/v2\/media?parent=751619"}],"wp:term":[{"taxonomy":"product_brand","embeddable":true,"href":"https:\/\/roveyayinevi.com.tr\/index.php\/wp-json\/wp\/v2\/product_brand?post=751619"},{"taxonomy":"product_cat","embeddable":true,"href":"https:\/\/roveyayinevi.com.tr\/index.php\/wp-json\/wp\/v2\/product_cat?post=751619"},{"taxonomy":"product_tag","embeddable":true,"href":"https:\/\/roveyayinevi.com.tr\/index.php\/wp-json\/wp\/v2\/product_tag?post=751619"}],"curies":[{"name":"wp","href":"https:\/\/api.w.org\/{rel}","templated":true}]}}