{"id":751618,"date":"2025-08-28T04:54:03","date_gmt":"2025-08-28T01:54:03","guid":{"rendered":"https:\/\/roveyayinevi.com.tr\/index.php\/urun\/turk-milliyetciliginin-temelleri\/"},"modified":"2026-04-16T03:04:50","modified_gmt":"2026-04-16T00:04:50","slug":"turk-milliyetciliginin-temelleri","status":"publish","type":"product","link":"https:\/\/roveyayinevi.com.tr\/index.php\/urun\/turk-milliyetciliginin-temelleri\/","title":{"rendered":"T\u00fcrk Milliyet\u00e7ili\u011finin Temelleri"},"content":{"rendered":"<p>Cemil Meric\u0327\u2019in edebiyat ve edebiyat d\u0131s\u0327\u0131 alanlardaki c\u0327evirileri, onun, \u201cku\u0308ltu\u0308rle derinlemesine al\u0131s\u0327veris\u0327 kayg\u0131\u201ds\u0131n\u0131n, \u201cdu\u0308s\u0327u\u0308nce mesaisi\u201dnin izlerini tas\u0327\u0131r. C\u0327evirilerinde Tu\u0308rkc\u0327eye oldug\u0306u kadar c\u0327eviri yapt\u0131g\u0306\u0131 dillere de ha\u0302kimiyetini go\u0308steren Meric\u0327, kendine has u\u0308slu\u0302buyla bir yandan edebiyat ve du\u0308s\u0327u\u0308nce du\u0308nyam\u0131za katk\u0131da bulunmaya devam ederken, zaman zaman da c\u0327evirdig\u0306i eserlerle ve yazarlar\u0131yla ilgili kimi c\u0327al\u0131s\u0327malar\u0131n\u0131 da okurlarla paylas\u0327\u0131r. Tu\u0308rk Milliyetc\u0327ilig\u0306inin Temelleri: Ziya Go\u0308kalp\u2019in Hayat\u0131 ve Eserleri Tu\u0308rk ku\u0308ltu\u0308r tarihi u\u0308zerine c\u0327al\u0131s\u0327malar\u0131yla tan\u0131nan Uriel Heyd\u2019in en o\u0308nemli eserlerindendir. 1950\u2019de Londra\u2019da yay\u0131mlanan kitap Tu\u0308rk milliyetc\u0327ilig\u0306inin kuramc\u0131s\u0131 olarak Ziya Go\u0308kalp\u2019in zihniyet du\u0308nyas\u0131n\u0131n gelis\u0327imini go\u0308sterirken do\u0308neme yo\u0308n veren du\u0308s\u0327u\u0308ncelere de \u0131s\u0327\u0131k tutar<\/p>\n","protected":false},"excerpt":{"rendered":"<p>Cemil Meric\u0327\u2019in edebiyat ve edebiyat d\u0131s\u0327\u0131 alanlardaki c\u0327evirileri, onun, \u201cku\u0308ltu\u0308rle derinlemesine al\u0131s\u0327veris\u0327 kayg\u0131\u201ds\u0131n\u0131n, \u201cdu\u0308s\u0327u\u0308nce mesaisi\u201dnin izlerini tas\u0327\u0131r. C\u0327evirilerinde Tu\u0308rkc\u0327eye oldug\u0306u kadar c\u0327eviri yapt\u0131g\u0306\u0131 dillere de ha\u0302kimiyetini<span class=\"excerpt-hellip\"> [\u2026]<\/span><\/p>\n","protected":false},"featured_media":0,"template":"","meta":{"_monsterinsights_skip_tracking":false,"_monsterinsights_sitenote_active":false,"_monsterinsights_sitenote_note":"","_monsterinsights_sitenote_category":0},"product_brand":[],"product_cat":[14009,12291],"product_tag":[],"class_list":{"0":"post-751618","1":"product","2":"type-product","3":"status-publish","5":"product_cat-biyografi-otobiyografi-edebiyat","6":"product_cat-edebiyat","7":"pa_cilt-ciltsiz","8":"pa_tur-kitap","9":"pa_yayinevi-iletisim-yayinlari","10":"pa_yazar-uriel-heyd","12":"first","13":"instock","14":"sale","15":"shipping-taxable","16":"purchasable","17":"product-type-simple"},"_links":{"self":[{"href":"https:\/\/roveyayinevi.com.tr\/index.php\/wp-json\/wp\/v2\/product\/751618","targetHints":{"allow":["GET"]}}],"collection":[{"href":"https:\/\/roveyayinevi.com.tr\/index.php\/wp-json\/wp\/v2\/product"}],"about":[{"href":"https:\/\/roveyayinevi.com.tr\/index.php\/wp-json\/wp\/v2\/types\/product"}],"wp:attachment":[{"href":"https:\/\/roveyayinevi.com.tr\/index.php\/wp-json\/wp\/v2\/media?parent=751618"}],"wp:term":[{"taxonomy":"product_brand","embeddable":true,"href":"https:\/\/roveyayinevi.com.tr\/index.php\/wp-json\/wp\/v2\/product_brand?post=751618"},{"taxonomy":"product_cat","embeddable":true,"href":"https:\/\/roveyayinevi.com.tr\/index.php\/wp-json\/wp\/v2\/product_cat?post=751618"},{"taxonomy":"product_tag","embeddable":true,"href":"https:\/\/roveyayinevi.com.tr\/index.php\/wp-json\/wp\/v2\/product_tag?post=751618"}],"curies":[{"name":"wp","href":"https:\/\/api.w.org\/{rel}","templated":true}]}}