{"id":751617,"date":"2025-08-28T04:54:02","date_gmt":"2025-08-28T01:54:02","guid":{"rendered":"https:\/\/roveyayinevi.com.tr\/index.php\/urun\/depresyon-imparatorlugu\/"},"modified":"2026-04-16T03:04:50","modified_gmt":"2026-04-16T00:04:50","slug":"depresyon-imparatorlugu","status":"publish","type":"product","link":"https:\/\/roveyayinevi.com.tr\/index.php\/urun\/depresyon-imparatorlugu\/","title":{"rendered":"Depresyon \u0130mparatorlu\u011fu"},"content":{"rendered":"<p>Bug\u00fcn d\u00fcnyada 300 milyondan fazla insan depresyon te\u015fhisi alm\u0131\u015f durumda. T\u0131p \u00e7evrelerinde bir depresyonsalg\u0131n\u0131ndan bahsediliyor. Oysa tarih boyunca depresifolmak bir hastal\u0131ktan ziyade bir ruh hali olarak g\u00f6r\u00fcld\u00fc ve melankolik olmakla e\u015fanlaml\u0131 kullan\u0131ld\u0131. S\u0131k s\u0131k yarat\u0131c\u0131l\u0131\u011f\u0131n ve ayr\u0131cal\u0131kl\u0131 bir varolu\u015fun i\u015fareti olarak g\u00f6r\u00fclen bu gizemli rahats\u0131zl\u0131k,her d\u00f6nem kalabal\u0131klar\u0131n ilgisini \u00e7ekti ve tart\u0131\u015fmalar\u0131n oda\u011f\u0131nda yer ald\u0131.Jonathan Sadowsky Depresyon \u0130mparatorlu\u011fu \u2019nda ruh ile beden aras\u0131ndaki ili\u015fkiye dair kadim tart\u0131\u015fmay\u0131 ele ald\u0131ktansonra, 20. y\u00fczy\u0131lda psikiyatrinin ve farmakolojinin ak\u0131l sa\u011fl\u0131\u011f\u0131 alan\u0131nda \u00e7\u0131\u011f\u0131r a\u00e7an \u00e7al\u0131\u015fmalar\u0131, nihayet bizzat hastalar\u0131n tan\u0131kl\u0131klar\u0131 e\u015fli\u011finde depresyonun k\u00fclt\u00fcr tarihini inceliyor. \u0130nsan \u0131st\u0131rab\u0131n\u0131n zamandan ve mek\u00e2ndan ba\u011f\u0131ms\u0131z s\u00fcreklili\u011fini vurgularken farkl\u0131 k\u00fclt\u00fcrlerin s\u0131k\u0131nt\u0131 ve kederi nas\u0131l deneyimlediklerini, manevi ac\u0131y\u0131 ne t\u00fcr y\u00f6ntemlerle dindirmeye \u00e7al\u0131\u015ft\u0131klar\u0131n\u0131g\u00f6steriyor. Yazar psikolojik, toplumsal ve biyolojik temelleri olan bu karma\u015f\u0131k rahats\u0131zl\u0131\u011f\u0131n g\u00fcn\u00fcm\u00fcz\u00fcn k\u00e2r g\u00fcd\u00fcml\u00fc t\u0131p k\u00fclt\u00fcr\u00fcnde nas\u0131l kavrand\u0131\u011f\u0131n\u0131 tart\u0131\u015fmay\u0131 da ihmal etmiyor:Antidepresanlar\u0131n etkinli\u011fi, \u00e7ok tart\u0131\u015fmal\u0131 elektrokonv\u00fclsif tedavinin etik s\u0131n\u0131rlar\u0131, psikoterapinin imk\u00e2nlar\u0131 ve depresif bulgular\u0131 k\u0131lavuzla\u015ft\u0131rma \u00e7abalar\u0131&#8230; Sadowsky depresyonun ge\u00e7mi\u015fini anlamaya \u00e7al\u0131\u015f\u0131rken, gelece\u011fini daha iyi y\u00f6netebilmek i\u00e7in topluma ipu\u00e7lar\u0131 veriyor.<\/p>\n","protected":false},"excerpt":{"rendered":"<p>Bug\u00fcn d\u00fcnyada 300 milyondan fazla insan depresyon te\u015fhisi alm\u0131\u015f durumda. T\u0131p \u00e7evrelerinde bir depresyonsalg\u0131n\u0131ndan bahsediliyor. Oysa tarih boyunca depresifolmak bir hastal\u0131ktan ziyade bir ruh hali olarak<span class=\"excerpt-hellip\"> [\u2026]<\/span><\/p>\n","protected":false},"featured_media":0,"template":"","meta":{"_monsterinsights_skip_tracking":false,"_monsterinsights_sitenote_active":false,"_monsterinsights_sitenote_note":"","_monsterinsights_sitenote_category":0},"product_brand":[],"product_cat":[12358,12357],"product_tag":[],"class_list":{"0":"post-751617","1":"product","2":"type-product","3":"status-publish","5":"product_cat-genel-psikoloji","6":"product_cat-psikoloji","7":"pa_cilt-ciltsiz","8":"pa_tur-kitap","9":"pa_yayinevi-iletisim-yayinlari","10":"pa_yazar-jonathan-sadowsky","12":"first","13":"instock","14":"sale","15":"shipping-taxable","16":"purchasable","17":"product-type-simple"},"_links":{"self":[{"href":"https:\/\/roveyayinevi.com.tr\/index.php\/wp-json\/wp\/v2\/product\/751617","targetHints":{"allow":["GET"]}}],"collection":[{"href":"https:\/\/roveyayinevi.com.tr\/index.php\/wp-json\/wp\/v2\/product"}],"about":[{"href":"https:\/\/roveyayinevi.com.tr\/index.php\/wp-json\/wp\/v2\/types\/product"}],"wp:attachment":[{"href":"https:\/\/roveyayinevi.com.tr\/index.php\/wp-json\/wp\/v2\/media?parent=751617"}],"wp:term":[{"taxonomy":"product_brand","embeddable":true,"href":"https:\/\/roveyayinevi.com.tr\/index.php\/wp-json\/wp\/v2\/product_brand?post=751617"},{"taxonomy":"product_cat","embeddable":true,"href":"https:\/\/roveyayinevi.com.tr\/index.php\/wp-json\/wp\/v2\/product_cat?post=751617"},{"taxonomy":"product_tag","embeddable":true,"href":"https:\/\/roveyayinevi.com.tr\/index.php\/wp-json\/wp\/v2\/product_tag?post=751617"}],"curies":[{"name":"wp","href":"https:\/\/api.w.org\/{rel}","templated":true}]}}