{"id":751615,"date":"2025-08-28T04:53:58","date_gmt":"2025-08-28T01:53:58","guid":{"rendered":"https:\/\/roveyayinevi.com.tr\/index.php\/urun\/hekimlik-sanatlari\/"},"modified":"2026-04-16T03:04:50","modified_gmt":"2026-04-16T00:04:50","slug":"hekimlik-sanatlari","status":"publish","type":"product","link":"https:\/\/roveyayinevi.com.tr\/index.php\/urun\/hekimlik-sanatlari\/","title":{"rendered":"Hekimlik Sanatlar\u0131"},"content":{"rendered":"<p>Hastas\u0131n\u0131n cig\u0306erindeki lekenin sorumlusunun evinin duvar\u0131ndaki leke oldug\u0306unu bilen hekim, iyi hekimdir. Hekimlik hika\u0302ye biriktirme sanat\u0131d\u0131r&#8230; Hastan\u0131n hika\u0302yesini dinlemektir asl\u0131nda hekimlik. \u2018Al bu ilac\u0327lar\u0131 yut,\u2019 demek bir s\u0327ey deg\u0306il, ondan bir s\u0327ey c\u0327\u0131km\u0131yor zaten. Ben hekimlig\u0306in bo\u0308ylesini go\u0308ru\u0308r go\u0308rmez vazgec\u0327tim.\u201d Ercan Kesal, c\u0327ocuklug\u0306unda hekimlere o\u0308zenmesiyle bas\u0327lay\u0131p t\u0131p o\u0308g\u0306rencilig\u0306ine uzanan kendi hika\u0302yesi u\u0308zerinden, hekimlig\u0306in deg\u0306is\u0327ik c\u0327ehrelerine bak\u0131yor: mecburi hizmet, tas\u0327ra hekimlig\u0306i, muayenehanecilik, uzmanl\u0131k, \u201chastanecilik\u201d&#8230; Hekimlig\u0306in emek su\u0308reci, zorluklar\u0131, hazlar\u0131, muammalar\u0131 u\u0308zerine du\u0308s\u0327u\u0308nu\u0308yor. Tabii, hekimlerin toplumsal ve siyasal sorumluluklar\u0131 u\u0308zerine de&#8230; Hekimlik Sanatlar\u0131, hekimlig\u0306in gerektirdig\u0306i beceriler yan\u0131nda, onun sinemayla, sanatla ve edebiyatla kesis\u0327imlerine de eg\u0306iliyor&#8230; Ercan Kesal\u2019\u0131n kendi deneyiminden hareketle&#8230; Ve \u201cDaha c\u0327ok bilgi yerine biraz daha bilgelik,\u201d \u201cHastal\u0131k yoktur, hasta vard\u0131r,\u201d gibi o\u0308g\u0306u\u0308tlerle.<\/p>\n","protected":false},"excerpt":{"rendered":"<p>Hastas\u0131n\u0131n cig\u0306erindeki lekenin sorumlusunun evinin duvar\u0131ndaki leke oldug\u0306unu bilen hekim, iyi hekimdir. Hekimlik hika\u0302ye biriktirme sanat\u0131d\u0131r&#8230; Hastan\u0131n hika\u0302yesini dinlemektir asl\u0131nda hekimlik. \u2018Al bu ilac\u0327lar\u0131 yut,\u2019 demek<span class=\"excerpt-hellip\"> [\u2026]<\/span><\/p>\n","protected":false},"featured_media":0,"template":"","meta":{"_monsterinsights_skip_tracking":false,"_monsterinsights_sitenote_active":false,"_monsterinsights_sitenote_note":"","_monsterinsights_sitenote_category":0},"product_brand":[],"product_cat":[14009,12291],"product_tag":[],"class_list":{"0":"post-751615","1":"product","2":"type-product","3":"status-publish","5":"product_cat-biyografi-otobiyografi-edebiyat","6":"product_cat-edebiyat","7":"pa_cilt-ciltsiz","8":"pa_tur-kitap","9":"pa_yayinevi-iletisim-yayinlari","10":"pa_yazar-ercan-kesal","12":"first","13":"instock","14":"sale","15":"shipping-taxable","16":"purchasable","17":"product-type-simple"},"_links":{"self":[{"href":"https:\/\/roveyayinevi.com.tr\/index.php\/wp-json\/wp\/v2\/product\/751615","targetHints":{"allow":["GET"]}}],"collection":[{"href":"https:\/\/roveyayinevi.com.tr\/index.php\/wp-json\/wp\/v2\/product"}],"about":[{"href":"https:\/\/roveyayinevi.com.tr\/index.php\/wp-json\/wp\/v2\/types\/product"}],"wp:attachment":[{"href":"https:\/\/roveyayinevi.com.tr\/index.php\/wp-json\/wp\/v2\/media?parent=751615"}],"wp:term":[{"taxonomy":"product_brand","embeddable":true,"href":"https:\/\/roveyayinevi.com.tr\/index.php\/wp-json\/wp\/v2\/product_brand?post=751615"},{"taxonomy":"product_cat","embeddable":true,"href":"https:\/\/roveyayinevi.com.tr\/index.php\/wp-json\/wp\/v2\/product_cat?post=751615"},{"taxonomy":"product_tag","embeddable":true,"href":"https:\/\/roveyayinevi.com.tr\/index.php\/wp-json\/wp\/v2\/product_tag?post=751615"}],"curies":[{"name":"wp","href":"https:\/\/api.w.org\/{rel}","templated":true}]}}