{"id":751614,"date":"2025-08-28T04:53:56","date_gmt":"2025-08-28T01:53:56","guid":{"rendered":"https:\/\/roveyayinevi.com.tr\/index.php\/urun\/moda-nasil-okunur\/"},"modified":"2026-04-16T03:04:50","modified_gmt":"2026-04-16T00:04:50","slug":"moda-nasil-okunur","status":"publish","type":"product","link":"https:\/\/roveyayinevi.com.tr\/index.php\/urun\/moda-nasil-okunur\/","title":{"rendered":"Moda Nas\u0131l Okunur?"},"content":{"rendered":"<p>Elinizdeki bu kitap, son 200 y\u0131l\u0131n temel moda trendlerini ve bunlar\u0131n g\u00fcn\u00fcm\u00fcz stilleriyle ili\u015fkisini inceleyen pratik bir giri\u015f kitab\u0131d\u0131r. Cebinizde ta\u015f\u0131yabilece\u011finiz kadar k\u00fc\u00e7\u00fck ve derinlikli yan\u0131tlar verecek kadar ciddi olan kapsaml\u0131 bir rehberdir: \u25a0             Aksesuarlar, sa\u00e7 stilleri ve makyaj dahil olmak \u00fczere ba\u015fl\u0131ca moda trendlerini tematik olarak ara\u015ft\u0131r\u0131r. \u25a0             Ge\u00e7mi\u015f modalara yap\u0131lan g\u00f6ndermelerin \u015fifrelerini \u00e7\u00f6zer ve tekrar eden stilleri, malzemeleri ve teknikleri tan\u0131mlar. \u25a0             Rose Bertin, Christian Dior, Coco Chanel ve Yves Saint Laurent gibi \u00f6nemli tasar\u0131mc\u0131 ve markalar\u0131n kal\u0131c\u0131 cazibesini inceler. <\/p>\n","protected":false},"excerpt":{"rendered":"<p>Elinizdeki bu kitap, son 200 y\u0131l\u0131n temel moda trendlerini ve bunlar\u0131n g\u00fcn\u00fcm\u00fcz stilleriyle ili\u015fkisini inceleyen pratik bir giri\u015f kitab\u0131d\u0131r. Cebinizde ta\u015f\u0131yabilece\u011finiz kadar k\u00fc\u00e7\u00fck ve derinlikli yan\u0131tlar<span class=\"excerpt-hellip\"> [\u2026]<\/span><\/p>\n","protected":false},"featured_media":0,"template":"","meta":{"_monsterinsights_skip_tracking":false,"_monsterinsights_sitenote_active":false,"_monsterinsights_sitenote_note":"","_monsterinsights_sitenote_category":0},"product_brand":[],"product_cat":[13772,12364],"product_tag":[],"class_list":{"0":"post-751614","1":"product","2":"type-product","3":"status-publish","5":"product_cat-basvuru-kitaplari","6":"product_cat-genel-konular","7":"pa_cilt-ciltsiz","8":"pa_tur-kitap","9":"pa_yayinevi-alfa-yayinlari","10":"pa_yazar-fiona-ffoulkes","12":"first","13":"instock","14":"sale","15":"shipping-taxable","16":"purchasable","17":"product-type-simple"},"_links":{"self":[{"href":"https:\/\/roveyayinevi.com.tr\/index.php\/wp-json\/wp\/v2\/product\/751614","targetHints":{"allow":["GET"]}}],"collection":[{"href":"https:\/\/roveyayinevi.com.tr\/index.php\/wp-json\/wp\/v2\/product"}],"about":[{"href":"https:\/\/roveyayinevi.com.tr\/index.php\/wp-json\/wp\/v2\/types\/product"}],"wp:attachment":[{"href":"https:\/\/roveyayinevi.com.tr\/index.php\/wp-json\/wp\/v2\/media?parent=751614"}],"wp:term":[{"taxonomy":"product_brand","embeddable":true,"href":"https:\/\/roveyayinevi.com.tr\/index.php\/wp-json\/wp\/v2\/product_brand?post=751614"},{"taxonomy":"product_cat","embeddable":true,"href":"https:\/\/roveyayinevi.com.tr\/index.php\/wp-json\/wp\/v2\/product_cat?post=751614"},{"taxonomy":"product_tag","embeddable":true,"href":"https:\/\/roveyayinevi.com.tr\/index.php\/wp-json\/wp\/v2\/product_tag?post=751614"}],"curies":[{"name":"wp","href":"https:\/\/api.w.org\/{rel}","templated":true}]}}